{"id":6935,"date":"2025-08-05T17:28:03","date_gmt":"2025-08-05T22:28:03","guid":{"rendered":"https:\/\/www.sparta-imports.com\/equipos\/?post_type=product&#038;p=6935"},"modified":"2025-08-05T17:54:49","modified_gmt":"2025-08-05T22:54:49","slug":"licuadora-de-alimentos-waring-cb15","status":"publish","type":"product","link":"https:\/\/www.sparta-imports.com\/equipos\/producto\/licuadora-de-alimentos-waring-cb15\/","title":{"rendered":"LICUADORA DE ALIMENTOS WARING &#8211; CB15"},"content":{"rendered":"<div>\u2022 Motor comercial ultra resistente de 3,75 HP. Perfecto para cargas grandes y tiempos de licuado prolongados.<\/div>\n<div>\u2022 Selecci\u00f3n de 3 velocidades y MAX PULSE para picar y mezclar<\/div>\n<div>\u2022 Electr\u00f3nica f\u00e1cil de limpiar y de usar. teclado de membrana<\/div>\n<div>\u2022 Contenedor de acero inoxidable de 1 gal\u00f3n con dos asas para transportar y verter, y abrazaderas para la tapa por seguridad.<\/div>\n<div>\u2022 Tapa de goma f\u00e1cil de quitar con tapa transparente extra\u00edble para a\u00f1adir ingredientes y reducir la presi\u00f3n durante la mezcla de alimentos calientes<\/div>\n<div>\u2022 Hoja de acero inoxidable duradera y de alto rendimiento.<\/div>\n<div>\u2022 Sistema de acoplamiento de acero inoxidable, metal sobre metal, para durabilidad y confiabilidad<\/div>\n<div>\u2022 Carcasa de motor duradera y completamente fundida a presi\u00f3n con un dise\u00f1o resistente pies de goma para reducir la vibraci\u00f3n<\/div>\n<div>\u2022 Almohadilla para jarra de una sola pieza apta para lavavajillas, para facilitar su limpieza. limpieza<\/div>\n<div>\u2022 Recomendado para m\u00e1s de 100 bebidas o porciones por d\u00eda.<\/div>\n","protected":false},"excerpt":{"rendered":"<h4>Licuadora de Alimentos<\/h4>\n<h4>Marca: WARING<\/h4>\n<h5>Modelo:CB15<\/h5>\n<p>EL\u00c9CTRICO<\/p>\n<p>Voltaje: 120<\/p>\n<p>Frecuencia: 50\/60Hz<\/p>\n<p>Vatios: 1800<\/p>\n<p>Amperios: 15<\/p>\n<p>Tipo de enchufe: A Longitud del cable: 6,6 pies<\/p>\n<p>Capacidad: 1 gal\u00f3n<\/p>\n<p>Velocidades: 3<\/p>\n<p>Dimensiones de la caja (pulg.) : 22,0&#8243; x 14,3&#8243; x 14,8&#8243;<\/p>\n<p>Peso fuera de la caja: 32.2 lb.<\/p>\n<p><span style=\"color: #0000ff;\"><strong><a style=\"color: #0000ff;\" href=\"https:\/\/www.sparta-imports.com\/equipos\/wp-content\/uploads\/2025\/08\/35-Licuadora-Alimentos-CB15.pdf\">Ficha t\u00e9cnica Licuadora Alimentos CB15<\/a><\/strong><\/span><\/p>\n","protected":false},"featured_media":6936,"comment_status":"open","ping_status":"closed","template":"","meta":{"_coblocks_attr":"","_coblocks_dimensions":"","_coblocks_responsive_height":"","_coblocks_accordion_ie_support":""},"product_cat":[306,315],"product_tag":[],"class_list":{"0":"post-6935","1":"product","2":"type-product","3":"status-publish","4":"has-post-thumbnail","6":"product_cat-equipos-complementarios","7":"product_cat-licuadoras","8":"badges-style-2","10":"first","11":"instock","12":"shipping-taxable","13":"product-type-simple"},"yoast_head":"<!-- This site is optimized with the Yoast SEO plugin v23.8 - https:\/\/yoast.com\/wordpress\/plugins\/seo\/ -->\n<title>LICUADORA DE ALIMENTOS WARING - CB15 - Sparta Imports \/ Equipos<\/title>\n<meta name=\"robots\" content=\"index, follow, max-snippet:-1, max-image-preview:large, max-video-preview:-1\" \/>\n<link rel=\"canonical\" href=\"https:\/\/www.sparta-imports.com\/equipos\/producto\/licuadora-de-alimentos-waring-cb15\/\" \/>\n<meta property=\"og:locale\" content=\"es_ES\" \/>\n<meta property=\"og:type\" content=\"article\" \/>\n<meta property=\"og:title\" content=\"LICUADORA DE ALIMENTOS WARING - CB15 - Sparta Imports \/ Equipos\" \/>\n<meta property=\"og:description\" content=\"Licuadora de Alimentos Marca: WARING Modelo:CB15 EL\u00c9CTRICO  Voltaje: 120  Frecuencia: 50\/60Hz  Vatios: 1800  Amperios: 15  Tipo de enchufe: A Longitud del cable: 6,6 pies  Capacidad: 1 gal\u00f3n  Velocidades: 3  Dimensiones de la caja (pulg.) : 22,0&quot; x 14,3&quot; x 14,8&quot;  Peso fuera de la caja: 32.2 lb.  Ficha t\u00e9cnica Licuadora Alimentos CB15\" \/>\n<meta property=\"og:url\" content=\"https:\/\/www.sparta-imports.com\/equipos\/producto\/licuadora-de-alimentos-waring-cb15\/\" \/>\n<meta property=\"og:site_name\" content=\"Sparta Imports \/ Equipos\" \/>\n<meta property=\"article:modified_time\" content=\"2025-08-05T22:54:49+00:00\" \/>\n<meta property=\"og:image\" content=\"https:\/\/www.sparta-imports.com\/equipos\/wp-content\/uploads\/2025\/08\/LICUADORA-CB15-web-e1754434388430.jpg\" \/>\n\t<meta property=\"og:image:width\" content=\"343\" \/>\n\t<meta property=\"og:image:height\" content=\"441\" \/>\n\t<meta property=\"og:image:type\" content=\"image\/jpeg\" \/>\n<meta name=\"twitter:card\" content=\"summary_large_image\" \/>\n<meta name=\"twitter:label1\" content=\"Tiempo de lectura\" \/>\n\t<meta name=\"twitter:data1\" content=\"1 minuto\" \/>\n<script type=\"application\/ld+json\" class=\"yoast-schema-graph\">{\"@context\":\"https:\/\/schema.org\",\"@graph\":[{\"@type\":\"WebPage\",\"@id\":\"https:\/\/www.sparta-imports.com\/equipos\/producto\/licuadora-de-alimentos-waring-cb15\/\",\"url\":\"https:\/\/www.sparta-imports.com\/equipos\/producto\/licuadora-de-alimentos-waring-cb15\/\",\"name\":\"LICUADORA DE ALIMENTOS WARING - CB15 - Sparta Imports \/ Equipos\",\"isPartOf\":{\"@id\":\"https:\/\/www.sparta-imports.com\/equipos\/#website\"},\"primaryImageOfPage\":{\"@id\":\"https:\/\/www.sparta-imports.com\/equipos\/producto\/licuadora-de-alimentos-waring-cb15\/#primaryimage\"},\"image\":{\"@id\":\"https:\/\/www.sparta-imports.com\/equipos\/producto\/licuadora-de-alimentos-waring-cb15\/#primaryimage\"},\"thumbnailUrl\":\"https:\/\/www.sparta-imports.com\/equipos\/wp-content\/uploads\/2025\/08\/LICUADORA-CB15-web-e1754434388430.jpg\",\"datePublished\":\"2025-08-05T22:28:03+00:00\",\"dateModified\":\"2025-08-05T22:54:49+00:00\",\"breadcrumb\":{\"@id\":\"https:\/\/www.sparta-imports.com\/equipos\/producto\/licuadora-de-alimentos-waring-cb15\/#breadcrumb\"},\"inLanguage\":\"es\",\"potentialAction\":[{\"@type\":\"ReadAction\",\"target\":[\"https:\/\/www.sparta-imports.com\/equipos\/producto\/licuadora-de-alimentos-waring-cb15\/\"]}]},{\"@type\":\"ImageObject\",\"inLanguage\":\"es\",\"@id\":\"https:\/\/www.sparta-imports.com\/equipos\/producto\/licuadora-de-alimentos-waring-cb15\/#primaryimage\",\"url\":\"https:\/\/www.sparta-imports.com\/equipos\/wp-content\/uploads\/2025\/08\/LICUADORA-CB15-web-e1754434388430.jpg\",\"contentUrl\":\"https:\/\/www.sparta-imports.com\/equipos\/wp-content\/uploads\/2025\/08\/LICUADORA-CB15-web-e1754434388430.jpg\",\"width\":343,\"height\":441},{\"@type\":\"BreadcrumbList\",\"@id\":\"https:\/\/www.sparta-imports.com\/equipos\/producto\/licuadora-de-alimentos-waring-cb15\/#breadcrumb\",\"itemListElement\":[{\"@type\":\"ListItem\",\"position\":1,\"name\":\"Home\",\"item\":\"https:\/\/www.sparta-imports.com\/equipos\/\"},{\"@type\":\"ListItem\",\"position\":2,\"name\":\"Shop\",\"item\":\"https:\/\/www.sparta-imports.com\/equipos\/shop\/\"},{\"@type\":\"ListItem\",\"position\":3,\"name\":\"LICUADORA DE ALIMENTOS WARING &#8211; CB15\"}]},{\"@type\":\"WebSite\",\"@id\":\"https:\/\/www.sparta-imports.com\/equipos\/#website\",\"url\":\"https:\/\/www.sparta-imports.com\/equipos\/\",\"name\":\"Sparta Imports \/ Equipos\",\"description\":\"\",\"publisher\":{\"@id\":\"https:\/\/www.sparta-imports.com\/equipos\/#organization\"},\"potentialAction\":[{\"@type\":\"SearchAction\",\"target\":{\"@type\":\"EntryPoint\",\"urlTemplate\":\"https:\/\/www.sparta-imports.com\/equipos\/?s={search_term_string}\"},\"query-input\":{\"@type\":\"PropertyValueSpecification\",\"valueRequired\":true,\"valueName\":\"search_term_string\"}}],\"inLanguage\":\"es\"},{\"@type\":\"Organization\",\"@id\":\"https:\/\/www.sparta-imports.com\/equipos\/#organization\",\"name\":\"Sparta Imports \/ Equipos\",\"url\":\"https:\/\/www.sparta-imports.com\/equipos\/\",\"logo\":{\"@type\":\"ImageObject\",\"inLanguage\":\"es\",\"@id\":\"https:\/\/www.sparta-imports.com\/equipos\/#\/schema\/logo\/image\/\",\"url\":\"https:\/\/www.sparta-imports.com\/equipos\/wp-content\/uploads\/2015\/10\/cropped-Banner-Sparta-Import-Encabezado-Web-C.png\",\"contentUrl\":\"https:\/\/www.sparta-imports.com\/equipos\/wp-content\/uploads\/2015\/10\/cropped-Banner-Sparta-Import-Encabezado-Web-C.png\",\"width\":775,\"height\":272,\"caption\":\"Sparta Imports \/ Equipos\"},\"image\":{\"@id\":\"https:\/\/www.sparta-imports.com\/equipos\/#\/schema\/logo\/image\/\"}}]}<\/script>\n<!-- \/ Yoast SEO plugin. -->","yoast_head_json":{"title":"LICUADORA DE ALIMENTOS WARING - CB15 - Sparta Imports \/ Equipos","robots":{"index":"index","follow":"follow","max-snippet":"max-snippet:-1","max-image-preview":"max-image-preview:large","max-video-preview":"max-video-preview:-1"},"canonical":"https:\/\/www.sparta-imports.com\/equipos\/producto\/licuadora-de-alimentos-waring-cb15\/","og_locale":"es_ES","og_type":"article","og_title":"LICUADORA DE ALIMENTOS WARING - CB15 - Sparta Imports \/ Equipos","og_description":"Licuadora de Alimentos Marca: WARING Modelo:CB15 EL\u00c9CTRICO  Voltaje: 120  Frecuencia: 50\/60Hz  Vatios: 1800  Amperios: 15  Tipo de enchufe: A Longitud del cable: 6,6 pies  Capacidad: 1 gal\u00f3n  Velocidades: 3  Dimensiones de la caja (pulg.) : 22,0\" x 14,3\" x 14,8\"  Peso fuera de la caja: 32.2 lb.  Ficha t\u00e9cnica Licuadora Alimentos CB15","og_url":"https:\/\/www.sparta-imports.com\/equipos\/producto\/licuadora-de-alimentos-waring-cb15\/","og_site_name":"Sparta Imports \/ Equipos","article_modified_time":"2025-08-05T22:54:49+00:00","og_image":[{"width":343,"height":441,"url":"https:\/\/www.sparta-imports.com\/equipos\/wp-content\/uploads\/2025\/08\/LICUADORA-CB15-web-e1754434388430.jpg","type":"image\/jpeg"}],"twitter_card":"summary_large_image","twitter_misc":{"Tiempo de lectura":"1 minuto"},"schema":{"@context":"https:\/\/schema.org","@graph":[{"@type":"WebPage","@id":"https:\/\/www.sparta-imports.com\/equipos\/producto\/licuadora-de-alimentos-waring-cb15\/","url":"https:\/\/www.sparta-imports.com\/equipos\/producto\/licuadora-de-alimentos-waring-cb15\/","name":"LICUADORA DE ALIMENTOS WARING - CB15 - Sparta Imports \/ Equipos","isPartOf":{"@id":"https:\/\/www.sparta-imports.com\/equipos\/#website"},"primaryImageOfPage":{"@id":"https:\/\/www.sparta-imports.com\/equipos\/producto\/licuadora-de-alimentos-waring-cb15\/#primaryimage"},"image":{"@id":"https:\/\/www.sparta-imports.com\/equipos\/producto\/licuadora-de-alimentos-waring-cb15\/#primaryimage"},"thumbnailUrl":"https:\/\/www.sparta-imports.com\/equipos\/wp-content\/uploads\/2025\/08\/LICUADORA-CB15-web-e1754434388430.jpg","datePublished":"2025-08-05T22:28:03+00:00","dateModified":"2025-08-05T22:54:49+00:00","breadcrumb":{"@id":"https:\/\/www.sparta-imports.com\/equipos\/producto\/licuadora-de-alimentos-waring-cb15\/#breadcrumb"},"inLanguage":"es","potentialAction":[{"@type":"ReadAction","target":["https:\/\/www.sparta-imports.com\/equipos\/producto\/licuadora-de-alimentos-waring-cb15\/"]}]},{"@type":"ImageObject","inLanguage":"es","@id":"https:\/\/www.sparta-imports.com\/equipos\/producto\/licuadora-de-alimentos-waring-cb15\/#primaryimage","url":"https:\/\/www.sparta-imports.com\/equipos\/wp-content\/uploads\/2025\/08\/LICUADORA-CB15-web-e1754434388430.jpg","contentUrl":"https:\/\/www.sparta-imports.com\/equipos\/wp-content\/uploads\/2025\/08\/LICUADORA-CB15-web-e1754434388430.jpg","width":343,"height":441},{"@type":"BreadcrumbList","@id":"https:\/\/www.sparta-imports.com\/equipos\/producto\/licuadora-de-alimentos-waring-cb15\/#breadcrumb","itemListElement":[{"@type":"ListItem","position":1,"name":"Home","item":"https:\/\/www.sparta-imports.com\/equipos\/"},{"@type":"ListItem","position":2,"name":"Shop","item":"https:\/\/www.sparta-imports.com\/equipos\/shop\/"},{"@type":"ListItem","position":3,"name":"LICUADORA DE ALIMENTOS WARING &#8211; CB15"}]},{"@type":"WebSite","@id":"https:\/\/www.sparta-imports.com\/equipos\/#website","url":"https:\/\/www.sparta-imports.com\/equipos\/","name":"Sparta Imports \/ Equipos","description":"","publisher":{"@id":"https:\/\/www.sparta-imports.com\/equipos\/#organization"},"potentialAction":[{"@type":"SearchAction","target":{"@type":"EntryPoint","urlTemplate":"https:\/\/www.sparta-imports.com\/equipos\/?s={search_term_string}"},"query-input":{"@type":"PropertyValueSpecification","valueRequired":true,"valueName":"search_term_string"}}],"inLanguage":"es"},{"@type":"Organization","@id":"https:\/\/www.sparta-imports.com\/equipos\/#organization","name":"Sparta Imports \/ Equipos","url":"https:\/\/www.sparta-imports.com\/equipos\/","logo":{"@type":"ImageObject","inLanguage":"es","@id":"https:\/\/www.sparta-imports.com\/equipos\/#\/schema\/logo\/image\/","url":"https:\/\/www.sparta-imports.com\/equipos\/wp-content\/uploads\/2015\/10\/cropped-Banner-Sparta-Import-Encabezado-Web-C.png","contentUrl":"https:\/\/www.sparta-imports.com\/equipos\/wp-content\/uploads\/2015\/10\/cropped-Banner-Sparta-Import-Encabezado-Web-C.png","width":775,"height":272,"caption":"Sparta Imports \/ Equipos"},"image":{"@id":"https:\/\/www.sparta-imports.com\/equipos\/#\/schema\/logo\/image\/"}}]}},"_links":{"self":[{"href":"https:\/\/www.sparta-imports.com\/equipos\/wp-json\/wp\/v2\/product\/6935"}],"collection":[{"href":"https:\/\/www.sparta-imports.com\/equipos\/wp-json\/wp\/v2\/product"}],"about":[{"href":"https:\/\/www.sparta-imports.com\/equipos\/wp-json\/wp\/v2\/types\/product"}],"replies":[{"embeddable":true,"href":"https:\/\/www.sparta-imports.com\/equipos\/wp-json\/wp\/v2\/comments?post=6935"}],"wp:featuredmedia":[{"embeddable":true,"href":"https:\/\/www.sparta-imports.com\/equipos\/wp-json\/wp\/v2\/media\/6936"}],"wp:attachment":[{"href":"https:\/\/www.sparta-imports.com\/equipos\/wp-json\/wp\/v2\/media?parent=6935"}],"wp:term":[{"taxonomy":"product_cat","embeddable":true,"href":"https:\/\/www.sparta-imports.com\/equipos\/wp-json\/wp\/v2\/product_cat?post=6935"},{"taxonomy":"product_tag","embeddable":true,"href":"https:\/\/www.sparta-imports.com\/equipos\/wp-json\/wp\/v2\/product_tag?post=6935"}],"curies":[{"name":"wp","href":"https:\/\/api.w.org\/{rel}","templated":true}]}}