{"id":6918,"date":"2025-07-19T12:30:58","date_gmt":"2025-07-19T17:30:58","guid":{"rendered":"https:\/\/www.sparta-imports.com\/equipos\/?post_type=product&#038;p=6918"},"modified":"2025-08-05T17:35:48","modified_gmt":"2025-08-05T22:35:48","slug":"horno-combinado-electrico-vapor-directo-10-x-gn1-1-10-x-600-x-400-mm-bandejas-icon101","status":"publish","type":"product","link":"https:\/\/www.sparta-imports.com\/equipos\/producto\/horno-combinado-electrico-vapor-directo-10-x-gn1-1-10-x-600-x-400-mm-bandejas-icon101\/","title":{"rendered":"HORNO COMBINADO ELECTRICO VAPOR DIRECTO, 10 X GN1\/1 \u2013 10 X 600 X 400 MM BANDEJAS &#8211; ICON101"},"content":{"rendered":"<p><strong>MODALIDAD DE COCCI\u00d3N<\/strong><\/p>\n<ul>\n<li>Autom\u00e1tico con 95 programas de cocci\u00f3n probados y guardados, incluidos los programas para la recuperaci\u00f3n de la temperatura en bandeja o en el plato.<\/li>\n<li>Programable con posibilidad de guardar 99 programas de cocci\u00f3n en secuencia autom\u00e1tica (hasta 9 ciclos) asignando el nombre y el icono correspondiente.<\/li>\n<li>Cocci\u00f3n manual con tres modalidades de cocci\u00f3n de activaci\u00f3n inmediata: convecci\u00f3n de 30\u00b0c a 260\u00b0c, vapor de 30\u00b0c a 130\u00b0c, combinado convecci\u00f3n + vapor de 30\u00b0c a 260\u00b0c.<\/li>\n<li>Clima\u00ae \u2013 sistema autom\u00e1tico de medici\u00f3n y control del porcentaje de humedad en la c\u00e1mara de cocci\u00f3n.<\/li>\n<li>Selecci\u00f3n r\u00e1pida de los programas favoritos scroll &amp; push, con scroller dedicado.<\/li>\n<\/ul>\n<p><strong>FUNCIONAMIENTO<\/strong><\/p>\n<ul>\n<li>Pantallas alfanum\u00e9ricas de led de alta visibilidad hvs (high visibility system) para visualizaci\u00f3n de valores de temperatura, clima, tiempo y temperatura en el coraz\u00f3n.<\/li>\n<li>Pantalla de color de 2,4 pulgadas (lcd \u2013 tft) para la visualizaci\u00f3n de programas favoritas, programas predefinidos, ventilaci\u00f3n, lavado autom\u00e1tico, men\u00fa, ajustes.<\/li>\n<li>Mandos scroller con funci\u00f3n de scroll y de push para confirmar las elecciones.<\/li>\n<li>Precalentamiento manual.<\/li>\n<\/ul>\n","protected":false},"excerpt":{"rendered":"<h4><strong>HORNO COMBINADO ELECTRICO VAPOR DIRECTO<\/strong><\/h4>\n<h4><strong>Modelo: ICON101<\/strong><\/h4>\n<div>\n<p><strong>Medidas:<\/strong>\u00a0777 x 729 x 1152 mm. (largo, ancho, alto)<\/p>\n<p><strong>Capacidad:<\/strong><\/p>\n<p>10 bandejas GN 1\/1 (530 x 325 mm.)<\/p>\n<p>10 bandejas 600 x 400 mm.<\/p>\n<p>Distancia entre gu\u00edas: 70 mm.<\/p>\n<p><strong>N\u00famero de plazas:<\/strong>\u00a080\/150<\/p>\n<p><strong>N\u00famero de Croissant:<\/strong>\u00a0120\/160<\/p>\n<p><strong>Potencia El\u00e9ctrica<\/strong><\/p>\n<p>14.5 KW.<\/p>\n<p><strong>Caracter\u00edsticas El\u00e9ctricas:<\/strong><\/p>\n<p>230V, 60 HZ, trif\u00e1sica m\u00e1s l\u00ednea a tierra.<\/p>\n<\/div>\n<p><span style=\"color: #0000ff;\"><strong><a style=\"color: #0000ff;\" href=\"https:\/\/www.sparta-imports.com\/equipos\/wp-content\/uploads\/2025\/07\/41-Brochure-LAINOX-ICON-101.pdf\">Ficha t\u00e9cnica LAINOX ICON 101<\/a><\/strong><\/span><\/p>\n","protected":false},"featured_media":6919,"comment_status":"open","ping_status":"closed","template":"","meta":{"_coblocks_attr":"","_coblocks_dimensions":"","_coblocks_responsive_height":"","_coblocks_accordion_ie_support":""},"product_cat":[167,169],"product_tag":[],"class_list":{"0":"post-6918","1":"product","2":"type-product","3":"status-publish","4":"has-post-thumbnail","6":"product_cat-hornos","7":"product_cat-lainox","8":"badges-style-2","10":"first","11":"instock","12":"shipping-taxable","13":"product-type-simple"},"yoast_head":"<!-- This site is optimized with the Yoast SEO plugin v23.8 - https:\/\/yoast.com\/wordpress\/plugins\/seo\/ -->\n<title>HORNO COMBINADO ELECTRICO VAPOR DIRECTO, 10 X GN1\/1 \u2013 10 X 600 X 400 MM BANDEJAS - ICON101 - Sparta Imports \/ Equipos<\/title>\n<meta name=\"robots\" content=\"index, follow, max-snippet:-1, max-image-preview:large, max-video-preview:-1\" \/>\n<link rel=\"canonical\" href=\"https:\/\/www.sparta-imports.com\/equipos\/producto\/horno-combinado-electrico-vapor-directo-10-x-gn1-1-10-x-600-x-400-mm-bandejas-icon101\/\" \/>\n<meta property=\"og:locale\" content=\"es_ES\" \/>\n<meta property=\"og:type\" content=\"article\" \/>\n<meta property=\"og:title\" content=\"HORNO COMBINADO ELECTRICO VAPOR DIRECTO, 10 X GN1\/1 \u2013 10 X 600 X 400 MM BANDEJAS - ICON101 - Sparta Imports \/ Equipos\" \/>\n<meta property=\"og:description\" content=\"HORNO COMBINADO ELECTRICO VAPOR DIRECTO Modelo: ICON101   Medidas:\u00a0777 x 729 x 1152 mm. (largo, ancho, alto)  Capacidad:  10 bandejas GN 1\/1 (530 x 325 mm.)  10 bandejas 600 x 400 mm.  Distancia entre gu\u00edas: 70 mm.  N\u00famero de plazas:\u00a080\/150  N\u00famero de Croissant:\u00a0120\/160  Potencia El\u00e9ctrica  14.5 KW.  Caracter\u00edsticas El\u00e9ctricas:  230V, 60 HZ, trif\u00e1sica m\u00e1s l\u00ednea a tierra.   Ficha t\u00e9cnica LAINOX ICON 101\" \/>\n<meta property=\"og:url\" content=\"https:\/\/www.sparta-imports.com\/equipos\/producto\/horno-combinado-electrico-vapor-directo-10-x-gn1-1-10-x-600-x-400-mm-bandejas-icon101\/\" \/>\n<meta property=\"og:site_name\" content=\"Sparta Imports \/ Equipos\" \/>\n<meta property=\"article:modified_time\" content=\"2025-08-05T22:35:48+00:00\" \/>\n<meta property=\"og:image\" content=\"https:\/\/www.sparta-imports.com\/equipos\/wp-content\/uploads\/2025\/07\/HORNO-ICON-101-web.jpg\" \/>\n\t<meta property=\"og:image:width\" content=\"383\" \/>\n\t<meta property=\"og:image:height\" content=\"492\" \/>\n\t<meta property=\"og:image:type\" content=\"image\/jpeg\" \/>\n<meta name=\"twitter:card\" content=\"summary_large_image\" \/>\n<meta name=\"twitter:label1\" content=\"Tiempo de lectura\" \/>\n\t<meta name=\"twitter:data1\" content=\"1 minuto\" \/>\n<script type=\"application\/ld+json\" class=\"yoast-schema-graph\">{\"@context\":\"https:\/\/schema.org\",\"@graph\":[{\"@type\":\"WebPage\",\"@id\":\"https:\/\/www.sparta-imports.com\/equipos\/producto\/horno-combinado-electrico-vapor-directo-10-x-gn1-1-10-x-600-x-400-mm-bandejas-icon101\/\",\"url\":\"https:\/\/www.sparta-imports.com\/equipos\/producto\/horno-combinado-electrico-vapor-directo-10-x-gn1-1-10-x-600-x-400-mm-bandejas-icon101\/\",\"name\":\"HORNO COMBINADO ELECTRICO VAPOR DIRECTO, 10 X GN1\/1 \u2013 10 X 600 X 400 MM BANDEJAS - ICON101 - Sparta Imports \/ Equipos\",\"isPartOf\":{\"@id\":\"https:\/\/www.sparta-imports.com\/equipos\/#website\"},\"primaryImageOfPage\":{\"@id\":\"https:\/\/www.sparta-imports.com\/equipos\/producto\/horno-combinado-electrico-vapor-directo-10-x-gn1-1-10-x-600-x-400-mm-bandejas-icon101\/#primaryimage\"},\"image\":{\"@id\":\"https:\/\/www.sparta-imports.com\/equipos\/producto\/horno-combinado-electrico-vapor-directo-10-x-gn1-1-10-x-600-x-400-mm-bandejas-icon101\/#primaryimage\"},\"thumbnailUrl\":\"https:\/\/www.sparta-imports.com\/equipos\/wp-content\/uploads\/2025\/07\/HORNO-ICON-101-web.jpg\",\"datePublished\":\"2025-07-19T17:30:58+00:00\",\"dateModified\":\"2025-08-05T22:35:48+00:00\",\"breadcrumb\":{\"@id\":\"https:\/\/www.sparta-imports.com\/equipos\/producto\/horno-combinado-electrico-vapor-directo-10-x-gn1-1-10-x-600-x-400-mm-bandejas-icon101\/#breadcrumb\"},\"inLanguage\":\"es\",\"potentialAction\":[{\"@type\":\"ReadAction\",\"target\":[\"https:\/\/www.sparta-imports.com\/equipos\/producto\/horno-combinado-electrico-vapor-directo-10-x-gn1-1-10-x-600-x-400-mm-bandejas-icon101\/\"]}]},{\"@type\":\"ImageObject\",\"inLanguage\":\"es\",\"@id\":\"https:\/\/www.sparta-imports.com\/equipos\/producto\/horno-combinado-electrico-vapor-directo-10-x-gn1-1-10-x-600-x-400-mm-bandejas-icon101\/#primaryimage\",\"url\":\"https:\/\/www.sparta-imports.com\/equipos\/wp-content\/uploads\/2025\/07\/HORNO-ICON-101-web.jpg\",\"contentUrl\":\"https:\/\/www.sparta-imports.com\/equipos\/wp-content\/uploads\/2025\/07\/HORNO-ICON-101-web.jpg\",\"width\":383,\"height\":492},{\"@type\":\"BreadcrumbList\",\"@id\":\"https:\/\/www.sparta-imports.com\/equipos\/producto\/horno-combinado-electrico-vapor-directo-10-x-gn1-1-10-x-600-x-400-mm-bandejas-icon101\/#breadcrumb\",\"itemListElement\":[{\"@type\":\"ListItem\",\"position\":1,\"name\":\"Home\",\"item\":\"https:\/\/www.sparta-imports.com\/equipos\/\"},{\"@type\":\"ListItem\",\"position\":2,\"name\":\"Shop\",\"item\":\"https:\/\/www.sparta-imports.com\/equipos\/shop\/\"},{\"@type\":\"ListItem\",\"position\":3,\"name\":\"HORNO COMBINADO ELECTRICO VAPOR DIRECTO, 10 X GN1\/1 \u2013 10 X 600 X 400 MM BANDEJAS &#8211; ICON101\"}]},{\"@type\":\"WebSite\",\"@id\":\"https:\/\/www.sparta-imports.com\/equipos\/#website\",\"url\":\"https:\/\/www.sparta-imports.com\/equipos\/\",\"name\":\"Sparta Imports \/ Equipos\",\"description\":\"\",\"publisher\":{\"@id\":\"https:\/\/www.sparta-imports.com\/equipos\/#organization\"},\"potentialAction\":[{\"@type\":\"SearchAction\",\"target\":{\"@type\":\"EntryPoint\",\"urlTemplate\":\"https:\/\/www.sparta-imports.com\/equipos\/?s={search_term_string}\"},\"query-input\":{\"@type\":\"PropertyValueSpecification\",\"valueRequired\":true,\"valueName\":\"search_term_string\"}}],\"inLanguage\":\"es\"},{\"@type\":\"Organization\",\"@id\":\"https:\/\/www.sparta-imports.com\/equipos\/#organization\",\"name\":\"Sparta Imports \/ Equipos\",\"url\":\"https:\/\/www.sparta-imports.com\/equipos\/\",\"logo\":{\"@type\":\"ImageObject\",\"inLanguage\":\"es\",\"@id\":\"https:\/\/www.sparta-imports.com\/equipos\/#\/schema\/logo\/image\/\",\"url\":\"https:\/\/www.sparta-imports.com\/equipos\/wp-content\/uploads\/2015\/10\/cropped-Banner-Sparta-Import-Encabezado-Web-C.png\",\"contentUrl\":\"https:\/\/www.sparta-imports.com\/equipos\/wp-content\/uploads\/2015\/10\/cropped-Banner-Sparta-Import-Encabezado-Web-C.png\",\"width\":775,\"height\":272,\"caption\":\"Sparta Imports \/ Equipos\"},\"image\":{\"@id\":\"https:\/\/www.sparta-imports.com\/equipos\/#\/schema\/logo\/image\/\"}}]}<\/script>\n<!-- \/ Yoast SEO plugin. -->","yoast_head_json":{"title":"HORNO COMBINADO ELECTRICO VAPOR DIRECTO, 10 X GN1\/1 \u2013 10 X 600 X 400 MM BANDEJAS - ICON101 - Sparta Imports \/ Equipos","robots":{"index":"index","follow":"follow","max-snippet":"max-snippet:-1","max-image-preview":"max-image-preview:large","max-video-preview":"max-video-preview:-1"},"canonical":"https:\/\/www.sparta-imports.com\/equipos\/producto\/horno-combinado-electrico-vapor-directo-10-x-gn1-1-10-x-600-x-400-mm-bandejas-icon101\/","og_locale":"es_ES","og_type":"article","og_title":"HORNO COMBINADO ELECTRICO VAPOR DIRECTO, 10 X GN1\/1 \u2013 10 X 600 X 400 MM BANDEJAS - ICON101 - Sparta Imports \/ Equipos","og_description":"HORNO COMBINADO ELECTRICO VAPOR DIRECTO Modelo: ICON101   Medidas:\u00a0777 x 729 x 1152 mm. (largo, ancho, alto)  Capacidad:  10 bandejas GN 1\/1 (530 x 325 mm.)  10 bandejas 600 x 400 mm.  Distancia entre gu\u00edas: 70 mm.  N\u00famero de plazas:\u00a080\/150  N\u00famero de Croissant:\u00a0120\/160  Potencia El\u00e9ctrica  14.5 KW.  Caracter\u00edsticas El\u00e9ctricas:  230V, 60 HZ, trif\u00e1sica m\u00e1s l\u00ednea a tierra.   Ficha t\u00e9cnica LAINOX ICON 101","og_url":"https:\/\/www.sparta-imports.com\/equipos\/producto\/horno-combinado-electrico-vapor-directo-10-x-gn1-1-10-x-600-x-400-mm-bandejas-icon101\/","og_site_name":"Sparta Imports \/ Equipos","article_modified_time":"2025-08-05T22:35:48+00:00","og_image":[{"width":383,"height":492,"url":"https:\/\/www.sparta-imports.com\/equipos\/wp-content\/uploads\/2025\/07\/HORNO-ICON-101-web.jpg","type":"image\/jpeg"}],"twitter_card":"summary_large_image","twitter_misc":{"Tiempo de lectura":"1 minuto"},"schema":{"@context":"https:\/\/schema.org","@graph":[{"@type":"WebPage","@id":"https:\/\/www.sparta-imports.com\/equipos\/producto\/horno-combinado-electrico-vapor-directo-10-x-gn1-1-10-x-600-x-400-mm-bandejas-icon101\/","url":"https:\/\/www.sparta-imports.com\/equipos\/producto\/horno-combinado-electrico-vapor-directo-10-x-gn1-1-10-x-600-x-400-mm-bandejas-icon101\/","name":"HORNO COMBINADO ELECTRICO VAPOR DIRECTO, 10 X GN1\/1 \u2013 10 X 600 X 400 MM BANDEJAS - ICON101 - Sparta Imports \/ Equipos","isPartOf":{"@id":"https:\/\/www.sparta-imports.com\/equipos\/#website"},"primaryImageOfPage":{"@id":"https:\/\/www.sparta-imports.com\/equipos\/producto\/horno-combinado-electrico-vapor-directo-10-x-gn1-1-10-x-600-x-400-mm-bandejas-icon101\/#primaryimage"},"image":{"@id":"https:\/\/www.sparta-imports.com\/equipos\/producto\/horno-combinado-electrico-vapor-directo-10-x-gn1-1-10-x-600-x-400-mm-bandejas-icon101\/#primaryimage"},"thumbnailUrl":"https:\/\/www.sparta-imports.com\/equipos\/wp-content\/uploads\/2025\/07\/HORNO-ICON-101-web.jpg","datePublished":"2025-07-19T17:30:58+00:00","dateModified":"2025-08-05T22:35:48+00:00","breadcrumb":{"@id":"https:\/\/www.sparta-imports.com\/equipos\/producto\/horno-combinado-electrico-vapor-directo-10-x-gn1-1-10-x-600-x-400-mm-bandejas-icon101\/#breadcrumb"},"inLanguage":"es","potentialAction":[{"@type":"ReadAction","target":["https:\/\/www.sparta-imports.com\/equipos\/producto\/horno-combinado-electrico-vapor-directo-10-x-gn1-1-10-x-600-x-400-mm-bandejas-icon101\/"]}]},{"@type":"ImageObject","inLanguage":"es","@id":"https:\/\/www.sparta-imports.com\/equipos\/producto\/horno-combinado-electrico-vapor-directo-10-x-gn1-1-10-x-600-x-400-mm-bandejas-icon101\/#primaryimage","url":"https:\/\/www.sparta-imports.com\/equipos\/wp-content\/uploads\/2025\/07\/HORNO-ICON-101-web.jpg","contentUrl":"https:\/\/www.sparta-imports.com\/equipos\/wp-content\/uploads\/2025\/07\/HORNO-ICON-101-web.jpg","width":383,"height":492},{"@type":"BreadcrumbList","@id":"https:\/\/www.sparta-imports.com\/equipos\/producto\/horno-combinado-electrico-vapor-directo-10-x-gn1-1-10-x-600-x-400-mm-bandejas-icon101\/#breadcrumb","itemListElement":[{"@type":"ListItem","position":1,"name":"Home","item":"https:\/\/www.sparta-imports.com\/equipos\/"},{"@type":"ListItem","position":2,"name":"Shop","item":"https:\/\/www.sparta-imports.com\/equipos\/shop\/"},{"@type":"ListItem","position":3,"name":"HORNO COMBINADO ELECTRICO VAPOR DIRECTO, 10 X GN1\/1 \u2013 10 X 600 X 400 MM BANDEJAS &#8211; ICON101"}]},{"@type":"WebSite","@id":"https:\/\/www.sparta-imports.com\/equipos\/#website","url":"https:\/\/www.sparta-imports.com\/equipos\/","name":"Sparta Imports \/ Equipos","description":"","publisher":{"@id":"https:\/\/www.sparta-imports.com\/equipos\/#organization"},"potentialAction":[{"@type":"SearchAction","target":{"@type":"EntryPoint","urlTemplate":"https:\/\/www.sparta-imports.com\/equipos\/?s={search_term_string}"},"query-input":{"@type":"PropertyValueSpecification","valueRequired":true,"valueName":"search_term_string"}}],"inLanguage":"es"},{"@type":"Organization","@id":"https:\/\/www.sparta-imports.com\/equipos\/#organization","name":"Sparta Imports \/ Equipos","url":"https:\/\/www.sparta-imports.com\/equipos\/","logo":{"@type":"ImageObject","inLanguage":"es","@id":"https:\/\/www.sparta-imports.com\/equipos\/#\/schema\/logo\/image\/","url":"https:\/\/www.sparta-imports.com\/equipos\/wp-content\/uploads\/2015\/10\/cropped-Banner-Sparta-Import-Encabezado-Web-C.png","contentUrl":"https:\/\/www.sparta-imports.com\/equipos\/wp-content\/uploads\/2015\/10\/cropped-Banner-Sparta-Import-Encabezado-Web-C.png","width":775,"height":272,"caption":"Sparta Imports \/ Equipos"},"image":{"@id":"https:\/\/www.sparta-imports.com\/equipos\/#\/schema\/logo\/image\/"}}]}},"_links":{"self":[{"href":"https:\/\/www.sparta-imports.com\/equipos\/wp-json\/wp\/v2\/product\/6918"}],"collection":[{"href":"https:\/\/www.sparta-imports.com\/equipos\/wp-json\/wp\/v2\/product"}],"about":[{"href":"https:\/\/www.sparta-imports.com\/equipos\/wp-json\/wp\/v2\/types\/product"}],"replies":[{"embeddable":true,"href":"https:\/\/www.sparta-imports.com\/equipos\/wp-json\/wp\/v2\/comments?post=6918"}],"wp:featuredmedia":[{"embeddable":true,"href":"https:\/\/www.sparta-imports.com\/equipos\/wp-json\/wp\/v2\/media\/6919"}],"wp:attachment":[{"href":"https:\/\/www.sparta-imports.com\/equipos\/wp-json\/wp\/v2\/media?parent=6918"}],"wp:term":[{"taxonomy":"product_cat","embeddable":true,"href":"https:\/\/www.sparta-imports.com\/equipos\/wp-json\/wp\/v2\/product_cat?post=6918"},{"taxonomy":"product_tag","embeddable":true,"href":"https:\/\/www.sparta-imports.com\/equipos\/wp-json\/wp\/v2\/product_tag?post=6918"}],"curies":[{"name":"wp","href":"https:\/\/api.w.org\/{rel}","templated":true}]}}