{"id":6858,"date":"2025-07-14T16:35:07","date_gmt":"2025-07-14T21:35:07","guid":{"rendered":"https:\/\/www.sparta-imports.com\/equipos\/?post_type=product&#038;p=6858"},"modified":"2025-07-19T08:54:20","modified_gmt":"2025-07-19T13:54:20","slug":"horno-de-conveccion-lainox-foody-foen051","status":"publish","type":"product","link":"https:\/\/www.sparta-imports.com\/equipos\/producto\/horno-de-conveccion-lainox-foody-foen051\/","title":{"rendered":"Horno de convecci\u00f3n Lainox El\u00e9ctrico FOODY FOEN051"},"content":{"rendered":"<p class=\"p1\">Capacidad: 5x GN 1\/1 o 5x 600&#215;400 mm<\/p>\n<p>El modelo est\u00e1 equipado con una pantalla LCD capacitiva a color de alta resoluci\u00f3n de 7&#8243; con selecci\u00f3n t\u00e1ctil de funciones, un ventilador de dos velocidades con inversi\u00f3n autom\u00e1tica de marcha y una puerta de doble cristal templado con ventilaci\u00f3n, un espacio de aire y un cristal at\u00e9rmico interno con revestimiento termorreflectante. La c\u00e1mara de trabajo es de acero inoxidable AISI 304 estampado, mientras que el cuerpo y los calentadores el\u00e9ctricos son de acero inoxidable.<\/p>\n<h3>\u00c1reas de aplicaci\u00f3n:<\/h3>\n<p>Horneado de productos de confiter\u00eda y panader\u00eda<\/p>\n<p>Cocinar varios platos<\/p>\n<h3>Caracter\u00edsticas adicionales:<\/h3>\n<ul>\n<li>Dimensiones de la c\u00e1mara: 645x455x420 mm<\/li>\n<li>Conexi\u00f3n de agua fr\u00eda y descalcificada: 3\/4<\/li>\n<li>Temperatura m\u00e1xima del agua conectada:\n<ul>\n<li>Fr\u00edo: 30\u00b0C<\/li>\n<li>Suavizado: 50\u00b0C<\/li>\n<\/ul>\n<\/li>\n<li>Presi\u00f3n del agua: de 2 a 5 bar<\/li>\n<li>Est\u00e1ndar Wi-Fi: IEEE 802.11g (2,4 GHz)<\/li>\n<li>Rendimiento m\u00e1ximo por nivel: 15 kg<\/li>\n<\/ul>\n","protected":false},"excerpt":{"rendered":"<h4>Horno Lainox FOEN051<\/h4>\n<p>El modelo est\u00e1 equipado con una pantalla LCD capacitiva a color de alta resoluci\u00f3n de 7&#8243; con selecci\u00f3n t\u00e1ctil de funciones, un ventilador de dos velocidades con inversi\u00f3n autom\u00e1tica de marcha y una puerta de doble cristal templado con ventilaci\u00f3n, un espacio de aire y un cristal at\u00e9rmico interno con revestimiento termorreflectante. La c\u00e1mara de trabajo es de acero inoxidable AISI 304 estampado, mientras que el cuerpo y los calentadores el\u00e9ctricos son de acero inoxidable.<\/p>\n<h5><span style=\"color: #0000ff;\"><a style=\"color: #0000ff;\" href=\"https:\/\/www.sparta-imports.com\/equipos\/wp-content\/uploads\/2025\/07\/27-LAINOX-FOEN051UA.pdf\">Ficha LAINOX FOEN051UA<\/a><\/span><\/h5>\n","protected":false},"featured_media":6859,"comment_status":"open","ping_status":"closed","template":"","meta":{"_coblocks_attr":"","_coblocks_dimensions":"","_coblocks_responsive_height":"","_coblocks_accordion_ie_support":""},"product_cat":[167,169],"product_tag":[],"class_list":{"0":"post-6858","1":"product","2":"type-product","3":"status-publish","4":"has-post-thumbnail","6":"product_cat-hornos","7":"product_cat-lainox","8":"badges-style-2","10":"first","11":"instock","12":"shipping-taxable","13":"product-type-simple"},"yoast_head":"<!-- This site is optimized with the Yoast SEO plugin v23.8 - https:\/\/yoast.com\/wordpress\/plugins\/seo\/ -->\n<title>Horno de convecci\u00f3n Lainox El\u00e9ctrico FOODY FOEN051 - Sparta Imports \/ Equipos<\/title>\n<meta name=\"robots\" content=\"index, follow, max-snippet:-1, max-image-preview:large, max-video-preview:-1\" \/>\n<link rel=\"canonical\" href=\"https:\/\/www.sparta-imports.com\/equipos\/producto\/horno-de-conveccion-lainox-foody-foen051\/\" \/>\n<meta property=\"og:locale\" content=\"es_ES\" \/>\n<meta property=\"og:type\" content=\"article\" \/>\n<meta property=\"og:title\" content=\"Horno de convecci\u00f3n Lainox El\u00e9ctrico FOODY FOEN051 - Sparta Imports \/ Equipos\" \/>\n<meta property=\"og:description\" content=\"Horno Lainox FOEN051 El modelo est\u00e1 equipado con una pantalla LCD capacitiva a color de alta resoluci\u00f3n de 7&quot; con selecci\u00f3n t\u00e1ctil de funciones, un ventilador de dos velocidades con inversi\u00f3n autom\u00e1tica de marcha y una puerta de doble cristal templado con ventilaci\u00f3n, un espacio de aire y un cristal at\u00e9rmico interno con revestimiento termorreflectante. La c\u00e1mara de trabajo es de acero inoxidable AISI 304 estampado, mientras que el cuerpo y los calentadores el\u00e9ctricos son de acero inoxidable. Ficha LAINOX FOEN051UA\" \/>\n<meta property=\"og:url\" content=\"https:\/\/www.sparta-imports.com\/equipos\/producto\/horno-de-conveccion-lainox-foody-foen051\/\" \/>\n<meta property=\"og:site_name\" content=\"Sparta Imports \/ Equipos\" \/>\n<meta property=\"article:modified_time\" content=\"2025-07-19T13:54:20+00:00\" \/>\n<meta property=\"og:image\" content=\"https:\/\/www.sparta-imports.com\/equipos\/wp-content\/uploads\/2025\/07\/FOEN051UA-web.jpg\" \/>\n\t<meta property=\"og:image:width\" content=\"383\" \/>\n\t<meta property=\"og:image:height\" content=\"492\" \/>\n\t<meta property=\"og:image:type\" content=\"image\/jpeg\" \/>\n<meta name=\"twitter:card\" content=\"summary_large_image\" \/>\n<meta name=\"twitter:label1\" content=\"Tiempo de lectura\" \/>\n\t<meta name=\"twitter:data1\" content=\"1 minuto\" \/>\n<script type=\"application\/ld+json\" class=\"yoast-schema-graph\">{\"@context\":\"https:\/\/schema.org\",\"@graph\":[{\"@type\":\"WebPage\",\"@id\":\"https:\/\/www.sparta-imports.com\/equipos\/producto\/horno-de-conveccion-lainox-foody-foen051\/\",\"url\":\"https:\/\/www.sparta-imports.com\/equipos\/producto\/horno-de-conveccion-lainox-foody-foen051\/\",\"name\":\"Horno de convecci\u00f3n Lainox El\u00e9ctrico FOODY FOEN051 - Sparta Imports \/ Equipos\",\"isPartOf\":{\"@id\":\"https:\/\/www.sparta-imports.com\/equipos\/#website\"},\"primaryImageOfPage\":{\"@id\":\"https:\/\/www.sparta-imports.com\/equipos\/producto\/horno-de-conveccion-lainox-foody-foen051\/#primaryimage\"},\"image\":{\"@id\":\"https:\/\/www.sparta-imports.com\/equipos\/producto\/horno-de-conveccion-lainox-foody-foen051\/#primaryimage\"},\"thumbnailUrl\":\"https:\/\/www.sparta-imports.com\/equipos\/wp-content\/uploads\/2025\/07\/FOEN051UA-web.jpg\",\"datePublished\":\"2025-07-14T21:35:07+00:00\",\"dateModified\":\"2025-07-19T13:54:20+00:00\",\"breadcrumb\":{\"@id\":\"https:\/\/www.sparta-imports.com\/equipos\/producto\/horno-de-conveccion-lainox-foody-foen051\/#breadcrumb\"},\"inLanguage\":\"es\",\"potentialAction\":[{\"@type\":\"ReadAction\",\"target\":[\"https:\/\/www.sparta-imports.com\/equipos\/producto\/horno-de-conveccion-lainox-foody-foen051\/\"]}]},{\"@type\":\"ImageObject\",\"inLanguage\":\"es\",\"@id\":\"https:\/\/www.sparta-imports.com\/equipos\/producto\/horno-de-conveccion-lainox-foody-foen051\/#primaryimage\",\"url\":\"https:\/\/www.sparta-imports.com\/equipos\/wp-content\/uploads\/2025\/07\/FOEN051UA-web.jpg\",\"contentUrl\":\"https:\/\/www.sparta-imports.com\/equipos\/wp-content\/uploads\/2025\/07\/FOEN051UA-web.jpg\",\"width\":383,\"height\":492},{\"@type\":\"BreadcrumbList\",\"@id\":\"https:\/\/www.sparta-imports.com\/equipos\/producto\/horno-de-conveccion-lainox-foody-foen051\/#breadcrumb\",\"itemListElement\":[{\"@type\":\"ListItem\",\"position\":1,\"name\":\"Home\",\"item\":\"https:\/\/www.sparta-imports.com\/equipos\/\"},{\"@type\":\"ListItem\",\"position\":2,\"name\":\"Shop\",\"item\":\"https:\/\/www.sparta-imports.com\/equipos\/shop\/\"},{\"@type\":\"ListItem\",\"position\":3,\"name\":\"Horno de convecci\u00f3n Lainox El\u00e9ctrico FOODY FOEN051\"}]},{\"@type\":\"WebSite\",\"@id\":\"https:\/\/www.sparta-imports.com\/equipos\/#website\",\"url\":\"https:\/\/www.sparta-imports.com\/equipos\/\",\"name\":\"Sparta Imports \/ Equipos\",\"description\":\"\",\"publisher\":{\"@id\":\"https:\/\/www.sparta-imports.com\/equipos\/#organization\"},\"potentialAction\":[{\"@type\":\"SearchAction\",\"target\":{\"@type\":\"EntryPoint\",\"urlTemplate\":\"https:\/\/www.sparta-imports.com\/equipos\/?s={search_term_string}\"},\"query-input\":{\"@type\":\"PropertyValueSpecification\",\"valueRequired\":true,\"valueName\":\"search_term_string\"}}],\"inLanguage\":\"es\"},{\"@type\":\"Organization\",\"@id\":\"https:\/\/www.sparta-imports.com\/equipos\/#organization\",\"name\":\"Sparta Imports \/ Equipos\",\"url\":\"https:\/\/www.sparta-imports.com\/equipos\/\",\"logo\":{\"@type\":\"ImageObject\",\"inLanguage\":\"es\",\"@id\":\"https:\/\/www.sparta-imports.com\/equipos\/#\/schema\/logo\/image\/\",\"url\":\"https:\/\/www.sparta-imports.com\/equipos\/wp-content\/uploads\/2015\/10\/cropped-Banner-Sparta-Import-Encabezado-Web-C.png\",\"contentUrl\":\"https:\/\/www.sparta-imports.com\/equipos\/wp-content\/uploads\/2015\/10\/cropped-Banner-Sparta-Import-Encabezado-Web-C.png\",\"width\":775,\"height\":272,\"caption\":\"Sparta Imports \/ Equipos\"},\"image\":{\"@id\":\"https:\/\/www.sparta-imports.com\/equipos\/#\/schema\/logo\/image\/\"}}]}<\/script>\n<!-- \/ Yoast SEO plugin. -->","yoast_head_json":{"title":"Horno de convecci\u00f3n Lainox El\u00e9ctrico FOODY FOEN051 - Sparta Imports \/ Equipos","robots":{"index":"index","follow":"follow","max-snippet":"max-snippet:-1","max-image-preview":"max-image-preview:large","max-video-preview":"max-video-preview:-1"},"canonical":"https:\/\/www.sparta-imports.com\/equipos\/producto\/horno-de-conveccion-lainox-foody-foen051\/","og_locale":"es_ES","og_type":"article","og_title":"Horno de convecci\u00f3n Lainox El\u00e9ctrico FOODY FOEN051 - Sparta Imports \/ Equipos","og_description":"Horno Lainox FOEN051 El modelo est\u00e1 equipado con una pantalla LCD capacitiva a color de alta resoluci\u00f3n de 7\" con selecci\u00f3n t\u00e1ctil de funciones, un ventilador de dos velocidades con inversi\u00f3n autom\u00e1tica de marcha y una puerta de doble cristal templado con ventilaci\u00f3n, un espacio de aire y un cristal at\u00e9rmico interno con revestimiento termorreflectante. La c\u00e1mara de trabajo es de acero inoxidable AISI 304 estampado, mientras que el cuerpo y los calentadores el\u00e9ctricos son de acero inoxidable. Ficha LAINOX FOEN051UA","og_url":"https:\/\/www.sparta-imports.com\/equipos\/producto\/horno-de-conveccion-lainox-foody-foen051\/","og_site_name":"Sparta Imports \/ Equipos","article_modified_time":"2025-07-19T13:54:20+00:00","og_image":[{"width":383,"height":492,"url":"https:\/\/www.sparta-imports.com\/equipos\/wp-content\/uploads\/2025\/07\/FOEN051UA-web.jpg","type":"image\/jpeg"}],"twitter_card":"summary_large_image","twitter_misc":{"Tiempo de lectura":"1 minuto"},"schema":{"@context":"https:\/\/schema.org","@graph":[{"@type":"WebPage","@id":"https:\/\/www.sparta-imports.com\/equipos\/producto\/horno-de-conveccion-lainox-foody-foen051\/","url":"https:\/\/www.sparta-imports.com\/equipos\/producto\/horno-de-conveccion-lainox-foody-foen051\/","name":"Horno de convecci\u00f3n Lainox El\u00e9ctrico FOODY FOEN051 - Sparta Imports \/ Equipos","isPartOf":{"@id":"https:\/\/www.sparta-imports.com\/equipos\/#website"},"primaryImageOfPage":{"@id":"https:\/\/www.sparta-imports.com\/equipos\/producto\/horno-de-conveccion-lainox-foody-foen051\/#primaryimage"},"image":{"@id":"https:\/\/www.sparta-imports.com\/equipos\/producto\/horno-de-conveccion-lainox-foody-foen051\/#primaryimage"},"thumbnailUrl":"https:\/\/www.sparta-imports.com\/equipos\/wp-content\/uploads\/2025\/07\/FOEN051UA-web.jpg","datePublished":"2025-07-14T21:35:07+00:00","dateModified":"2025-07-19T13:54:20+00:00","breadcrumb":{"@id":"https:\/\/www.sparta-imports.com\/equipos\/producto\/horno-de-conveccion-lainox-foody-foen051\/#breadcrumb"},"inLanguage":"es","potentialAction":[{"@type":"ReadAction","target":["https:\/\/www.sparta-imports.com\/equipos\/producto\/horno-de-conveccion-lainox-foody-foen051\/"]}]},{"@type":"ImageObject","inLanguage":"es","@id":"https:\/\/www.sparta-imports.com\/equipos\/producto\/horno-de-conveccion-lainox-foody-foen051\/#primaryimage","url":"https:\/\/www.sparta-imports.com\/equipos\/wp-content\/uploads\/2025\/07\/FOEN051UA-web.jpg","contentUrl":"https:\/\/www.sparta-imports.com\/equipos\/wp-content\/uploads\/2025\/07\/FOEN051UA-web.jpg","width":383,"height":492},{"@type":"BreadcrumbList","@id":"https:\/\/www.sparta-imports.com\/equipos\/producto\/horno-de-conveccion-lainox-foody-foen051\/#breadcrumb","itemListElement":[{"@type":"ListItem","position":1,"name":"Home","item":"https:\/\/www.sparta-imports.com\/equipos\/"},{"@type":"ListItem","position":2,"name":"Shop","item":"https:\/\/www.sparta-imports.com\/equipos\/shop\/"},{"@type":"ListItem","position":3,"name":"Horno de convecci\u00f3n Lainox El\u00e9ctrico FOODY FOEN051"}]},{"@type":"WebSite","@id":"https:\/\/www.sparta-imports.com\/equipos\/#website","url":"https:\/\/www.sparta-imports.com\/equipos\/","name":"Sparta Imports \/ Equipos","description":"","publisher":{"@id":"https:\/\/www.sparta-imports.com\/equipos\/#organization"},"potentialAction":[{"@type":"SearchAction","target":{"@type":"EntryPoint","urlTemplate":"https:\/\/www.sparta-imports.com\/equipos\/?s={search_term_string}"},"query-input":{"@type":"PropertyValueSpecification","valueRequired":true,"valueName":"search_term_string"}}],"inLanguage":"es"},{"@type":"Organization","@id":"https:\/\/www.sparta-imports.com\/equipos\/#organization","name":"Sparta Imports \/ Equipos","url":"https:\/\/www.sparta-imports.com\/equipos\/","logo":{"@type":"ImageObject","inLanguage":"es","@id":"https:\/\/www.sparta-imports.com\/equipos\/#\/schema\/logo\/image\/","url":"https:\/\/www.sparta-imports.com\/equipos\/wp-content\/uploads\/2015\/10\/cropped-Banner-Sparta-Import-Encabezado-Web-C.png","contentUrl":"https:\/\/www.sparta-imports.com\/equipos\/wp-content\/uploads\/2015\/10\/cropped-Banner-Sparta-Import-Encabezado-Web-C.png","width":775,"height":272,"caption":"Sparta Imports \/ Equipos"},"image":{"@id":"https:\/\/www.sparta-imports.com\/equipos\/#\/schema\/logo\/image\/"}}]}},"_links":{"self":[{"href":"https:\/\/www.sparta-imports.com\/equipos\/wp-json\/wp\/v2\/product\/6858"}],"collection":[{"href":"https:\/\/www.sparta-imports.com\/equipos\/wp-json\/wp\/v2\/product"}],"about":[{"href":"https:\/\/www.sparta-imports.com\/equipos\/wp-json\/wp\/v2\/types\/product"}],"replies":[{"embeddable":true,"href":"https:\/\/www.sparta-imports.com\/equipos\/wp-json\/wp\/v2\/comments?post=6858"}],"wp:featuredmedia":[{"embeddable":true,"href":"https:\/\/www.sparta-imports.com\/equipos\/wp-json\/wp\/v2\/media\/6859"}],"wp:attachment":[{"href":"https:\/\/www.sparta-imports.com\/equipos\/wp-json\/wp\/v2\/media?parent=6858"}],"wp:term":[{"taxonomy":"product_cat","embeddable":true,"href":"https:\/\/www.sparta-imports.com\/equipos\/wp-json\/wp\/v2\/product_cat?post=6858"},{"taxonomy":"product_tag","embeddable":true,"href":"https:\/\/www.sparta-imports.com\/equipos\/wp-json\/wp\/v2\/product_tag?post=6858"}],"curies":[{"name":"wp","href":"https:\/\/api.w.org\/{rel}","templated":true}]}}