{"id":6855,"date":"2025-07-14T13:52:57","date_gmt":"2025-07-14T18:52:57","guid":{"rendered":"https:\/\/www.sparta-imports.com\/equipos\/?post_type=product&#038;p=6855"},"modified":"2025-07-19T08:52:44","modified_gmt":"2025-07-19T13:52:44","slug":"horno-combinado-a-gas-lainox-6-x-2-1gn-con-pantalla-tactil-nag062","status":"publish","type":"product","link":"https:\/\/www.sparta-imports.com\/equipos\/producto\/horno-combinado-a-gas-lainox-6-x-2-1gn-con-pantalla-tactil-nag062\/","title":{"rendered":"Horno combinado a gas Lainox 6 x 2\/1GN con pantalla t\u00e1ctil NAG062"},"content":{"rendered":"<ul>\n<li>Dimensiones\u00a0980 (alto) x 1210 (ancho) x 1050 (profundidad) mm<\/li>\n<li>Material\u00a0Acero inoxidable<\/li>\n<li>Voltaje\u00a0230V<\/li>\n<li>Color\u00a0Plata<\/li>\n<li>La pantalla t\u00e1ctil a color HD de 10&#8243; es f\u00e1cil e intuitiva de usar y se puede personalizar para adaptarse a los requisitos del usuario.<\/li>\n<li>Los modos de cocci\u00f3n multinivel y justo a tiempo permiten cocinar varios elementos al mismo tiempo, y el horno avisa cuando cada elemento est\u00e1 listo o cu\u00e1ndo colocar cada elemento en el horno para que todo est\u00e9 listo al mismo tiempo.<\/li>\n<li>El sistema de lavado autom\u00e1tico con 7 programas diferentes facilita mantener limpia la c\u00e1mara del horno.<\/li>\n<li>Temperatura de precalentamiento de hasta 320 \u00b0C, lo que reduce el tiempo de recuperaci\u00f3n y garantiza que los alimentos se cocinen a una temperatura de cocci\u00f3n m\u00e1s constante.<\/li>\n<li>La conectividad Wi-Fi de serie permite gestionar la combi desde cualquier lugar: a\u00f1adir o adaptar recetas, comprobar datos HACCP, etc.<\/li>\n<li>Viene con kit de conversi\u00f3n que se puede convertir a GLP.<\/li>\n<\/ul>\n","protected":false},"excerpt":{"rendered":"<h4>HORNO LAINOX NAG062<\/h4>\n<p>El horno combinado de gas NAG062 cuenta con una pantalla t\u00e1ctil a todo color de 10&#8243;, f\u00e1cil de usar y configurable para adaptarse a las necesidades de cada cocina. Los platos m\u00e1s populares del men\u00fa se pueden colocar en la pantalla de inicio para iniciarlos con un solo toque, mientras que las recetas se pueden organizar en carpetas, facilitando el acceso a todos los usuarios. La cocci\u00f3n multinivel permite cocinar platos con diferentes tiempos de cocci\u00f3n a la misma temperatura, y la inteligencia del horno identifica otras recetas guardadas que tambi\u00e9n se pueden cocinar con estos par\u00e1metros.<\/p>\n<h5><span style=\"color: #0000ff;\"><strong><a style=\"color: #0000ff;\" href=\"https:\/\/www.sparta-imports.com\/equipos\/wp-content\/uploads\/2025\/07\/26-LAINOX-NAG062.pdf\">Ficha LAINOX NAG062<\/a><\/strong><\/span><\/h5>\n","protected":false},"featured_media":6856,"comment_status":"open","ping_status":"closed","template":"","meta":{"_coblocks_attr":"","_coblocks_dimensions":"","_coblocks_responsive_height":"","_coblocks_accordion_ie_support":""},"product_cat":[167,169],"product_tag":[],"class_list":{"0":"post-6855","1":"product","2":"type-product","3":"status-publish","4":"has-post-thumbnail","6":"product_cat-hornos","7":"product_cat-lainox","8":"badges-style-2","10":"first","11":"instock","12":"shipping-taxable","13":"product-type-simple"},"yoast_head":"<!-- This site is optimized with the Yoast SEO plugin v23.8 - https:\/\/yoast.com\/wordpress\/plugins\/seo\/ -->\n<title>Horno combinado a gas Lainox 6 x 2\/1GN con pantalla t\u00e1ctil NAG062 - Sparta Imports \/ Equipos<\/title>\n<meta name=\"robots\" content=\"index, follow, max-snippet:-1, max-image-preview:large, max-video-preview:-1\" \/>\n<link rel=\"canonical\" href=\"https:\/\/www.sparta-imports.com\/equipos\/producto\/horno-combinado-a-gas-lainox-6-x-2-1gn-con-pantalla-tactil-nag062\/\" \/>\n<meta property=\"og:locale\" content=\"es_ES\" \/>\n<meta property=\"og:type\" content=\"article\" \/>\n<meta property=\"og:title\" content=\"Horno combinado a gas Lainox 6 x 2\/1GN con pantalla t\u00e1ctil NAG062 - Sparta Imports \/ Equipos\" \/>\n<meta property=\"og:description\" content=\"HORNO LAINOX NAG062 El horno combinado de gas NAG062 cuenta con una pantalla t\u00e1ctil a todo color de 10&quot;, f\u00e1cil de usar y configurable para adaptarse a las necesidades de cada cocina. Los platos m\u00e1s populares del men\u00fa se pueden colocar en la pantalla de inicio para iniciarlos con un solo toque, mientras que las recetas se pueden organizar en carpetas, facilitando el acceso a todos los usuarios. La cocci\u00f3n multinivel permite cocinar platos con diferentes tiempos de cocci\u00f3n a la misma temperatura, y la inteligencia del horno identifica otras recetas guardadas que tambi\u00e9n se pueden cocinar con estos par\u00e1metros. Ficha LAINOX NAG062\" \/>\n<meta property=\"og:url\" content=\"https:\/\/www.sparta-imports.com\/equipos\/producto\/horno-combinado-a-gas-lainox-6-x-2-1gn-con-pantalla-tactil-nag062\/\" \/>\n<meta property=\"og:site_name\" content=\"Sparta Imports \/ Equipos\" \/>\n<meta property=\"article:modified_time\" content=\"2025-07-19T13:52:44+00:00\" \/>\n<meta property=\"og:image\" content=\"https:\/\/www.sparta-imports.com\/equipos\/wp-content\/uploads\/2025\/07\/LAINOX-NAG062.jpg\" \/>\n\t<meta property=\"og:image:width\" content=\"383\" \/>\n\t<meta property=\"og:image:height\" content=\"492\" \/>\n\t<meta property=\"og:image:type\" content=\"image\/jpeg\" \/>\n<meta name=\"twitter:card\" content=\"summary_large_image\" \/>\n<meta name=\"twitter:label1\" content=\"Tiempo de lectura\" \/>\n\t<meta name=\"twitter:data1\" content=\"1 minuto\" \/>\n<script type=\"application\/ld+json\" class=\"yoast-schema-graph\">{\"@context\":\"https:\/\/schema.org\",\"@graph\":[{\"@type\":\"WebPage\",\"@id\":\"https:\/\/www.sparta-imports.com\/equipos\/producto\/horno-combinado-a-gas-lainox-6-x-2-1gn-con-pantalla-tactil-nag062\/\",\"url\":\"https:\/\/www.sparta-imports.com\/equipos\/producto\/horno-combinado-a-gas-lainox-6-x-2-1gn-con-pantalla-tactil-nag062\/\",\"name\":\"Horno combinado a gas Lainox 6 x 2\/1GN con pantalla t\u00e1ctil NAG062 - Sparta Imports \/ Equipos\",\"isPartOf\":{\"@id\":\"https:\/\/www.sparta-imports.com\/equipos\/#website\"},\"primaryImageOfPage\":{\"@id\":\"https:\/\/www.sparta-imports.com\/equipos\/producto\/horno-combinado-a-gas-lainox-6-x-2-1gn-con-pantalla-tactil-nag062\/#primaryimage\"},\"image\":{\"@id\":\"https:\/\/www.sparta-imports.com\/equipos\/producto\/horno-combinado-a-gas-lainox-6-x-2-1gn-con-pantalla-tactil-nag062\/#primaryimage\"},\"thumbnailUrl\":\"https:\/\/www.sparta-imports.com\/equipos\/wp-content\/uploads\/2025\/07\/LAINOX-NAG062.jpg\",\"datePublished\":\"2025-07-14T18:52:57+00:00\",\"dateModified\":\"2025-07-19T13:52:44+00:00\",\"breadcrumb\":{\"@id\":\"https:\/\/www.sparta-imports.com\/equipos\/producto\/horno-combinado-a-gas-lainox-6-x-2-1gn-con-pantalla-tactil-nag062\/#breadcrumb\"},\"inLanguage\":\"es\",\"potentialAction\":[{\"@type\":\"ReadAction\",\"target\":[\"https:\/\/www.sparta-imports.com\/equipos\/producto\/horno-combinado-a-gas-lainox-6-x-2-1gn-con-pantalla-tactil-nag062\/\"]}]},{\"@type\":\"ImageObject\",\"inLanguage\":\"es\",\"@id\":\"https:\/\/www.sparta-imports.com\/equipos\/producto\/horno-combinado-a-gas-lainox-6-x-2-1gn-con-pantalla-tactil-nag062\/#primaryimage\",\"url\":\"https:\/\/www.sparta-imports.com\/equipos\/wp-content\/uploads\/2025\/07\/LAINOX-NAG062.jpg\",\"contentUrl\":\"https:\/\/www.sparta-imports.com\/equipos\/wp-content\/uploads\/2025\/07\/LAINOX-NAG062.jpg\",\"width\":383,\"height\":492},{\"@type\":\"BreadcrumbList\",\"@id\":\"https:\/\/www.sparta-imports.com\/equipos\/producto\/horno-combinado-a-gas-lainox-6-x-2-1gn-con-pantalla-tactil-nag062\/#breadcrumb\",\"itemListElement\":[{\"@type\":\"ListItem\",\"position\":1,\"name\":\"Home\",\"item\":\"https:\/\/www.sparta-imports.com\/equipos\/\"},{\"@type\":\"ListItem\",\"position\":2,\"name\":\"Shop\",\"item\":\"https:\/\/www.sparta-imports.com\/equipos\/shop\/\"},{\"@type\":\"ListItem\",\"position\":3,\"name\":\"Horno combinado a gas Lainox 6 x 2\/1GN con pantalla t\u00e1ctil NAG062\"}]},{\"@type\":\"WebSite\",\"@id\":\"https:\/\/www.sparta-imports.com\/equipos\/#website\",\"url\":\"https:\/\/www.sparta-imports.com\/equipos\/\",\"name\":\"Sparta Imports \/ Equipos\",\"description\":\"\",\"publisher\":{\"@id\":\"https:\/\/www.sparta-imports.com\/equipos\/#organization\"},\"potentialAction\":[{\"@type\":\"SearchAction\",\"target\":{\"@type\":\"EntryPoint\",\"urlTemplate\":\"https:\/\/www.sparta-imports.com\/equipos\/?s={search_term_string}\"},\"query-input\":{\"@type\":\"PropertyValueSpecification\",\"valueRequired\":true,\"valueName\":\"search_term_string\"}}],\"inLanguage\":\"es\"},{\"@type\":\"Organization\",\"@id\":\"https:\/\/www.sparta-imports.com\/equipos\/#organization\",\"name\":\"Sparta Imports \/ Equipos\",\"url\":\"https:\/\/www.sparta-imports.com\/equipos\/\",\"logo\":{\"@type\":\"ImageObject\",\"inLanguage\":\"es\",\"@id\":\"https:\/\/www.sparta-imports.com\/equipos\/#\/schema\/logo\/image\/\",\"url\":\"https:\/\/www.sparta-imports.com\/equipos\/wp-content\/uploads\/2015\/10\/cropped-Banner-Sparta-Import-Encabezado-Web-C.png\",\"contentUrl\":\"https:\/\/www.sparta-imports.com\/equipos\/wp-content\/uploads\/2015\/10\/cropped-Banner-Sparta-Import-Encabezado-Web-C.png\",\"width\":775,\"height\":272,\"caption\":\"Sparta Imports \/ Equipos\"},\"image\":{\"@id\":\"https:\/\/www.sparta-imports.com\/equipos\/#\/schema\/logo\/image\/\"}}]}<\/script>\n<!-- \/ Yoast SEO plugin. -->","yoast_head_json":{"title":"Horno combinado a gas Lainox 6 x 2\/1GN con pantalla t\u00e1ctil NAG062 - Sparta Imports \/ Equipos","robots":{"index":"index","follow":"follow","max-snippet":"max-snippet:-1","max-image-preview":"max-image-preview:large","max-video-preview":"max-video-preview:-1"},"canonical":"https:\/\/www.sparta-imports.com\/equipos\/producto\/horno-combinado-a-gas-lainox-6-x-2-1gn-con-pantalla-tactil-nag062\/","og_locale":"es_ES","og_type":"article","og_title":"Horno combinado a gas Lainox 6 x 2\/1GN con pantalla t\u00e1ctil NAG062 - Sparta Imports \/ Equipos","og_description":"HORNO LAINOX NAG062 El horno combinado de gas NAG062 cuenta con una pantalla t\u00e1ctil a todo color de 10\", f\u00e1cil de usar y configurable para adaptarse a las necesidades de cada cocina. Los platos m\u00e1s populares del men\u00fa se pueden colocar en la pantalla de inicio para iniciarlos con un solo toque, mientras que las recetas se pueden organizar en carpetas, facilitando el acceso a todos los usuarios. La cocci\u00f3n multinivel permite cocinar platos con diferentes tiempos de cocci\u00f3n a la misma temperatura, y la inteligencia del horno identifica otras recetas guardadas que tambi\u00e9n se pueden cocinar con estos par\u00e1metros. Ficha LAINOX NAG062","og_url":"https:\/\/www.sparta-imports.com\/equipos\/producto\/horno-combinado-a-gas-lainox-6-x-2-1gn-con-pantalla-tactil-nag062\/","og_site_name":"Sparta Imports \/ Equipos","article_modified_time":"2025-07-19T13:52:44+00:00","og_image":[{"width":383,"height":492,"url":"https:\/\/www.sparta-imports.com\/equipos\/wp-content\/uploads\/2025\/07\/LAINOX-NAG062.jpg","type":"image\/jpeg"}],"twitter_card":"summary_large_image","twitter_misc":{"Tiempo de lectura":"1 minuto"},"schema":{"@context":"https:\/\/schema.org","@graph":[{"@type":"WebPage","@id":"https:\/\/www.sparta-imports.com\/equipos\/producto\/horno-combinado-a-gas-lainox-6-x-2-1gn-con-pantalla-tactil-nag062\/","url":"https:\/\/www.sparta-imports.com\/equipos\/producto\/horno-combinado-a-gas-lainox-6-x-2-1gn-con-pantalla-tactil-nag062\/","name":"Horno combinado a gas Lainox 6 x 2\/1GN con pantalla t\u00e1ctil NAG062 - Sparta Imports \/ Equipos","isPartOf":{"@id":"https:\/\/www.sparta-imports.com\/equipos\/#website"},"primaryImageOfPage":{"@id":"https:\/\/www.sparta-imports.com\/equipos\/producto\/horno-combinado-a-gas-lainox-6-x-2-1gn-con-pantalla-tactil-nag062\/#primaryimage"},"image":{"@id":"https:\/\/www.sparta-imports.com\/equipos\/producto\/horno-combinado-a-gas-lainox-6-x-2-1gn-con-pantalla-tactil-nag062\/#primaryimage"},"thumbnailUrl":"https:\/\/www.sparta-imports.com\/equipos\/wp-content\/uploads\/2025\/07\/LAINOX-NAG062.jpg","datePublished":"2025-07-14T18:52:57+00:00","dateModified":"2025-07-19T13:52:44+00:00","breadcrumb":{"@id":"https:\/\/www.sparta-imports.com\/equipos\/producto\/horno-combinado-a-gas-lainox-6-x-2-1gn-con-pantalla-tactil-nag062\/#breadcrumb"},"inLanguage":"es","potentialAction":[{"@type":"ReadAction","target":["https:\/\/www.sparta-imports.com\/equipos\/producto\/horno-combinado-a-gas-lainox-6-x-2-1gn-con-pantalla-tactil-nag062\/"]}]},{"@type":"ImageObject","inLanguage":"es","@id":"https:\/\/www.sparta-imports.com\/equipos\/producto\/horno-combinado-a-gas-lainox-6-x-2-1gn-con-pantalla-tactil-nag062\/#primaryimage","url":"https:\/\/www.sparta-imports.com\/equipos\/wp-content\/uploads\/2025\/07\/LAINOX-NAG062.jpg","contentUrl":"https:\/\/www.sparta-imports.com\/equipos\/wp-content\/uploads\/2025\/07\/LAINOX-NAG062.jpg","width":383,"height":492},{"@type":"BreadcrumbList","@id":"https:\/\/www.sparta-imports.com\/equipos\/producto\/horno-combinado-a-gas-lainox-6-x-2-1gn-con-pantalla-tactil-nag062\/#breadcrumb","itemListElement":[{"@type":"ListItem","position":1,"name":"Home","item":"https:\/\/www.sparta-imports.com\/equipos\/"},{"@type":"ListItem","position":2,"name":"Shop","item":"https:\/\/www.sparta-imports.com\/equipos\/shop\/"},{"@type":"ListItem","position":3,"name":"Horno combinado a gas Lainox 6 x 2\/1GN con pantalla t\u00e1ctil NAG062"}]},{"@type":"WebSite","@id":"https:\/\/www.sparta-imports.com\/equipos\/#website","url":"https:\/\/www.sparta-imports.com\/equipos\/","name":"Sparta Imports \/ Equipos","description":"","publisher":{"@id":"https:\/\/www.sparta-imports.com\/equipos\/#organization"},"potentialAction":[{"@type":"SearchAction","target":{"@type":"EntryPoint","urlTemplate":"https:\/\/www.sparta-imports.com\/equipos\/?s={search_term_string}"},"query-input":{"@type":"PropertyValueSpecification","valueRequired":true,"valueName":"search_term_string"}}],"inLanguage":"es"},{"@type":"Organization","@id":"https:\/\/www.sparta-imports.com\/equipos\/#organization","name":"Sparta Imports \/ Equipos","url":"https:\/\/www.sparta-imports.com\/equipos\/","logo":{"@type":"ImageObject","inLanguage":"es","@id":"https:\/\/www.sparta-imports.com\/equipos\/#\/schema\/logo\/image\/","url":"https:\/\/www.sparta-imports.com\/equipos\/wp-content\/uploads\/2015\/10\/cropped-Banner-Sparta-Import-Encabezado-Web-C.png","contentUrl":"https:\/\/www.sparta-imports.com\/equipos\/wp-content\/uploads\/2015\/10\/cropped-Banner-Sparta-Import-Encabezado-Web-C.png","width":775,"height":272,"caption":"Sparta Imports \/ Equipos"},"image":{"@id":"https:\/\/www.sparta-imports.com\/equipos\/#\/schema\/logo\/image\/"}}]}},"_links":{"self":[{"href":"https:\/\/www.sparta-imports.com\/equipos\/wp-json\/wp\/v2\/product\/6855"}],"collection":[{"href":"https:\/\/www.sparta-imports.com\/equipos\/wp-json\/wp\/v2\/product"}],"about":[{"href":"https:\/\/www.sparta-imports.com\/equipos\/wp-json\/wp\/v2\/types\/product"}],"replies":[{"embeddable":true,"href":"https:\/\/www.sparta-imports.com\/equipos\/wp-json\/wp\/v2\/comments?post=6855"}],"wp:featuredmedia":[{"embeddable":true,"href":"https:\/\/www.sparta-imports.com\/equipos\/wp-json\/wp\/v2\/media\/6856"}],"wp:attachment":[{"href":"https:\/\/www.sparta-imports.com\/equipos\/wp-json\/wp\/v2\/media?parent=6855"}],"wp:term":[{"taxonomy":"product_cat","embeddable":true,"href":"https:\/\/www.sparta-imports.com\/equipos\/wp-json\/wp\/v2\/product_cat?post=6855"},{"taxonomy":"product_tag","embeddable":true,"href":"https:\/\/www.sparta-imports.com\/equipos\/wp-json\/wp\/v2\/product_tag?post=6855"}],"curies":[{"name":"wp","href":"https:\/\/api.w.org\/{rel}","templated":true}]}}