{"id":6652,"date":"2024-01-12T17:22:32","date_gmt":"2024-01-12T22:22:32","guid":{"rendered":"https:\/\/www.sparta-imports.com\/equipos\/?post_type=product&#038;p=6652"},"modified":"2024-01-22T16:21:44","modified_gmt":"2024-01-22T21:21:44","slug":"moledora-de-carne-officine-savioli-32epcm","status":"publish","type":"product","link":"https:\/\/www.sparta-imports.com\/equipos\/producto\/moledora-de-carne-officine-savioli-32epcm\/","title":{"rendered":"Moledora de Carne Officine Savioli &#8211; 32EPCM"},"content":{"rendered":"<p><strong>MOLEDORA DE CARNE 32 PRACTIC DE BOCA HIERRO FUNDIDO<\/strong><\/p>\n<ul>\n<li>Picadora de carne apta para carnicer\u00edas, carnicer\u00edas e industrias c\u00e1rnicas<\/li>\n<li>Grupo triturador exterior de fundici\u00f3n esta\u00f1ada, extra\u00edble para facilitar la limpieza.<\/li>\n<li>Tolva de acero inoxidable Aisi 304.<\/li>\n<li>Placa y cuchillo autoafilables de acero inoxidable.\u00a0Sistema empresarial.<\/li>\n<li>Inversor de marchas.<\/li>\n<li>Motor ventilado de alta potencia.<\/li>\n<\/ul>\n","protected":false},"excerpt":{"rendered":"<p><strong>Modelo: 32EPCM<\/strong><\/p>\n<p>N\u00famero de art\u00edculo 32P<br \/>\nDimensiones 320 x 590 x 430 mm (ancho x fondo x alto)<br \/>\nVoltaje 120V\/60Hz<br \/>\nPotencia del motor 1,5 kW (2 CV) \/ 2,2 kW (3 CV)<br \/>\nConvierte la c\u00f3clea 120 rpm<br \/>\nProductividad horaria 450 kilos por hora<br \/>\nTama\u00f1o de tolva 320 x 410 x 65 mm (ancho x fondo x alto)<br \/>\nPeso neto 35,0000<\/p>\n","protected":false},"featured_media":6653,"comment_status":"open","ping_status":"closed","template":"","meta":{"_coblocks_attr":"","_coblocks_dimensions":"","_coblocks_responsive_height":"","_coblocks_accordion_ie_support":""},"product_cat":[178,182],"product_tag":[],"class_list":{"0":"post-6652","1":"product","2":"type-product","3":"status-publish","4":"has-post-thumbnail","6":"product_cat-carniceria","7":"product_cat-moledores","8":"badges-style-2","10":"first","11":"instock","12":"shipping-taxable","13":"product-type-simple"},"yoast_head":"<!-- This site is optimized with the Yoast SEO plugin v23.8 - https:\/\/yoast.com\/wordpress\/plugins\/seo\/ -->\n<title>Moledora de Carne Officine Savioli - 32EPCM - Sparta Imports \/ Equipos<\/title>\n<meta name=\"robots\" content=\"index, follow, max-snippet:-1, max-image-preview:large, max-video-preview:-1\" \/>\n<link rel=\"canonical\" href=\"https:\/\/www.sparta-imports.com\/equipos\/producto\/moledora-de-carne-officine-savioli-32epcm\/\" \/>\n<meta property=\"og:locale\" content=\"es_ES\" \/>\n<meta property=\"og:type\" content=\"article\" \/>\n<meta property=\"og:title\" content=\"Moledora de Carne Officine Savioli - 32EPCM - Sparta Imports \/ Equipos\" \/>\n<meta property=\"og:description\" content=\"Modelo: 32EPCM  N\u00famero de art\u00edculo 32P Dimensiones 320 x 590 x 430 mm (ancho x fondo x alto) Voltaje 120V\/60Hz Potencia del motor 1,5 kW (2 CV) \/ 2,2 kW (3 CV) Convierte la c\u00f3clea 120 rpm Productividad horaria 450 kilos por hora Tama\u00f1o de tolva 320 x 410 x 65 mm (ancho x fondo x alto) Peso neto 35,0000\" \/>\n<meta property=\"og:url\" content=\"https:\/\/www.sparta-imports.com\/equipos\/producto\/moledora-de-carne-officine-savioli-32epcm\/\" \/>\n<meta property=\"og:site_name\" content=\"Sparta Imports \/ Equipos\" \/>\n<meta property=\"article:modified_time\" content=\"2024-01-22T21:21:44+00:00\" \/>\n<meta property=\"og:image\" content=\"https:\/\/www.sparta-imports.com\/equipos\/wp-content\/uploads\/2024\/01\/Moledora-de-Carne-Savioli-32EPCM.jpg\" \/>\n\t<meta property=\"og:image:width\" content=\"800\" \/>\n\t<meta property=\"og:image:height\" content=\"800\" \/>\n\t<meta property=\"og:image:type\" content=\"image\/jpeg\" \/>\n<meta name=\"twitter:card\" content=\"summary_large_image\" \/>\n<meta name=\"twitter:label1\" content=\"Tiempo de lectura\" \/>\n\t<meta name=\"twitter:data1\" content=\"1 minuto\" \/>\n<script type=\"application\/ld+json\" class=\"yoast-schema-graph\">{\"@context\":\"https:\/\/schema.org\",\"@graph\":[{\"@type\":\"WebPage\",\"@id\":\"https:\/\/www.sparta-imports.com\/equipos\/producto\/moledora-de-carne-officine-savioli-32epcm\/\",\"url\":\"https:\/\/www.sparta-imports.com\/equipos\/producto\/moledora-de-carne-officine-savioli-32epcm\/\",\"name\":\"Moledora de Carne Officine Savioli - 32EPCM - Sparta Imports \/ Equipos\",\"isPartOf\":{\"@id\":\"https:\/\/www.sparta-imports.com\/equipos\/#website\"},\"primaryImageOfPage\":{\"@id\":\"https:\/\/www.sparta-imports.com\/equipos\/producto\/moledora-de-carne-officine-savioli-32epcm\/#primaryimage\"},\"image\":{\"@id\":\"https:\/\/www.sparta-imports.com\/equipos\/producto\/moledora-de-carne-officine-savioli-32epcm\/#primaryimage\"},\"thumbnailUrl\":\"https:\/\/www.sparta-imports.com\/equipos\/wp-content\/uploads\/2024\/01\/Moledora-de-Carne-Savioli-32EPCM.jpg\",\"datePublished\":\"2024-01-12T22:22:32+00:00\",\"dateModified\":\"2024-01-22T21:21:44+00:00\",\"breadcrumb\":{\"@id\":\"https:\/\/www.sparta-imports.com\/equipos\/producto\/moledora-de-carne-officine-savioli-32epcm\/#breadcrumb\"},\"inLanguage\":\"es\",\"potentialAction\":[{\"@type\":\"ReadAction\",\"target\":[\"https:\/\/www.sparta-imports.com\/equipos\/producto\/moledora-de-carne-officine-savioli-32epcm\/\"]}]},{\"@type\":\"ImageObject\",\"inLanguage\":\"es\",\"@id\":\"https:\/\/www.sparta-imports.com\/equipos\/producto\/moledora-de-carne-officine-savioli-32epcm\/#primaryimage\",\"url\":\"https:\/\/www.sparta-imports.com\/equipos\/wp-content\/uploads\/2024\/01\/Moledora-de-Carne-Savioli-32EPCM.jpg\",\"contentUrl\":\"https:\/\/www.sparta-imports.com\/equipos\/wp-content\/uploads\/2024\/01\/Moledora-de-Carne-Savioli-32EPCM.jpg\",\"width\":800,\"height\":800},{\"@type\":\"BreadcrumbList\",\"@id\":\"https:\/\/www.sparta-imports.com\/equipos\/producto\/moledora-de-carne-officine-savioli-32epcm\/#breadcrumb\",\"itemListElement\":[{\"@type\":\"ListItem\",\"position\":1,\"name\":\"Home\",\"item\":\"https:\/\/www.sparta-imports.com\/equipos\/\"},{\"@type\":\"ListItem\",\"position\":2,\"name\":\"Shop\",\"item\":\"https:\/\/www.sparta-imports.com\/equipos\/shop\/\"},{\"@type\":\"ListItem\",\"position\":3,\"name\":\"Moledora de Carne Officine Savioli &#8211; 32EPCM\"}]},{\"@type\":\"WebSite\",\"@id\":\"https:\/\/www.sparta-imports.com\/equipos\/#website\",\"url\":\"https:\/\/www.sparta-imports.com\/equipos\/\",\"name\":\"Sparta Imports \/ Equipos\",\"description\":\"\",\"publisher\":{\"@id\":\"https:\/\/www.sparta-imports.com\/equipos\/#organization\"},\"potentialAction\":[{\"@type\":\"SearchAction\",\"target\":{\"@type\":\"EntryPoint\",\"urlTemplate\":\"https:\/\/www.sparta-imports.com\/equipos\/?s={search_term_string}\"},\"query-input\":{\"@type\":\"PropertyValueSpecification\",\"valueRequired\":true,\"valueName\":\"search_term_string\"}}],\"inLanguage\":\"es\"},{\"@type\":\"Organization\",\"@id\":\"https:\/\/www.sparta-imports.com\/equipos\/#organization\",\"name\":\"Sparta Imports \/ Equipos\",\"url\":\"https:\/\/www.sparta-imports.com\/equipos\/\",\"logo\":{\"@type\":\"ImageObject\",\"inLanguage\":\"es\",\"@id\":\"https:\/\/www.sparta-imports.com\/equipos\/#\/schema\/logo\/image\/\",\"url\":\"https:\/\/www.sparta-imports.com\/equipos\/wp-content\/uploads\/2015\/10\/cropped-Banner-Sparta-Import-Encabezado-Web-C.png\",\"contentUrl\":\"https:\/\/www.sparta-imports.com\/equipos\/wp-content\/uploads\/2015\/10\/cropped-Banner-Sparta-Import-Encabezado-Web-C.png\",\"width\":775,\"height\":272,\"caption\":\"Sparta Imports \/ Equipos\"},\"image\":{\"@id\":\"https:\/\/www.sparta-imports.com\/equipos\/#\/schema\/logo\/image\/\"}}]}<\/script>\n<!-- \/ Yoast SEO plugin. -->","yoast_head_json":{"title":"Moledora de Carne Officine Savioli - 32EPCM - Sparta Imports \/ Equipos","robots":{"index":"index","follow":"follow","max-snippet":"max-snippet:-1","max-image-preview":"max-image-preview:large","max-video-preview":"max-video-preview:-1"},"canonical":"https:\/\/www.sparta-imports.com\/equipos\/producto\/moledora-de-carne-officine-savioli-32epcm\/","og_locale":"es_ES","og_type":"article","og_title":"Moledora de Carne Officine Savioli - 32EPCM - Sparta Imports \/ Equipos","og_description":"Modelo: 32EPCM  N\u00famero de art\u00edculo 32P Dimensiones 320 x 590 x 430 mm (ancho x fondo x alto) Voltaje 120V\/60Hz Potencia del motor 1,5 kW (2 CV) \/ 2,2 kW (3 CV) Convierte la c\u00f3clea 120 rpm Productividad horaria 450 kilos por hora Tama\u00f1o de tolva 320 x 410 x 65 mm (ancho x fondo x alto) Peso neto 35,0000","og_url":"https:\/\/www.sparta-imports.com\/equipos\/producto\/moledora-de-carne-officine-savioli-32epcm\/","og_site_name":"Sparta Imports \/ Equipos","article_modified_time":"2024-01-22T21:21:44+00:00","og_image":[{"width":800,"height":800,"url":"https:\/\/www.sparta-imports.com\/equipos\/wp-content\/uploads\/2024\/01\/Moledora-de-Carne-Savioli-32EPCM.jpg","type":"image\/jpeg"}],"twitter_card":"summary_large_image","twitter_misc":{"Tiempo de lectura":"1 minuto"},"schema":{"@context":"https:\/\/schema.org","@graph":[{"@type":"WebPage","@id":"https:\/\/www.sparta-imports.com\/equipos\/producto\/moledora-de-carne-officine-savioli-32epcm\/","url":"https:\/\/www.sparta-imports.com\/equipos\/producto\/moledora-de-carne-officine-savioli-32epcm\/","name":"Moledora de Carne Officine Savioli - 32EPCM - Sparta Imports \/ Equipos","isPartOf":{"@id":"https:\/\/www.sparta-imports.com\/equipos\/#website"},"primaryImageOfPage":{"@id":"https:\/\/www.sparta-imports.com\/equipos\/producto\/moledora-de-carne-officine-savioli-32epcm\/#primaryimage"},"image":{"@id":"https:\/\/www.sparta-imports.com\/equipos\/producto\/moledora-de-carne-officine-savioli-32epcm\/#primaryimage"},"thumbnailUrl":"https:\/\/www.sparta-imports.com\/equipos\/wp-content\/uploads\/2024\/01\/Moledora-de-Carne-Savioli-32EPCM.jpg","datePublished":"2024-01-12T22:22:32+00:00","dateModified":"2024-01-22T21:21:44+00:00","breadcrumb":{"@id":"https:\/\/www.sparta-imports.com\/equipos\/producto\/moledora-de-carne-officine-savioli-32epcm\/#breadcrumb"},"inLanguage":"es","potentialAction":[{"@type":"ReadAction","target":["https:\/\/www.sparta-imports.com\/equipos\/producto\/moledora-de-carne-officine-savioli-32epcm\/"]}]},{"@type":"ImageObject","inLanguage":"es","@id":"https:\/\/www.sparta-imports.com\/equipos\/producto\/moledora-de-carne-officine-savioli-32epcm\/#primaryimage","url":"https:\/\/www.sparta-imports.com\/equipos\/wp-content\/uploads\/2024\/01\/Moledora-de-Carne-Savioli-32EPCM.jpg","contentUrl":"https:\/\/www.sparta-imports.com\/equipos\/wp-content\/uploads\/2024\/01\/Moledora-de-Carne-Savioli-32EPCM.jpg","width":800,"height":800},{"@type":"BreadcrumbList","@id":"https:\/\/www.sparta-imports.com\/equipos\/producto\/moledora-de-carne-officine-savioli-32epcm\/#breadcrumb","itemListElement":[{"@type":"ListItem","position":1,"name":"Home","item":"https:\/\/www.sparta-imports.com\/equipos\/"},{"@type":"ListItem","position":2,"name":"Shop","item":"https:\/\/www.sparta-imports.com\/equipos\/shop\/"},{"@type":"ListItem","position":3,"name":"Moledora de Carne Officine Savioli &#8211; 32EPCM"}]},{"@type":"WebSite","@id":"https:\/\/www.sparta-imports.com\/equipos\/#website","url":"https:\/\/www.sparta-imports.com\/equipos\/","name":"Sparta Imports \/ Equipos","description":"","publisher":{"@id":"https:\/\/www.sparta-imports.com\/equipos\/#organization"},"potentialAction":[{"@type":"SearchAction","target":{"@type":"EntryPoint","urlTemplate":"https:\/\/www.sparta-imports.com\/equipos\/?s={search_term_string}"},"query-input":{"@type":"PropertyValueSpecification","valueRequired":true,"valueName":"search_term_string"}}],"inLanguage":"es"},{"@type":"Organization","@id":"https:\/\/www.sparta-imports.com\/equipos\/#organization","name":"Sparta Imports \/ Equipos","url":"https:\/\/www.sparta-imports.com\/equipos\/","logo":{"@type":"ImageObject","inLanguage":"es","@id":"https:\/\/www.sparta-imports.com\/equipos\/#\/schema\/logo\/image\/","url":"https:\/\/www.sparta-imports.com\/equipos\/wp-content\/uploads\/2015\/10\/cropped-Banner-Sparta-Import-Encabezado-Web-C.png","contentUrl":"https:\/\/www.sparta-imports.com\/equipos\/wp-content\/uploads\/2015\/10\/cropped-Banner-Sparta-Import-Encabezado-Web-C.png","width":775,"height":272,"caption":"Sparta Imports \/ Equipos"},"image":{"@id":"https:\/\/www.sparta-imports.com\/equipos\/#\/schema\/logo\/image\/"}}]}},"_links":{"self":[{"href":"https:\/\/www.sparta-imports.com\/equipos\/wp-json\/wp\/v2\/product\/6652"}],"collection":[{"href":"https:\/\/www.sparta-imports.com\/equipos\/wp-json\/wp\/v2\/product"}],"about":[{"href":"https:\/\/www.sparta-imports.com\/equipos\/wp-json\/wp\/v2\/types\/product"}],"replies":[{"embeddable":true,"href":"https:\/\/www.sparta-imports.com\/equipos\/wp-json\/wp\/v2\/comments?post=6652"}],"wp:featuredmedia":[{"embeddable":true,"href":"https:\/\/www.sparta-imports.com\/equipos\/wp-json\/wp\/v2\/media\/6653"}],"wp:attachment":[{"href":"https:\/\/www.sparta-imports.com\/equipos\/wp-json\/wp\/v2\/media?parent=6652"}],"wp:term":[{"taxonomy":"product_cat","embeddable":true,"href":"https:\/\/www.sparta-imports.com\/equipos\/wp-json\/wp\/v2\/product_cat?post=6652"},{"taxonomy":"product_tag","embeddable":true,"href":"https:\/\/www.sparta-imports.com\/equipos\/wp-json\/wp\/v2\/product_tag?post=6652"}],"curies":[{"name":"wp","href":"https:\/\/api.w.org\/{rel}","templated":true}]}}