{"id":6650,"date":"2024-01-12T15:34:30","date_gmt":"2024-01-12T20:34:30","guid":{"rendered":"https:\/\/www.sparta-imports.com\/equipos\/?post_type=product&#038;p=6650"},"modified":"2024-01-12T15:34:31","modified_gmt":"2024-01-12T20:34:31","slug":"amasadora-sparta-import-ibv50evo","status":"publish","type":"product","link":"https:\/\/www.sparta-imports.com\/equipos\/producto\/amasadora-sparta-import-ibv50evo\/","title":{"rendered":"Amasadora Sparta Import &#8211; IBV50EVO"},"content":{"rendered":"<p class=\"p1\"><strong>AMAZADORA EN ESPIRAL<\/strong><\/p>\n<p class=\"p1\">\u2022 Mezclador de 42 kg<\/p>\n<p class=\"p1\">\u2022 Cabezal fijo y cuenco<\/p>\n<p class=\"p1\">\u2022 Equipado con controlador de velocidad<\/p>\n<p class=\"p1\">\u2022 Motor monof\u00e1sico<\/p>\n<p class=\"p1\">\u2022 Temporizador incluido<\/p>\n<p class=\"p1\">\u2022 Ruedas incluidas<\/p>\n<p class=\"p1\">\u2022 Motores especiales a 60 Hz disponibles bajo pedido.<\/p>\n<p class=\"p1\"><strong>LA VENTAJA DEL CONTROL DE VELOCIDAD<\/strong><\/p>\n<p class=\"p1\">La amasadora de espiral es el equipo ideal para pizzer\u00edas, panader\u00edas y familias. Este modelo est\u00e1 equipado con controlador de velocidad para mezclar masas de baja y alta hidrataci\u00f3n. La particular forma de la espiral permite obtener una masa perfectamente mezclada en pocos minutos. La cubeta, la espiral, la columna central y la rejilla de protecci\u00f3n son de acero inoxidable. La caja de cambios est\u00e1 fabricada con motor reductor en ba\u00f1o de aceite. Todos los equipos est\u00e1n equipados con quebradora de masa.<\/p>\n","protected":false},"excerpt":{"rendered":"<p><strong>Modelo: IBV50EVO<\/strong><\/p>\n<p>Peso de la masa (Kg) 40<br \/>\nCapacidad (litros) 48<br \/>\nMasa\/hora (Kg) 128<br \/>\nDi\u00e1metro del cuenco (cm) 45<br \/>\nFuente de alimentaci\u00f3n (voltios) 230<br \/>\nVelocidad de potencia 1 (Kw &#8211; Hp) 1,5 | 2<br \/>\nFrecuencia (Hz) 50\/60<br \/>\nDimensiones del equipo (cm W x DXH) 48&#215;80,5&#215;85<br \/>\nDimensiones del embalaje (cm ancho x fondo x alto) 55x84x90<br \/>\nPeso neto \/ kg) 98<br \/>\nPeso bruto (kg) 109<\/p>\n","protected":false},"featured_media":6651,"comment_status":"open","ping_status":"closed","template":"","meta":{"_coblocks_attr":"","_coblocks_dimensions":"","_coblocks_responsive_height":"","_coblocks_accordion_ie_support":""},"product_cat":[190,166],"product_tag":[],"class_list":{"0":"post-6650","1":"product","2":"type-product","3":"status-publish","4":"has-post-thumbnail","6":"product_cat-amasadoras","7":"product_cat-panaderias-y-pizzerias","8":"badges-style-2","10":"first","11":"instock","12":"shipping-taxable","13":"product-type-simple"},"yoast_head":"<!-- This site is optimized with the Yoast SEO plugin v23.8 - https:\/\/yoast.com\/wordpress\/plugins\/seo\/ -->\n<title>Amasadora Sparta Import - IBV50EVO - Sparta Imports \/ Equipos<\/title>\n<meta name=\"robots\" content=\"index, follow, max-snippet:-1, max-image-preview:large, max-video-preview:-1\" \/>\n<link rel=\"canonical\" href=\"https:\/\/www.sparta-imports.com\/equipos\/producto\/amasadora-sparta-import-ibv50evo\/\" \/>\n<meta property=\"og:locale\" content=\"es_ES\" \/>\n<meta property=\"og:type\" content=\"article\" \/>\n<meta property=\"og:title\" content=\"Amasadora Sparta Import - IBV50EVO - Sparta Imports \/ Equipos\" \/>\n<meta property=\"og:description\" content=\"Modelo: IBV50EVO  Peso de la masa (Kg) 40 Capacidad (litros) 48 Masa\/hora (Kg) 128 Di\u00e1metro del cuenco (cm) 45 Fuente de alimentaci\u00f3n (voltios) 230 Velocidad de potencia 1 (Kw - Hp) 1,5 | 2 Frecuencia (Hz) 50\/60 Dimensiones del equipo (cm W x DXH) 48x80,5x85 Dimensiones del embalaje (cm ancho x fondo x alto) 55x84x90 Peso neto \/ kg) 98 Peso bruto (kg) 109\" \/>\n<meta property=\"og:url\" content=\"https:\/\/www.sparta-imports.com\/equipos\/producto\/amasadora-sparta-import-ibv50evo\/\" \/>\n<meta property=\"og:site_name\" content=\"Sparta Imports \/ Equipos\" \/>\n<meta property=\"article:modified_time\" content=\"2024-01-12T20:34:31+00:00\" \/>\n<meta property=\"og:image\" content=\"https:\/\/www.sparta-imports.com\/equipos\/wp-content\/uploads\/2024\/01\/Amasadora-Sparta-Import-IBV50EVO.jpg\" \/>\n\t<meta property=\"og:image:width\" content=\"800\" \/>\n\t<meta property=\"og:image:height\" content=\"800\" \/>\n\t<meta property=\"og:image:type\" content=\"image\/jpeg\" \/>\n<meta name=\"twitter:card\" content=\"summary_large_image\" \/>\n<meta name=\"twitter:label1\" content=\"Tiempo de lectura\" \/>\n\t<meta name=\"twitter:data1\" content=\"1 minuto\" \/>\n<script type=\"application\/ld+json\" class=\"yoast-schema-graph\">{\"@context\":\"https:\/\/schema.org\",\"@graph\":[{\"@type\":\"WebPage\",\"@id\":\"https:\/\/www.sparta-imports.com\/equipos\/producto\/amasadora-sparta-import-ibv50evo\/\",\"url\":\"https:\/\/www.sparta-imports.com\/equipos\/producto\/amasadora-sparta-import-ibv50evo\/\",\"name\":\"Amasadora Sparta Import - IBV50EVO - Sparta Imports \/ Equipos\",\"isPartOf\":{\"@id\":\"https:\/\/www.sparta-imports.com\/equipos\/#website\"},\"primaryImageOfPage\":{\"@id\":\"https:\/\/www.sparta-imports.com\/equipos\/producto\/amasadora-sparta-import-ibv50evo\/#primaryimage\"},\"image\":{\"@id\":\"https:\/\/www.sparta-imports.com\/equipos\/producto\/amasadora-sparta-import-ibv50evo\/#primaryimage\"},\"thumbnailUrl\":\"https:\/\/www.sparta-imports.com\/equipos\/wp-content\/uploads\/2024\/01\/Amasadora-Sparta-Import-IBV50EVO.jpg\",\"datePublished\":\"2024-01-12T20:34:30+00:00\",\"dateModified\":\"2024-01-12T20:34:31+00:00\",\"breadcrumb\":{\"@id\":\"https:\/\/www.sparta-imports.com\/equipos\/producto\/amasadora-sparta-import-ibv50evo\/#breadcrumb\"},\"inLanguage\":\"es\",\"potentialAction\":[{\"@type\":\"ReadAction\",\"target\":[\"https:\/\/www.sparta-imports.com\/equipos\/producto\/amasadora-sparta-import-ibv50evo\/\"]}]},{\"@type\":\"ImageObject\",\"inLanguage\":\"es\",\"@id\":\"https:\/\/www.sparta-imports.com\/equipos\/producto\/amasadora-sparta-import-ibv50evo\/#primaryimage\",\"url\":\"https:\/\/www.sparta-imports.com\/equipos\/wp-content\/uploads\/2024\/01\/Amasadora-Sparta-Import-IBV50EVO.jpg\",\"contentUrl\":\"https:\/\/www.sparta-imports.com\/equipos\/wp-content\/uploads\/2024\/01\/Amasadora-Sparta-Import-IBV50EVO.jpg\",\"width\":800,\"height\":800},{\"@type\":\"BreadcrumbList\",\"@id\":\"https:\/\/www.sparta-imports.com\/equipos\/producto\/amasadora-sparta-import-ibv50evo\/#breadcrumb\",\"itemListElement\":[{\"@type\":\"ListItem\",\"position\":1,\"name\":\"Home\",\"item\":\"https:\/\/www.sparta-imports.com\/equipos\/\"},{\"@type\":\"ListItem\",\"position\":2,\"name\":\"Shop\",\"item\":\"https:\/\/www.sparta-imports.com\/equipos\/shop\/\"},{\"@type\":\"ListItem\",\"position\":3,\"name\":\"Amasadora Sparta Import &#8211; IBV50EVO\"}]},{\"@type\":\"WebSite\",\"@id\":\"https:\/\/www.sparta-imports.com\/equipos\/#website\",\"url\":\"https:\/\/www.sparta-imports.com\/equipos\/\",\"name\":\"Sparta Imports \/ Equipos\",\"description\":\"\",\"publisher\":{\"@id\":\"https:\/\/www.sparta-imports.com\/equipos\/#organization\"},\"potentialAction\":[{\"@type\":\"SearchAction\",\"target\":{\"@type\":\"EntryPoint\",\"urlTemplate\":\"https:\/\/www.sparta-imports.com\/equipos\/?s={search_term_string}\"},\"query-input\":{\"@type\":\"PropertyValueSpecification\",\"valueRequired\":true,\"valueName\":\"search_term_string\"}}],\"inLanguage\":\"es\"},{\"@type\":\"Organization\",\"@id\":\"https:\/\/www.sparta-imports.com\/equipos\/#organization\",\"name\":\"Sparta Imports \/ Equipos\",\"url\":\"https:\/\/www.sparta-imports.com\/equipos\/\",\"logo\":{\"@type\":\"ImageObject\",\"inLanguage\":\"es\",\"@id\":\"https:\/\/www.sparta-imports.com\/equipos\/#\/schema\/logo\/image\/\",\"url\":\"https:\/\/www.sparta-imports.com\/equipos\/wp-content\/uploads\/2015\/10\/cropped-Banner-Sparta-Import-Encabezado-Web-C.png\",\"contentUrl\":\"https:\/\/www.sparta-imports.com\/equipos\/wp-content\/uploads\/2015\/10\/cropped-Banner-Sparta-Import-Encabezado-Web-C.png\",\"width\":775,\"height\":272,\"caption\":\"Sparta Imports \/ Equipos\"},\"image\":{\"@id\":\"https:\/\/www.sparta-imports.com\/equipos\/#\/schema\/logo\/image\/\"}}]}<\/script>\n<!-- \/ Yoast SEO plugin. -->","yoast_head_json":{"title":"Amasadora Sparta Import - IBV50EVO - Sparta Imports \/ Equipos","robots":{"index":"index","follow":"follow","max-snippet":"max-snippet:-1","max-image-preview":"max-image-preview:large","max-video-preview":"max-video-preview:-1"},"canonical":"https:\/\/www.sparta-imports.com\/equipos\/producto\/amasadora-sparta-import-ibv50evo\/","og_locale":"es_ES","og_type":"article","og_title":"Amasadora Sparta Import - IBV50EVO - Sparta Imports \/ Equipos","og_description":"Modelo: IBV50EVO  Peso de la masa (Kg) 40 Capacidad (litros) 48 Masa\/hora (Kg) 128 Di\u00e1metro del cuenco (cm) 45 Fuente de alimentaci\u00f3n (voltios) 230 Velocidad de potencia 1 (Kw - Hp) 1,5 | 2 Frecuencia (Hz) 50\/60 Dimensiones del equipo (cm W x DXH) 48x80,5x85 Dimensiones del embalaje (cm ancho x fondo x alto) 55x84x90 Peso neto \/ kg) 98 Peso bruto (kg) 109","og_url":"https:\/\/www.sparta-imports.com\/equipos\/producto\/amasadora-sparta-import-ibv50evo\/","og_site_name":"Sparta Imports \/ Equipos","article_modified_time":"2024-01-12T20:34:31+00:00","og_image":[{"width":800,"height":800,"url":"https:\/\/www.sparta-imports.com\/equipos\/wp-content\/uploads\/2024\/01\/Amasadora-Sparta-Import-IBV50EVO.jpg","type":"image\/jpeg"}],"twitter_card":"summary_large_image","twitter_misc":{"Tiempo de lectura":"1 minuto"},"schema":{"@context":"https:\/\/schema.org","@graph":[{"@type":"WebPage","@id":"https:\/\/www.sparta-imports.com\/equipos\/producto\/amasadora-sparta-import-ibv50evo\/","url":"https:\/\/www.sparta-imports.com\/equipos\/producto\/amasadora-sparta-import-ibv50evo\/","name":"Amasadora Sparta Import - IBV50EVO - Sparta Imports \/ Equipos","isPartOf":{"@id":"https:\/\/www.sparta-imports.com\/equipos\/#website"},"primaryImageOfPage":{"@id":"https:\/\/www.sparta-imports.com\/equipos\/producto\/amasadora-sparta-import-ibv50evo\/#primaryimage"},"image":{"@id":"https:\/\/www.sparta-imports.com\/equipos\/producto\/amasadora-sparta-import-ibv50evo\/#primaryimage"},"thumbnailUrl":"https:\/\/www.sparta-imports.com\/equipos\/wp-content\/uploads\/2024\/01\/Amasadora-Sparta-Import-IBV50EVO.jpg","datePublished":"2024-01-12T20:34:30+00:00","dateModified":"2024-01-12T20:34:31+00:00","breadcrumb":{"@id":"https:\/\/www.sparta-imports.com\/equipos\/producto\/amasadora-sparta-import-ibv50evo\/#breadcrumb"},"inLanguage":"es","potentialAction":[{"@type":"ReadAction","target":["https:\/\/www.sparta-imports.com\/equipos\/producto\/amasadora-sparta-import-ibv50evo\/"]}]},{"@type":"ImageObject","inLanguage":"es","@id":"https:\/\/www.sparta-imports.com\/equipos\/producto\/amasadora-sparta-import-ibv50evo\/#primaryimage","url":"https:\/\/www.sparta-imports.com\/equipos\/wp-content\/uploads\/2024\/01\/Amasadora-Sparta-Import-IBV50EVO.jpg","contentUrl":"https:\/\/www.sparta-imports.com\/equipos\/wp-content\/uploads\/2024\/01\/Amasadora-Sparta-Import-IBV50EVO.jpg","width":800,"height":800},{"@type":"BreadcrumbList","@id":"https:\/\/www.sparta-imports.com\/equipos\/producto\/amasadora-sparta-import-ibv50evo\/#breadcrumb","itemListElement":[{"@type":"ListItem","position":1,"name":"Home","item":"https:\/\/www.sparta-imports.com\/equipos\/"},{"@type":"ListItem","position":2,"name":"Shop","item":"https:\/\/www.sparta-imports.com\/equipos\/shop\/"},{"@type":"ListItem","position":3,"name":"Amasadora Sparta Import &#8211; IBV50EVO"}]},{"@type":"WebSite","@id":"https:\/\/www.sparta-imports.com\/equipos\/#website","url":"https:\/\/www.sparta-imports.com\/equipos\/","name":"Sparta Imports \/ Equipos","description":"","publisher":{"@id":"https:\/\/www.sparta-imports.com\/equipos\/#organization"},"potentialAction":[{"@type":"SearchAction","target":{"@type":"EntryPoint","urlTemplate":"https:\/\/www.sparta-imports.com\/equipos\/?s={search_term_string}"},"query-input":{"@type":"PropertyValueSpecification","valueRequired":true,"valueName":"search_term_string"}}],"inLanguage":"es"},{"@type":"Organization","@id":"https:\/\/www.sparta-imports.com\/equipos\/#organization","name":"Sparta Imports \/ Equipos","url":"https:\/\/www.sparta-imports.com\/equipos\/","logo":{"@type":"ImageObject","inLanguage":"es","@id":"https:\/\/www.sparta-imports.com\/equipos\/#\/schema\/logo\/image\/","url":"https:\/\/www.sparta-imports.com\/equipos\/wp-content\/uploads\/2015\/10\/cropped-Banner-Sparta-Import-Encabezado-Web-C.png","contentUrl":"https:\/\/www.sparta-imports.com\/equipos\/wp-content\/uploads\/2015\/10\/cropped-Banner-Sparta-Import-Encabezado-Web-C.png","width":775,"height":272,"caption":"Sparta Imports \/ Equipos"},"image":{"@id":"https:\/\/www.sparta-imports.com\/equipos\/#\/schema\/logo\/image\/"}}]}},"_links":{"self":[{"href":"https:\/\/www.sparta-imports.com\/equipos\/wp-json\/wp\/v2\/product\/6650"}],"collection":[{"href":"https:\/\/www.sparta-imports.com\/equipos\/wp-json\/wp\/v2\/product"}],"about":[{"href":"https:\/\/www.sparta-imports.com\/equipos\/wp-json\/wp\/v2\/types\/product"}],"replies":[{"embeddable":true,"href":"https:\/\/www.sparta-imports.com\/equipos\/wp-json\/wp\/v2\/comments?post=6650"}],"wp:featuredmedia":[{"embeddable":true,"href":"https:\/\/www.sparta-imports.com\/equipos\/wp-json\/wp\/v2\/media\/6651"}],"wp:attachment":[{"href":"https:\/\/www.sparta-imports.com\/equipos\/wp-json\/wp\/v2\/media?parent=6650"}],"wp:term":[{"taxonomy":"product_cat","embeddable":true,"href":"https:\/\/www.sparta-imports.com\/equipos\/wp-json\/wp\/v2\/product_cat?post=6650"},{"taxonomy":"product_tag","embeddable":true,"href":"https:\/\/www.sparta-imports.com\/equipos\/wp-json\/wp\/v2\/product_tag?post=6650"}],"curies":[{"name":"wp","href":"https:\/\/api.w.org\/{rel}","templated":true}]}}