{"id":6612,"date":"2024-01-08T12:18:45","date_gmt":"2024-01-08T17:18:45","guid":{"rendered":"https:\/\/www.sparta-imports.com\/equipos\/?post_type=product&#038;p=6612"},"modified":"2024-01-11T01:48:30","modified_gmt":"2024-01-11T06:48:30","slug":"licuadora-profesional-jtc-omniblend-tm-788a","status":"publish","type":"product","link":"https:\/\/www.sparta-imports.com\/equipos\/producto\/licuadora-profesional-jtc-omniblend-tm-788a\/","title":{"rendered":"Licuadora Profesional JTC OmniBlend &#8211; TM-788A"},"content":{"rendered":"<div><strong>LICUADORA PROFESIONAL\u00a0<\/strong><\/div>\n<div><\/div>\n<div>\u2022 \u00a1OmniBlend y todos los accesorios ahora cuentan con la certificaci\u00f3n NSF! Con la confianza de restaurantes,<\/div>\n<div>\u00a0 \u00a0cocinas comerciales y hogares familiares durante m\u00e1s de 20 a\u00f1os, y se vende en m\u00e1s de 90 pa\u00edses.<\/div>\n<div>\u2022 Simplifica las operaciones con un interruptor de baja\/alta potencia de 2 velocidades; ser\u00e1 la licuadora el\u00e9ctrica<\/div>\n<div>\u00a0 \u00a0m\u00e1s optimizada que jam\u00e1s haya usado. Tiene la comodidad de licuadora estilo bala con toda la potencia de una<\/div>\n<div>\u00a0 \u00a0licuadora de grado comercial, impulsada por un motor resistente de 3 HP, configuraci\u00f3n 2 en 1 de 6 cuchillas<\/div>\n<div>\u00a0 \u00a0de acero inoxidable para ingredientes h\u00famedos y secos.<\/div>\n<div>\u2022 Jarra de 1,5 litros (50 fl oz) fabricada con copoli\u00e9ster Eastman Tritan inastillable, resistente a productos<\/div>\n<div>\u00a0 \u00a0qu\u00edmicos y libre de BPA de origen estadounidense, generalmente reservado solo para usos comerciales. Viene<\/div>\n<div>\u00a0 \u00a0completo con tapa con cerradura y tamper a juego. La jarra est\u00e1 aprobada por UL.<\/div>\n<div>\u2022 M\u00e1quina de preparaci\u00f3n de alimentos vers\u00e1til: batidos, batidos, c\u00f3cteles, sopas, salsas, aderezos, pesto,<\/div>\n<div>\u00a0 \u00a0mantequillas de nueces, leche de nueces, helados, moler granos en harina, granos de caf\u00e9 y mucho m\u00e1s.<\/div>\n<div>\u00a0 \u00a0Rendimiento superior garantizado: 7 a\u00f1os de garant\u00eda del fabricante para uso dom\u00e9stico, 2 a\u00f1os de garant\u00eda<\/div>\n<div>\u00a0 \u00a0del fabricante para uso comercial.<\/div>\n<div><\/div>\n<div><strong>ESPECIFICACIONES<\/strong><\/div>\n<div>\u2022 Capacidad: 1.5 LT.<\/div>\n<div>\u2022 Motor: 3 HP<\/div>\n<div>\u2022 cuadrado irrompible<\/div>\n<div>\u2022 M\u00faltiples funciones<\/div>\n<div>\u2022 Tritura hielo y pulpa de fruta congelada en segundos<\/div>\n<div>\u2022 Dos velocidades fijas (Baja y alta)<\/div>\n<div>\u2022 Tecnolog\u00eda de precisi\u00f3n<\/div>\n","protected":false},"excerpt":{"rendered":"<p>LICUADORA PROFESIONAL\u00a0 \u2022 \u00a1OmniBlend y todos los accesorios ahora cuentan con la certificaci\u00f3n NSF! Con la confianza de restaurantes, \u00a0 \u00a0cocinas comerciales y hogares familiares durante m\u00e1s de 20 a\u00f1os, y se vende en m\u00e1s de 90 pa\u00edses. \u2022 Simplifica las operaciones con un interruptor de baja\/alta potencia de 2 velocidades; ser\u00e1 la licuadora el\u00e9ctrica \u00a0 \u00a0m\u00e1s optimizada que jam\u00e1s haya usado. Tiene la comodidad de licuadora estilo bala con toda la potencia de una \u00a0 \u00a0licuadora de grado comercial, impulsada por un motor resistente de 3 HP, configuraci\u00f3n 2 en 1 de 6 cuchillas \u00a0 \u00a0de acero inoxidable para ingredientes h\u00famedos y secos. \u2022 Jarra de 1,5 litros (50 fl oz) fabricada con copoli\u00e9ster Eastman Tritan inastillable, resistente a productos \u00a0 \u00a0qu\u00edmicos y libre de BPA de origen estadounidense, generalmente reservado solo para usos comerciales. Viene \u00a0 \u00a0completo con tapa con cerradura y tamper a juego. La jarra est\u00e1 aprobada por UL. \u2022 M\u00e1quina de preparaci\u00f3n de alimentos vers\u00e1til: batidos, batidos, c\u00f3cteles, sopas, salsas, aderezos, pesto, \u00a0 \u00a0mantequillas de nueces, leche de nueces, helados, moler granos en harina, granos de caf\u00e9 y mucho m\u00e1s. \u00a0 \u00a0Rendimiento superior garantizado: 7 a\u00f1os de garant\u00eda del fabricante para uso dom\u00e9stico, 2 a\u00f1os de garant\u00eda \u00a0 \u00a0del fabricante para uso comercial. ESPECIFICACIONES \u2022 Capacidad: 1.5 LT. \u2022 Motor: 3 HP \u2022 cuadrado irrompible \u2022 M\u00faltiples funciones \u2022 Tritura hielo y pulpa de fruta congelada en segundos \u2022 Dos velocidades fijas (Baja y alta) \u2022 Tecnolog\u00eda de precisi\u00f3n<\/p>\n","protected":false},"featured_media":6613,"comment_status":"open","ping_status":"closed","template":"","meta":{"_coblocks_attr":"","_coblocks_dimensions":"","_coblocks_responsive_height":"","_coblocks_accordion_ie_support":""},"product_cat":[306,315],"product_tag":[],"class_list":{"0":"post-6612","1":"product","2":"type-product","3":"status-publish","4":"has-post-thumbnail","6":"product_cat-equipos-complementarios","7":"product_cat-licuadoras","8":"badges-style-2","10":"first","11":"instock","12":"shipping-taxable","13":"product-type-simple"},"yoast_head":"<!-- This site is optimized with the Yoast SEO plugin v23.8 - https:\/\/yoast.com\/wordpress\/plugins\/seo\/ -->\n<title>Licuadora Profesional JTC OmniBlend - TM-788A - Sparta Imports \/ Equipos<\/title>\n<meta name=\"robots\" content=\"index, follow, max-snippet:-1, max-image-preview:large, max-video-preview:-1\" \/>\n<link rel=\"canonical\" href=\"https:\/\/www.sparta-imports.com\/equipos\/producto\/licuadora-profesional-jtc-omniblend-tm-788a\/\" \/>\n<meta property=\"og:locale\" content=\"es_ES\" \/>\n<meta property=\"og:type\" content=\"article\" \/>\n<meta property=\"og:title\" content=\"Licuadora Profesional JTC OmniBlend - TM-788A - Sparta Imports \/ Equipos\" \/>\n<meta property=\"og:description\" content=\"LICUADORA PROFESIONAL\u00a0 \u2022 \u00a1OmniBlend y todos los accesorios ahora cuentan con la certificaci\u00f3n NSF! Con la confianza de restaurantes, \u00a0 \u00a0cocinas comerciales y hogares familiares durante m\u00e1s de 20 a\u00f1os, y se vende en m\u00e1s de 90 pa\u00edses. \u2022 Simplifica las operaciones con un interruptor de baja\/alta potencia de 2 velocidades; ser\u00e1 la licuadora el\u00e9ctrica \u00a0 \u00a0m\u00e1s optimizada que jam\u00e1s haya usado. Tiene la comodidad de licuadora estilo bala con toda la potencia de una \u00a0 \u00a0licuadora de grado comercial, impulsada por un motor resistente de 3 HP, configuraci\u00f3n 2 en 1 de 6 cuchillas \u00a0 \u00a0de acero inoxidable para ingredientes h\u00famedos y secos. \u2022 Jarra de 1,5 litros (50 fl oz) fabricada con copoli\u00e9ster Eastman Tritan inastillable, resistente a productos \u00a0 \u00a0qu\u00edmicos y libre de BPA de origen estadounidense, generalmente reservado solo para usos comerciales. Viene \u00a0 \u00a0completo con tapa con cerradura y tamper a juego. La jarra est\u00e1 aprobada por UL. \u2022 M\u00e1quina de preparaci\u00f3n de alimentos vers\u00e1til: batidos, batidos, c\u00f3cteles, sopas, salsas, aderezos, pesto, \u00a0 \u00a0mantequillas de nueces, leche de nueces, helados, moler granos en harina, granos de caf\u00e9 y mucho m\u00e1s. \u00a0 \u00a0Rendimiento superior garantizado: 7 a\u00f1os de garant\u00eda del fabricante para uso dom\u00e9stico, 2 a\u00f1os de garant\u00eda \u00a0 \u00a0del fabricante para uso comercial. ESPECIFICACIONES \u2022 Capacidad: 1.5 LT. \u2022 Motor: 3 HP \u2022 cuadrado irrompible \u2022 M\u00faltiples funciones \u2022 Tritura hielo y pulpa de fruta congelada en segundos \u2022 Dos velocidades fijas (Baja y alta) \u2022 Tecnolog\u00eda de precisi\u00f3n\" \/>\n<meta property=\"og:url\" content=\"https:\/\/www.sparta-imports.com\/equipos\/producto\/licuadora-profesional-jtc-omniblend-tm-788a\/\" \/>\n<meta property=\"og:site_name\" content=\"Sparta Imports \/ Equipos\" \/>\n<meta property=\"article:modified_time\" content=\"2024-01-11T06:48:30+00:00\" \/>\n<meta property=\"og:image\" content=\"https:\/\/www.sparta-imports.com\/equipos\/wp-content\/uploads\/2024\/01\/Licuadora-TM-788A.jpg\" \/>\n\t<meta property=\"og:image:width\" content=\"800\" \/>\n\t<meta property=\"og:image:height\" content=\"800\" \/>\n\t<meta property=\"og:image:type\" content=\"image\/jpeg\" \/>\n<meta name=\"twitter:card\" content=\"summary_large_image\" \/>\n<meta name=\"twitter:label1\" content=\"Tiempo de lectura\" \/>\n\t<meta name=\"twitter:data1\" content=\"2 minutos\" \/>\n<script type=\"application\/ld+json\" class=\"yoast-schema-graph\">{\"@context\":\"https:\/\/schema.org\",\"@graph\":[{\"@type\":\"WebPage\",\"@id\":\"https:\/\/www.sparta-imports.com\/equipos\/producto\/licuadora-profesional-jtc-omniblend-tm-788a\/\",\"url\":\"https:\/\/www.sparta-imports.com\/equipos\/producto\/licuadora-profesional-jtc-omniblend-tm-788a\/\",\"name\":\"Licuadora Profesional JTC OmniBlend - TM-788A - Sparta Imports \/ Equipos\",\"isPartOf\":{\"@id\":\"https:\/\/www.sparta-imports.com\/equipos\/#website\"},\"primaryImageOfPage\":{\"@id\":\"https:\/\/www.sparta-imports.com\/equipos\/producto\/licuadora-profesional-jtc-omniblend-tm-788a\/#primaryimage\"},\"image\":{\"@id\":\"https:\/\/www.sparta-imports.com\/equipos\/producto\/licuadora-profesional-jtc-omniblend-tm-788a\/#primaryimage\"},\"thumbnailUrl\":\"https:\/\/www.sparta-imports.com\/equipos\/wp-content\/uploads\/2024\/01\/Licuadora-TM-788A.jpg\",\"datePublished\":\"2024-01-08T17:18:45+00:00\",\"dateModified\":\"2024-01-11T06:48:30+00:00\",\"breadcrumb\":{\"@id\":\"https:\/\/www.sparta-imports.com\/equipos\/producto\/licuadora-profesional-jtc-omniblend-tm-788a\/#breadcrumb\"},\"inLanguage\":\"es\",\"potentialAction\":[{\"@type\":\"ReadAction\",\"target\":[\"https:\/\/www.sparta-imports.com\/equipos\/producto\/licuadora-profesional-jtc-omniblend-tm-788a\/\"]}]},{\"@type\":\"ImageObject\",\"inLanguage\":\"es\",\"@id\":\"https:\/\/www.sparta-imports.com\/equipos\/producto\/licuadora-profesional-jtc-omniblend-tm-788a\/#primaryimage\",\"url\":\"https:\/\/www.sparta-imports.com\/equipos\/wp-content\/uploads\/2024\/01\/Licuadora-TM-788A.jpg\",\"contentUrl\":\"https:\/\/www.sparta-imports.com\/equipos\/wp-content\/uploads\/2024\/01\/Licuadora-TM-788A.jpg\",\"width\":800,\"height\":800},{\"@type\":\"BreadcrumbList\",\"@id\":\"https:\/\/www.sparta-imports.com\/equipos\/producto\/licuadora-profesional-jtc-omniblend-tm-788a\/#breadcrumb\",\"itemListElement\":[{\"@type\":\"ListItem\",\"position\":1,\"name\":\"Home\",\"item\":\"https:\/\/www.sparta-imports.com\/equipos\/\"},{\"@type\":\"ListItem\",\"position\":2,\"name\":\"Shop\",\"item\":\"https:\/\/www.sparta-imports.com\/equipos\/shop\/\"},{\"@type\":\"ListItem\",\"position\":3,\"name\":\"Licuadora Profesional JTC OmniBlend &#8211; TM-788A\"}]},{\"@type\":\"WebSite\",\"@id\":\"https:\/\/www.sparta-imports.com\/equipos\/#website\",\"url\":\"https:\/\/www.sparta-imports.com\/equipos\/\",\"name\":\"Sparta Imports \/ Equipos\",\"description\":\"\",\"publisher\":{\"@id\":\"https:\/\/www.sparta-imports.com\/equipos\/#organization\"},\"potentialAction\":[{\"@type\":\"SearchAction\",\"target\":{\"@type\":\"EntryPoint\",\"urlTemplate\":\"https:\/\/www.sparta-imports.com\/equipos\/?s={search_term_string}\"},\"query-input\":{\"@type\":\"PropertyValueSpecification\",\"valueRequired\":true,\"valueName\":\"search_term_string\"}}],\"inLanguage\":\"es\"},{\"@type\":\"Organization\",\"@id\":\"https:\/\/www.sparta-imports.com\/equipos\/#organization\",\"name\":\"Sparta Imports \/ Equipos\",\"url\":\"https:\/\/www.sparta-imports.com\/equipos\/\",\"logo\":{\"@type\":\"ImageObject\",\"inLanguage\":\"es\",\"@id\":\"https:\/\/www.sparta-imports.com\/equipos\/#\/schema\/logo\/image\/\",\"url\":\"https:\/\/www.sparta-imports.com\/equipos\/wp-content\/uploads\/2015\/10\/cropped-Banner-Sparta-Import-Encabezado-Web-C.png\",\"contentUrl\":\"https:\/\/www.sparta-imports.com\/equipos\/wp-content\/uploads\/2015\/10\/cropped-Banner-Sparta-Import-Encabezado-Web-C.png\",\"width\":775,\"height\":272,\"caption\":\"Sparta Imports \/ Equipos\"},\"image\":{\"@id\":\"https:\/\/www.sparta-imports.com\/equipos\/#\/schema\/logo\/image\/\"}}]}<\/script>\n<!-- \/ Yoast SEO plugin. -->","yoast_head_json":{"title":"Licuadora Profesional JTC OmniBlend - TM-788A - Sparta Imports \/ Equipos","robots":{"index":"index","follow":"follow","max-snippet":"max-snippet:-1","max-image-preview":"max-image-preview:large","max-video-preview":"max-video-preview:-1"},"canonical":"https:\/\/www.sparta-imports.com\/equipos\/producto\/licuadora-profesional-jtc-omniblend-tm-788a\/","og_locale":"es_ES","og_type":"article","og_title":"Licuadora Profesional JTC OmniBlend - TM-788A - Sparta Imports \/ Equipos","og_description":"LICUADORA PROFESIONAL\u00a0 \u2022 \u00a1OmniBlend y todos los accesorios ahora cuentan con la certificaci\u00f3n NSF! Con la confianza de restaurantes, \u00a0 \u00a0cocinas comerciales y hogares familiares durante m\u00e1s de 20 a\u00f1os, y se vende en m\u00e1s de 90 pa\u00edses. \u2022 Simplifica las operaciones con un interruptor de baja\/alta potencia de 2 velocidades; ser\u00e1 la licuadora el\u00e9ctrica \u00a0 \u00a0m\u00e1s optimizada que jam\u00e1s haya usado. Tiene la comodidad de licuadora estilo bala con toda la potencia de una \u00a0 \u00a0licuadora de grado comercial, impulsada por un motor resistente de 3 HP, configuraci\u00f3n 2 en 1 de 6 cuchillas \u00a0 \u00a0de acero inoxidable para ingredientes h\u00famedos y secos. \u2022 Jarra de 1,5 litros (50 fl oz) fabricada con copoli\u00e9ster Eastman Tritan inastillable, resistente a productos \u00a0 \u00a0qu\u00edmicos y libre de BPA de origen estadounidense, generalmente reservado solo para usos comerciales. Viene \u00a0 \u00a0completo con tapa con cerradura y tamper a juego. La jarra est\u00e1 aprobada por UL. \u2022 M\u00e1quina de preparaci\u00f3n de alimentos vers\u00e1til: batidos, batidos, c\u00f3cteles, sopas, salsas, aderezos, pesto, \u00a0 \u00a0mantequillas de nueces, leche de nueces, helados, moler granos en harina, granos de caf\u00e9 y mucho m\u00e1s. \u00a0 \u00a0Rendimiento superior garantizado: 7 a\u00f1os de garant\u00eda del fabricante para uso dom\u00e9stico, 2 a\u00f1os de garant\u00eda \u00a0 \u00a0del fabricante para uso comercial. ESPECIFICACIONES \u2022 Capacidad: 1.5 LT. \u2022 Motor: 3 HP \u2022 cuadrado irrompible \u2022 M\u00faltiples funciones \u2022 Tritura hielo y pulpa de fruta congelada en segundos \u2022 Dos velocidades fijas (Baja y alta) \u2022 Tecnolog\u00eda de precisi\u00f3n","og_url":"https:\/\/www.sparta-imports.com\/equipos\/producto\/licuadora-profesional-jtc-omniblend-tm-788a\/","og_site_name":"Sparta Imports \/ Equipos","article_modified_time":"2024-01-11T06:48:30+00:00","og_image":[{"width":800,"height":800,"url":"https:\/\/www.sparta-imports.com\/equipos\/wp-content\/uploads\/2024\/01\/Licuadora-TM-788A.jpg","type":"image\/jpeg"}],"twitter_card":"summary_large_image","twitter_misc":{"Tiempo de lectura":"2 minutos"},"schema":{"@context":"https:\/\/schema.org","@graph":[{"@type":"WebPage","@id":"https:\/\/www.sparta-imports.com\/equipos\/producto\/licuadora-profesional-jtc-omniblend-tm-788a\/","url":"https:\/\/www.sparta-imports.com\/equipos\/producto\/licuadora-profesional-jtc-omniblend-tm-788a\/","name":"Licuadora Profesional JTC OmniBlend - TM-788A - Sparta Imports \/ Equipos","isPartOf":{"@id":"https:\/\/www.sparta-imports.com\/equipos\/#website"},"primaryImageOfPage":{"@id":"https:\/\/www.sparta-imports.com\/equipos\/producto\/licuadora-profesional-jtc-omniblend-tm-788a\/#primaryimage"},"image":{"@id":"https:\/\/www.sparta-imports.com\/equipos\/producto\/licuadora-profesional-jtc-omniblend-tm-788a\/#primaryimage"},"thumbnailUrl":"https:\/\/www.sparta-imports.com\/equipos\/wp-content\/uploads\/2024\/01\/Licuadora-TM-788A.jpg","datePublished":"2024-01-08T17:18:45+00:00","dateModified":"2024-01-11T06:48:30+00:00","breadcrumb":{"@id":"https:\/\/www.sparta-imports.com\/equipos\/producto\/licuadora-profesional-jtc-omniblend-tm-788a\/#breadcrumb"},"inLanguage":"es","potentialAction":[{"@type":"ReadAction","target":["https:\/\/www.sparta-imports.com\/equipos\/producto\/licuadora-profesional-jtc-omniblend-tm-788a\/"]}]},{"@type":"ImageObject","inLanguage":"es","@id":"https:\/\/www.sparta-imports.com\/equipos\/producto\/licuadora-profesional-jtc-omniblend-tm-788a\/#primaryimage","url":"https:\/\/www.sparta-imports.com\/equipos\/wp-content\/uploads\/2024\/01\/Licuadora-TM-788A.jpg","contentUrl":"https:\/\/www.sparta-imports.com\/equipos\/wp-content\/uploads\/2024\/01\/Licuadora-TM-788A.jpg","width":800,"height":800},{"@type":"BreadcrumbList","@id":"https:\/\/www.sparta-imports.com\/equipos\/producto\/licuadora-profesional-jtc-omniblend-tm-788a\/#breadcrumb","itemListElement":[{"@type":"ListItem","position":1,"name":"Home","item":"https:\/\/www.sparta-imports.com\/equipos\/"},{"@type":"ListItem","position":2,"name":"Shop","item":"https:\/\/www.sparta-imports.com\/equipos\/shop\/"},{"@type":"ListItem","position":3,"name":"Licuadora Profesional JTC OmniBlend &#8211; TM-788A"}]},{"@type":"WebSite","@id":"https:\/\/www.sparta-imports.com\/equipos\/#website","url":"https:\/\/www.sparta-imports.com\/equipos\/","name":"Sparta Imports \/ Equipos","description":"","publisher":{"@id":"https:\/\/www.sparta-imports.com\/equipos\/#organization"},"potentialAction":[{"@type":"SearchAction","target":{"@type":"EntryPoint","urlTemplate":"https:\/\/www.sparta-imports.com\/equipos\/?s={search_term_string}"},"query-input":{"@type":"PropertyValueSpecification","valueRequired":true,"valueName":"search_term_string"}}],"inLanguage":"es"},{"@type":"Organization","@id":"https:\/\/www.sparta-imports.com\/equipos\/#organization","name":"Sparta Imports \/ Equipos","url":"https:\/\/www.sparta-imports.com\/equipos\/","logo":{"@type":"ImageObject","inLanguage":"es","@id":"https:\/\/www.sparta-imports.com\/equipos\/#\/schema\/logo\/image\/","url":"https:\/\/www.sparta-imports.com\/equipos\/wp-content\/uploads\/2015\/10\/cropped-Banner-Sparta-Import-Encabezado-Web-C.png","contentUrl":"https:\/\/www.sparta-imports.com\/equipos\/wp-content\/uploads\/2015\/10\/cropped-Banner-Sparta-Import-Encabezado-Web-C.png","width":775,"height":272,"caption":"Sparta Imports \/ Equipos"},"image":{"@id":"https:\/\/www.sparta-imports.com\/equipos\/#\/schema\/logo\/image\/"}}]}},"_links":{"self":[{"href":"https:\/\/www.sparta-imports.com\/equipos\/wp-json\/wp\/v2\/product\/6612"}],"collection":[{"href":"https:\/\/www.sparta-imports.com\/equipos\/wp-json\/wp\/v2\/product"}],"about":[{"href":"https:\/\/www.sparta-imports.com\/equipos\/wp-json\/wp\/v2\/types\/product"}],"replies":[{"embeddable":true,"href":"https:\/\/www.sparta-imports.com\/equipos\/wp-json\/wp\/v2\/comments?post=6612"}],"wp:featuredmedia":[{"embeddable":true,"href":"https:\/\/www.sparta-imports.com\/equipos\/wp-json\/wp\/v2\/media\/6613"}],"wp:attachment":[{"href":"https:\/\/www.sparta-imports.com\/equipos\/wp-json\/wp\/v2\/media?parent=6612"}],"wp:term":[{"taxonomy":"product_cat","embeddable":true,"href":"https:\/\/www.sparta-imports.com\/equipos\/wp-json\/wp\/v2\/product_cat?post=6612"},{"taxonomy":"product_tag","embeddable":true,"href":"https:\/\/www.sparta-imports.com\/equipos\/wp-json\/wp\/v2\/product_tag?post=6612"}],"curies":[{"name":"wp","href":"https:\/\/api.w.org\/{rel}","templated":true}]}}