{"id":6610,"date":"2024-01-08T11:32:01","date_gmt":"2024-01-08T16:32:01","guid":{"rendered":"https:\/\/www.sparta-imports.com\/equipos\/?post_type=product&#038;p=6610"},"modified":"2024-01-08T11:32:02","modified_gmt":"2024-01-08T16:32:02","slug":"sellador-de-platos-bs10eco","status":"publish","type":"product","link":"https:\/\/www.sparta-imports.com\/equipos\/producto\/sellador-de-platos-bs10eco\/","title":{"rendered":"Sellador de Platos BS10ECO"},"content":{"rendered":"<p><strong>SELLADOR DE PLATOS<\/strong><\/p>\n<p><strong>Dise\u00f1o general <\/strong><\/p>\n<p>Las envasadoras BS est\u00e1n fabricadas con componentes de primera calidad: acero inoxidable y protegidas contra salpicaduras los elementos se combinan en unidades compactas. La tecnolog\u00eda robusta y el dise\u00f1o avanzado garantizan una larga durabilidad de la m\u00e1quina.<\/p>\n<p><strong>Herramienta de sellado <\/strong><\/p>\n<p>Debido a la perfecta combinaci\u00f3n perfecta de presi\u00f3n de contacto, temperatura de sellado y tiempo de sellado, todos los resultados de sellado cumplen con los m\u00e1s altos est\u00e1ndares de calidad. Un sensor de temperatura y un potente calentamiento. Los elementos garantizan una distribuci\u00f3n uniforme del calor. El corte limpio del contorno de las l\u00e1minas da como resultado un resultado de embalaje atractivo. La l\u00e1mina residual se puede quitar r\u00e1pidamente con la mano.<\/p>\n<p><strong>Datos t\u00e9cnicos<\/strong><\/p>\n<p>Sellado m\u00e1ximo: 365 \u00d7 280 mm<\/p>\n<p>Altura m\u00e1xima de la carcasa: 115 mm<\/p>\n<p>Ciclos: 5 &#8211; 10 \/ Min.*<\/p>\n<p>Dimensiones exteriores: 516 \u00d7 970 \u00d7 790 mm**<\/p>\n<p>Ancho m\u00e1ximo de pel\u00edcula: 380 mm<\/p>\n<p>Suministro de aire comprimido: 6 Bar<\/p>\n<p>Peso: 74 kg<\/p>\n<p>Conexi\u00f3n el\u00e9ctrica: 1 fase, 230 \/ 400 V, 50 Hz***<\/p>\n<p>Potencia: 1,25kW<\/p>\n<p>* En funci\u00f3n de los par\u00e1metros de proceso ajustados<\/p>\n<p>** ancho x fondo x alto<\/p>\n<p>*** Tensiones especiales bajo pedido<\/p>\n","protected":false},"excerpt":{"rendered":"<p>SELLADOR DE PLATOS Dise\u00f1o general Las envasadoras BS est\u00e1n fabricadas con componentes de primera calidad: acero inoxidable y protegidas contra salpicaduras los elementos se combinan en unidades compactas. La tecnolog\u00eda robusta y el dise\u00f1o avanzado garantizan una larga durabilidad de la m\u00e1quina. Herramienta de sellado Debido a la perfecta combinaci\u00f3n perfecta de presi\u00f3n de contacto, temperatura de sellado y tiempo de sellado, todos los resultados de sellado cumplen con los m\u00e1s altos est\u00e1ndares de calidad. Un sensor de temperatura y un potente calentamiento. Los elementos garantizan una distribuci\u00f3n uniforme del calor. El corte limpio del contorno de las l\u00e1minas da como resultado un resultado de embalaje atractivo. La l\u00e1mina residual se puede quitar r\u00e1pidamente con la mano. Datos t\u00e9cnicos Sellado m\u00e1ximo: 365 \u00d7 280 mm Altura m\u00e1xima de la carcasa: 115 mm Ciclos: 5 &#8211; 10 \/ Min.* Dimensiones exteriores: 516 \u00d7 970 \u00d7 790 mm** Ancho m\u00e1ximo de pel\u00edcula: 380 mm Suministro de aire comprimido: 6 Bar Peso: 74 kg Conexi\u00f3n el\u00e9ctrica: 1 fase, 230 \/ 400 V, 50 Hz*** Potencia: 1,25kW * En funci\u00f3n de los par\u00e1metros de proceso ajustados ** ancho x fondo x alto *** Tensiones especiales bajo pedido<\/p>\n","protected":false},"featured_media":6611,"comment_status":"open","ping_status":"closed","template":"","meta":{"_coblocks_attr":"","_coblocks_dimensions":"","_coblocks_responsive_height":"","_coblocks_accordion_ie_support":""},"product_cat":[309,306],"product_tag":[],"class_list":{"0":"post-6610","1":"product","2":"type-product","3":"status-publish","4":"has-post-thumbnail","6":"product_cat-envasadora-al-vacio","7":"product_cat-equipos-complementarios","8":"badges-style-2","10":"first","11":"instock","12":"shipping-taxable","13":"product-type-simple"},"yoast_head":"<!-- This site is optimized with the Yoast SEO plugin v23.8 - https:\/\/yoast.com\/wordpress\/plugins\/seo\/ -->\n<title>Sellador de Platos BS10ECO - Sparta Imports \/ Equipos<\/title>\n<meta name=\"robots\" content=\"index, follow, max-snippet:-1, max-image-preview:large, max-video-preview:-1\" \/>\n<link rel=\"canonical\" href=\"https:\/\/www.sparta-imports.com\/equipos\/producto\/sellador-de-platos-bs10eco\/\" \/>\n<meta property=\"og:locale\" content=\"es_ES\" \/>\n<meta property=\"og:type\" content=\"article\" \/>\n<meta property=\"og:title\" content=\"Sellador de Platos BS10ECO - Sparta Imports \/ Equipos\" \/>\n<meta property=\"og:description\" content=\"SELLADOR DE PLATOS Dise\u00f1o general Las envasadoras BS est\u00e1n fabricadas con componentes de primera calidad: acero inoxidable y protegidas contra salpicaduras los elementos se combinan en unidades compactas. La tecnolog\u00eda robusta y el dise\u00f1o avanzado garantizan una larga durabilidad de la m\u00e1quina. Herramienta de sellado Debido a la perfecta combinaci\u00f3n perfecta de presi\u00f3n de contacto, temperatura de sellado y tiempo de sellado, todos los resultados de sellado cumplen con los m\u00e1s altos est\u00e1ndares de calidad. Un sensor de temperatura y un potente calentamiento. Los elementos garantizan una distribuci\u00f3n uniforme del calor. El corte limpio del contorno de las l\u00e1minas da como resultado un resultado de embalaje atractivo. La l\u00e1mina residual se puede quitar r\u00e1pidamente con la mano. Datos t\u00e9cnicos Sellado m\u00e1ximo: 365 \u00d7 280 mm Altura m\u00e1xima de la carcasa: 115 mm Ciclos: 5 &#8211; 10 \/ Min.* Dimensiones exteriores: 516 \u00d7 970 \u00d7 790 mm** Ancho m\u00e1ximo de pel\u00edcula: 380 mm Suministro de aire comprimido: 6 Bar Peso: 74 kg Conexi\u00f3n el\u00e9ctrica: 1 fase, 230 \/ 400 V, 50 Hz*** Potencia: 1,25kW * En funci\u00f3n de los par\u00e1metros de proceso ajustados ** ancho x fondo x alto *** Tensiones especiales bajo pedido\" \/>\n<meta property=\"og:url\" content=\"https:\/\/www.sparta-imports.com\/equipos\/producto\/sellador-de-platos-bs10eco\/\" \/>\n<meta property=\"og:site_name\" content=\"Sparta Imports \/ Equipos\" \/>\n<meta property=\"article:modified_time\" content=\"2024-01-08T16:32:02+00:00\" \/>\n<meta property=\"og:image\" content=\"https:\/\/www.sparta-imports.com\/equipos\/wp-content\/uploads\/2024\/01\/Sellador-de-Platos-BS10ECO.jpg\" \/>\n\t<meta property=\"og:image:width\" content=\"800\" \/>\n\t<meta property=\"og:image:height\" content=\"800\" \/>\n\t<meta property=\"og:image:type\" content=\"image\/jpeg\" \/>\n<meta name=\"twitter:card\" content=\"summary_large_image\" \/>\n<meta name=\"twitter:label1\" content=\"Tiempo de lectura\" \/>\n\t<meta name=\"twitter:data1\" content=\"2 minutos\" \/>\n<script type=\"application\/ld+json\" class=\"yoast-schema-graph\">{\"@context\":\"https:\/\/schema.org\",\"@graph\":[{\"@type\":\"WebPage\",\"@id\":\"https:\/\/www.sparta-imports.com\/equipos\/producto\/sellador-de-platos-bs10eco\/\",\"url\":\"https:\/\/www.sparta-imports.com\/equipos\/producto\/sellador-de-platos-bs10eco\/\",\"name\":\"Sellador de Platos BS10ECO - Sparta Imports \/ Equipos\",\"isPartOf\":{\"@id\":\"https:\/\/www.sparta-imports.com\/equipos\/#website\"},\"primaryImageOfPage\":{\"@id\":\"https:\/\/www.sparta-imports.com\/equipos\/producto\/sellador-de-platos-bs10eco\/#primaryimage\"},\"image\":{\"@id\":\"https:\/\/www.sparta-imports.com\/equipos\/producto\/sellador-de-platos-bs10eco\/#primaryimage\"},\"thumbnailUrl\":\"https:\/\/www.sparta-imports.com\/equipos\/wp-content\/uploads\/2024\/01\/Sellador-de-Platos-BS10ECO.jpg\",\"datePublished\":\"2024-01-08T16:32:01+00:00\",\"dateModified\":\"2024-01-08T16:32:02+00:00\",\"breadcrumb\":{\"@id\":\"https:\/\/www.sparta-imports.com\/equipos\/producto\/sellador-de-platos-bs10eco\/#breadcrumb\"},\"inLanguage\":\"es\",\"potentialAction\":[{\"@type\":\"ReadAction\",\"target\":[\"https:\/\/www.sparta-imports.com\/equipos\/producto\/sellador-de-platos-bs10eco\/\"]}]},{\"@type\":\"ImageObject\",\"inLanguage\":\"es\",\"@id\":\"https:\/\/www.sparta-imports.com\/equipos\/producto\/sellador-de-platos-bs10eco\/#primaryimage\",\"url\":\"https:\/\/www.sparta-imports.com\/equipos\/wp-content\/uploads\/2024\/01\/Sellador-de-Platos-BS10ECO.jpg\",\"contentUrl\":\"https:\/\/www.sparta-imports.com\/equipos\/wp-content\/uploads\/2024\/01\/Sellador-de-Platos-BS10ECO.jpg\",\"width\":800,\"height\":800},{\"@type\":\"BreadcrumbList\",\"@id\":\"https:\/\/www.sparta-imports.com\/equipos\/producto\/sellador-de-platos-bs10eco\/#breadcrumb\",\"itemListElement\":[{\"@type\":\"ListItem\",\"position\":1,\"name\":\"Home\",\"item\":\"https:\/\/www.sparta-imports.com\/equipos\/\"},{\"@type\":\"ListItem\",\"position\":2,\"name\":\"Shop\",\"item\":\"https:\/\/www.sparta-imports.com\/equipos\/shop\/\"},{\"@type\":\"ListItem\",\"position\":3,\"name\":\"Sellador de Platos BS10ECO\"}]},{\"@type\":\"WebSite\",\"@id\":\"https:\/\/www.sparta-imports.com\/equipos\/#website\",\"url\":\"https:\/\/www.sparta-imports.com\/equipos\/\",\"name\":\"Sparta Imports \/ Equipos\",\"description\":\"\",\"publisher\":{\"@id\":\"https:\/\/www.sparta-imports.com\/equipos\/#organization\"},\"potentialAction\":[{\"@type\":\"SearchAction\",\"target\":{\"@type\":\"EntryPoint\",\"urlTemplate\":\"https:\/\/www.sparta-imports.com\/equipos\/?s={search_term_string}\"},\"query-input\":{\"@type\":\"PropertyValueSpecification\",\"valueRequired\":true,\"valueName\":\"search_term_string\"}}],\"inLanguage\":\"es\"},{\"@type\":\"Organization\",\"@id\":\"https:\/\/www.sparta-imports.com\/equipos\/#organization\",\"name\":\"Sparta Imports \/ Equipos\",\"url\":\"https:\/\/www.sparta-imports.com\/equipos\/\",\"logo\":{\"@type\":\"ImageObject\",\"inLanguage\":\"es\",\"@id\":\"https:\/\/www.sparta-imports.com\/equipos\/#\/schema\/logo\/image\/\",\"url\":\"https:\/\/www.sparta-imports.com\/equipos\/wp-content\/uploads\/2015\/10\/cropped-Banner-Sparta-Import-Encabezado-Web-C.png\",\"contentUrl\":\"https:\/\/www.sparta-imports.com\/equipos\/wp-content\/uploads\/2015\/10\/cropped-Banner-Sparta-Import-Encabezado-Web-C.png\",\"width\":775,\"height\":272,\"caption\":\"Sparta Imports \/ Equipos\"},\"image\":{\"@id\":\"https:\/\/www.sparta-imports.com\/equipos\/#\/schema\/logo\/image\/\"}}]}<\/script>\n<!-- \/ Yoast SEO plugin. -->","yoast_head_json":{"title":"Sellador de Platos BS10ECO - Sparta Imports \/ Equipos","robots":{"index":"index","follow":"follow","max-snippet":"max-snippet:-1","max-image-preview":"max-image-preview:large","max-video-preview":"max-video-preview:-1"},"canonical":"https:\/\/www.sparta-imports.com\/equipos\/producto\/sellador-de-platos-bs10eco\/","og_locale":"es_ES","og_type":"article","og_title":"Sellador de Platos BS10ECO - Sparta Imports \/ Equipos","og_description":"SELLADOR DE PLATOS Dise\u00f1o general Las envasadoras BS est\u00e1n fabricadas con componentes de primera calidad: acero inoxidable y protegidas contra salpicaduras los elementos se combinan en unidades compactas. La tecnolog\u00eda robusta y el dise\u00f1o avanzado garantizan una larga durabilidad de la m\u00e1quina. Herramienta de sellado Debido a la perfecta combinaci\u00f3n perfecta de presi\u00f3n de contacto, temperatura de sellado y tiempo de sellado, todos los resultados de sellado cumplen con los m\u00e1s altos est\u00e1ndares de calidad. Un sensor de temperatura y un potente calentamiento. Los elementos garantizan una distribuci\u00f3n uniforme del calor. El corte limpio del contorno de las l\u00e1minas da como resultado un resultado de embalaje atractivo. La l\u00e1mina residual se puede quitar r\u00e1pidamente con la mano. Datos t\u00e9cnicos Sellado m\u00e1ximo: 365 \u00d7 280 mm Altura m\u00e1xima de la carcasa: 115 mm Ciclos: 5 &#8211; 10 \/ Min.* Dimensiones exteriores: 516 \u00d7 970 \u00d7 790 mm** Ancho m\u00e1ximo de pel\u00edcula: 380 mm Suministro de aire comprimido: 6 Bar Peso: 74 kg Conexi\u00f3n el\u00e9ctrica: 1 fase, 230 \/ 400 V, 50 Hz*** Potencia: 1,25kW * En funci\u00f3n de los par\u00e1metros de proceso ajustados ** ancho x fondo x alto *** Tensiones especiales bajo pedido","og_url":"https:\/\/www.sparta-imports.com\/equipos\/producto\/sellador-de-platos-bs10eco\/","og_site_name":"Sparta Imports \/ Equipos","article_modified_time":"2024-01-08T16:32:02+00:00","og_image":[{"width":800,"height":800,"url":"https:\/\/www.sparta-imports.com\/equipos\/wp-content\/uploads\/2024\/01\/Sellador-de-Platos-BS10ECO.jpg","type":"image\/jpeg"}],"twitter_card":"summary_large_image","twitter_misc":{"Tiempo de lectura":"2 minutos"},"schema":{"@context":"https:\/\/schema.org","@graph":[{"@type":"WebPage","@id":"https:\/\/www.sparta-imports.com\/equipos\/producto\/sellador-de-platos-bs10eco\/","url":"https:\/\/www.sparta-imports.com\/equipos\/producto\/sellador-de-platos-bs10eco\/","name":"Sellador de Platos BS10ECO - Sparta Imports \/ Equipos","isPartOf":{"@id":"https:\/\/www.sparta-imports.com\/equipos\/#website"},"primaryImageOfPage":{"@id":"https:\/\/www.sparta-imports.com\/equipos\/producto\/sellador-de-platos-bs10eco\/#primaryimage"},"image":{"@id":"https:\/\/www.sparta-imports.com\/equipos\/producto\/sellador-de-platos-bs10eco\/#primaryimage"},"thumbnailUrl":"https:\/\/www.sparta-imports.com\/equipos\/wp-content\/uploads\/2024\/01\/Sellador-de-Platos-BS10ECO.jpg","datePublished":"2024-01-08T16:32:01+00:00","dateModified":"2024-01-08T16:32:02+00:00","breadcrumb":{"@id":"https:\/\/www.sparta-imports.com\/equipos\/producto\/sellador-de-platos-bs10eco\/#breadcrumb"},"inLanguage":"es","potentialAction":[{"@type":"ReadAction","target":["https:\/\/www.sparta-imports.com\/equipos\/producto\/sellador-de-platos-bs10eco\/"]}]},{"@type":"ImageObject","inLanguage":"es","@id":"https:\/\/www.sparta-imports.com\/equipos\/producto\/sellador-de-platos-bs10eco\/#primaryimage","url":"https:\/\/www.sparta-imports.com\/equipos\/wp-content\/uploads\/2024\/01\/Sellador-de-Platos-BS10ECO.jpg","contentUrl":"https:\/\/www.sparta-imports.com\/equipos\/wp-content\/uploads\/2024\/01\/Sellador-de-Platos-BS10ECO.jpg","width":800,"height":800},{"@type":"BreadcrumbList","@id":"https:\/\/www.sparta-imports.com\/equipos\/producto\/sellador-de-platos-bs10eco\/#breadcrumb","itemListElement":[{"@type":"ListItem","position":1,"name":"Home","item":"https:\/\/www.sparta-imports.com\/equipos\/"},{"@type":"ListItem","position":2,"name":"Shop","item":"https:\/\/www.sparta-imports.com\/equipos\/shop\/"},{"@type":"ListItem","position":3,"name":"Sellador de Platos BS10ECO"}]},{"@type":"WebSite","@id":"https:\/\/www.sparta-imports.com\/equipos\/#website","url":"https:\/\/www.sparta-imports.com\/equipos\/","name":"Sparta Imports \/ Equipos","description":"","publisher":{"@id":"https:\/\/www.sparta-imports.com\/equipos\/#organization"},"potentialAction":[{"@type":"SearchAction","target":{"@type":"EntryPoint","urlTemplate":"https:\/\/www.sparta-imports.com\/equipos\/?s={search_term_string}"},"query-input":{"@type":"PropertyValueSpecification","valueRequired":true,"valueName":"search_term_string"}}],"inLanguage":"es"},{"@type":"Organization","@id":"https:\/\/www.sparta-imports.com\/equipos\/#organization","name":"Sparta Imports \/ Equipos","url":"https:\/\/www.sparta-imports.com\/equipos\/","logo":{"@type":"ImageObject","inLanguage":"es","@id":"https:\/\/www.sparta-imports.com\/equipos\/#\/schema\/logo\/image\/","url":"https:\/\/www.sparta-imports.com\/equipos\/wp-content\/uploads\/2015\/10\/cropped-Banner-Sparta-Import-Encabezado-Web-C.png","contentUrl":"https:\/\/www.sparta-imports.com\/equipos\/wp-content\/uploads\/2015\/10\/cropped-Banner-Sparta-Import-Encabezado-Web-C.png","width":775,"height":272,"caption":"Sparta Imports \/ Equipos"},"image":{"@id":"https:\/\/www.sparta-imports.com\/equipos\/#\/schema\/logo\/image\/"}}]}},"_links":{"self":[{"href":"https:\/\/www.sparta-imports.com\/equipos\/wp-json\/wp\/v2\/product\/6610"}],"collection":[{"href":"https:\/\/www.sparta-imports.com\/equipos\/wp-json\/wp\/v2\/product"}],"about":[{"href":"https:\/\/www.sparta-imports.com\/equipos\/wp-json\/wp\/v2\/types\/product"}],"replies":[{"embeddable":true,"href":"https:\/\/www.sparta-imports.com\/equipos\/wp-json\/wp\/v2\/comments?post=6610"}],"wp:featuredmedia":[{"embeddable":true,"href":"https:\/\/www.sparta-imports.com\/equipos\/wp-json\/wp\/v2\/media\/6611"}],"wp:attachment":[{"href":"https:\/\/www.sparta-imports.com\/equipos\/wp-json\/wp\/v2\/media?parent=6610"}],"wp:term":[{"taxonomy":"product_cat","embeddable":true,"href":"https:\/\/www.sparta-imports.com\/equipos\/wp-json\/wp\/v2\/product_cat?post=6610"},{"taxonomy":"product_tag","embeddable":true,"href":"https:\/\/www.sparta-imports.com\/equipos\/wp-json\/wp\/v2\/product_tag?post=6610"}],"curies":[{"name":"wp","href":"https:\/\/api.w.org\/{rel}","templated":true}]}}