{"id":6607,"date":"2024-01-05T12:01:41","date_gmt":"2024-01-05T17:01:41","guid":{"rendered":"https:\/\/www.sparta-imports.com\/equipos\/?post_type=product&#038;p=6607"},"modified":"2024-01-05T13:41:02","modified_gmt":"2024-01-05T18:41:02","slug":"vitrina-fria-sparta-import-wdg126d","status":"publish","type":"product","link":"https:\/\/www.sparta-imports.com\/equipos\/producto\/vitrina-fria-sparta-import-wdg126d\/","title":{"rendered":"Vitrina Fria Sparta Import &#8211; WDG126D"},"content":{"rendered":"<div>\u2022 La vitrina de pasteler\u00eda se usa en establecimientos p\u00fablicos de alimentaci\u00f3n y comercio para demostraciones,<\/div>\n<div>\u00a0 \u00a0refrigeraci\u00f3n y conservaci\u00f3n de corta duraci\u00f3n de pasteler\u00eda y postres.<\/div>\n<div>\u2022 El equipo opera a una temperatura ambiente de 12 a 25 \u00b0C.<\/div>\n<div>\u2022 Las soluciones constructivas con estantes de exhibici\u00f3n iluminados y vitrinas decorativas en cada nivel<\/div>\n<div>\u00a0 \u00a0crear\u00e1n una exhibici\u00f3n que atraiga a los clientes.<\/div>\n<div>\u2022 Caracter\u00edsticas principales:\u00a0Desescarche autom\u00e1tico del evaporador;\u00a0Sistema de control electr\u00f3nico;<\/div>\n<div>\u00a0 \u00a0Luces led; 4 ruedas giratorias.<\/div>\n<div>\u2022 Especificaciones: Temperatura (\u00baC) +2 ~ +10<\/div>\n<div>\u2022 Voltaje (V \/ Hz) 220V 50Hz Potencia (W) 540<\/div>\n<div>\u2022 Refrigerante R22 Volumen utilizable (l) 300<\/div>\n<div>\u2022 N\u00famero de estantes 2<\/div>\n<div>\u2022 Dimensiones (mm) 1200 \u00d7 660 \u00d7 1200 (Frente x Fondo x Alto).<\/div>\n","protected":false},"excerpt":{"rendered":"<p>\u2022 La vitrina de pasteler\u00eda se usa en establecimientos p\u00fablicos de alimentaci\u00f3n y comercio para demostraciones, \u00a0 \u00a0refrigeraci\u00f3n y conservaci\u00f3n de corta duraci\u00f3n de pasteler\u00eda y postres. \u2022 El equipo opera a una temperatura ambiente de 12 a 25 \u00b0C. \u2022 Las soluciones constructivas con estantes de exhibici\u00f3n iluminados y vitrinas decorativas en cada nivel \u00a0 \u00a0crear\u00e1n una exhibici\u00f3n que atraiga a los clientes. \u2022 Caracter\u00edsticas principales:\u00a0Desescarche autom\u00e1tico del evaporador;\u00a0Sistema de control electr\u00f3nico; \u00a0 \u00a0Luces led; 4 ruedas giratorias. \u2022 Especificaciones: Temperatura (\u00baC) +2 ~ +10 \u2022 Voltaje (V \/ Hz) 220V 50Hz Potencia (W) 540 \u2022 Refrigerante R22 Volumen utilizable (l) 300 \u2022 N\u00famero de estantes 2 \u2022 Dimensiones (mm) 1200 \u00d7 660 \u00d7 1200 (Frente x Fondo x Alto).<\/p>\n","protected":false},"featured_media":6608,"comment_status":"open","ping_status":"closed","template":"","meta":{"_coblocks_attr":"","_coblocks_dimensions":"","_coblocks_responsive_height":"","_coblocks_accordion_ie_support":""},"product_cat":[299,300],"product_tag":[],"class_list":{"0":"post-6607","1":"product","2":"type-product","3":"status-publish","4":"has-post-thumbnail","6":"product_cat-linea-fria","7":"product_cat-vitrinas","8":"badges-style-2","10":"first","11":"instock","12":"shipping-taxable","13":"product-type-simple"},"yoast_head":"<!-- This site is optimized with the Yoast SEO plugin v23.8 - https:\/\/yoast.com\/wordpress\/plugins\/seo\/ -->\n<title>Vitrina Fria Sparta Import - WDG126D - Sparta Imports \/ Equipos<\/title>\n<meta name=\"robots\" content=\"index, follow, max-snippet:-1, max-image-preview:large, max-video-preview:-1\" \/>\n<link rel=\"canonical\" href=\"https:\/\/www.sparta-imports.com\/equipos\/producto\/vitrina-fria-sparta-import-wdg126d\/\" \/>\n<meta property=\"og:locale\" content=\"es_ES\" \/>\n<meta property=\"og:type\" content=\"article\" \/>\n<meta property=\"og:title\" content=\"Vitrina Fria Sparta Import - WDG126D - Sparta Imports \/ Equipos\" \/>\n<meta property=\"og:description\" content=\"\u2022 La vitrina de pasteler\u00eda se usa en establecimientos p\u00fablicos de alimentaci\u00f3n y comercio para demostraciones, \u00a0 \u00a0refrigeraci\u00f3n y conservaci\u00f3n de corta duraci\u00f3n de pasteler\u00eda y postres. \u2022 El equipo opera a una temperatura ambiente de 12 a 25 \u00b0C. \u2022 Las soluciones constructivas con estantes de exhibici\u00f3n iluminados y vitrinas decorativas en cada nivel \u00a0 \u00a0crear\u00e1n una exhibici\u00f3n que atraiga a los clientes. \u2022 Caracter\u00edsticas principales:\u00a0Desescarche autom\u00e1tico del evaporador;\u00a0Sistema de control electr\u00f3nico; \u00a0 \u00a0Luces led; 4 ruedas giratorias. \u2022 Especificaciones: Temperatura (\u00baC) +2 ~ +10 \u2022 Voltaje (V \/ Hz) 220V 50Hz Potencia (W) 540 \u2022 Refrigerante R22 Volumen utilizable (l) 300 \u2022 N\u00famero de estantes 2 \u2022 Dimensiones (mm) 1200 \u00d7 660 \u00d7 1200 (Frente x Fondo x Alto).\" \/>\n<meta property=\"og:url\" content=\"https:\/\/www.sparta-imports.com\/equipos\/producto\/vitrina-fria-sparta-import-wdg126d\/\" \/>\n<meta property=\"og:site_name\" content=\"Sparta Imports \/ Equipos\" \/>\n<meta property=\"article:modified_time\" content=\"2024-01-05T18:41:02+00:00\" \/>\n<meta property=\"og:image\" content=\"https:\/\/www.sparta-imports.com\/equipos\/wp-content\/uploads\/2024\/01\/Vitrina-Fria-WDG126G.jpg\" \/>\n\t<meta property=\"og:image:width\" content=\"800\" \/>\n\t<meta property=\"og:image:height\" content=\"800\" \/>\n\t<meta property=\"og:image:type\" content=\"image\/jpeg\" \/>\n<meta name=\"twitter:card\" content=\"summary_large_image\" \/>\n<meta name=\"twitter:label1\" content=\"Tiempo de lectura\" \/>\n\t<meta name=\"twitter:data1\" content=\"1 minuto\" \/>\n<script type=\"application\/ld+json\" class=\"yoast-schema-graph\">{\"@context\":\"https:\/\/schema.org\",\"@graph\":[{\"@type\":\"WebPage\",\"@id\":\"https:\/\/www.sparta-imports.com\/equipos\/producto\/vitrina-fria-sparta-import-wdg126d\/\",\"url\":\"https:\/\/www.sparta-imports.com\/equipos\/producto\/vitrina-fria-sparta-import-wdg126d\/\",\"name\":\"Vitrina Fria Sparta Import - WDG126D - Sparta Imports \/ Equipos\",\"isPartOf\":{\"@id\":\"https:\/\/www.sparta-imports.com\/equipos\/#website\"},\"primaryImageOfPage\":{\"@id\":\"https:\/\/www.sparta-imports.com\/equipos\/producto\/vitrina-fria-sparta-import-wdg126d\/#primaryimage\"},\"image\":{\"@id\":\"https:\/\/www.sparta-imports.com\/equipos\/producto\/vitrina-fria-sparta-import-wdg126d\/#primaryimage\"},\"thumbnailUrl\":\"https:\/\/www.sparta-imports.com\/equipos\/wp-content\/uploads\/2024\/01\/Vitrina-Fria-WDG126G.jpg\",\"datePublished\":\"2024-01-05T17:01:41+00:00\",\"dateModified\":\"2024-01-05T18:41:02+00:00\",\"breadcrumb\":{\"@id\":\"https:\/\/www.sparta-imports.com\/equipos\/producto\/vitrina-fria-sparta-import-wdg126d\/#breadcrumb\"},\"inLanguage\":\"es\",\"potentialAction\":[{\"@type\":\"ReadAction\",\"target\":[\"https:\/\/www.sparta-imports.com\/equipos\/producto\/vitrina-fria-sparta-import-wdg126d\/\"]}]},{\"@type\":\"ImageObject\",\"inLanguage\":\"es\",\"@id\":\"https:\/\/www.sparta-imports.com\/equipos\/producto\/vitrina-fria-sparta-import-wdg126d\/#primaryimage\",\"url\":\"https:\/\/www.sparta-imports.com\/equipos\/wp-content\/uploads\/2024\/01\/Vitrina-Fria-WDG126G.jpg\",\"contentUrl\":\"https:\/\/www.sparta-imports.com\/equipos\/wp-content\/uploads\/2024\/01\/Vitrina-Fria-WDG126G.jpg\",\"width\":800,\"height\":800},{\"@type\":\"BreadcrumbList\",\"@id\":\"https:\/\/www.sparta-imports.com\/equipos\/producto\/vitrina-fria-sparta-import-wdg126d\/#breadcrumb\",\"itemListElement\":[{\"@type\":\"ListItem\",\"position\":1,\"name\":\"Home\",\"item\":\"https:\/\/www.sparta-imports.com\/equipos\/\"},{\"@type\":\"ListItem\",\"position\":2,\"name\":\"Shop\",\"item\":\"https:\/\/www.sparta-imports.com\/equipos\/shop\/\"},{\"@type\":\"ListItem\",\"position\":3,\"name\":\"Vitrina Fria Sparta Import &#8211; WDG126D\"}]},{\"@type\":\"WebSite\",\"@id\":\"https:\/\/www.sparta-imports.com\/equipos\/#website\",\"url\":\"https:\/\/www.sparta-imports.com\/equipos\/\",\"name\":\"Sparta Imports \/ Equipos\",\"description\":\"\",\"publisher\":{\"@id\":\"https:\/\/www.sparta-imports.com\/equipos\/#organization\"},\"potentialAction\":[{\"@type\":\"SearchAction\",\"target\":{\"@type\":\"EntryPoint\",\"urlTemplate\":\"https:\/\/www.sparta-imports.com\/equipos\/?s={search_term_string}\"},\"query-input\":{\"@type\":\"PropertyValueSpecification\",\"valueRequired\":true,\"valueName\":\"search_term_string\"}}],\"inLanguage\":\"es\"},{\"@type\":\"Organization\",\"@id\":\"https:\/\/www.sparta-imports.com\/equipos\/#organization\",\"name\":\"Sparta Imports \/ Equipos\",\"url\":\"https:\/\/www.sparta-imports.com\/equipos\/\",\"logo\":{\"@type\":\"ImageObject\",\"inLanguage\":\"es\",\"@id\":\"https:\/\/www.sparta-imports.com\/equipos\/#\/schema\/logo\/image\/\",\"url\":\"https:\/\/www.sparta-imports.com\/equipos\/wp-content\/uploads\/2015\/10\/cropped-Banner-Sparta-Import-Encabezado-Web-C.png\",\"contentUrl\":\"https:\/\/www.sparta-imports.com\/equipos\/wp-content\/uploads\/2015\/10\/cropped-Banner-Sparta-Import-Encabezado-Web-C.png\",\"width\":775,\"height\":272,\"caption\":\"Sparta Imports \/ Equipos\"},\"image\":{\"@id\":\"https:\/\/www.sparta-imports.com\/equipos\/#\/schema\/logo\/image\/\"}}]}<\/script>\n<!-- \/ Yoast SEO plugin. -->","yoast_head_json":{"title":"Vitrina Fria Sparta Import - WDG126D - Sparta Imports \/ Equipos","robots":{"index":"index","follow":"follow","max-snippet":"max-snippet:-1","max-image-preview":"max-image-preview:large","max-video-preview":"max-video-preview:-1"},"canonical":"https:\/\/www.sparta-imports.com\/equipos\/producto\/vitrina-fria-sparta-import-wdg126d\/","og_locale":"es_ES","og_type":"article","og_title":"Vitrina Fria Sparta Import - WDG126D - Sparta Imports \/ Equipos","og_description":"\u2022 La vitrina de pasteler\u00eda se usa en establecimientos p\u00fablicos de alimentaci\u00f3n y comercio para demostraciones, \u00a0 \u00a0refrigeraci\u00f3n y conservaci\u00f3n de corta duraci\u00f3n de pasteler\u00eda y postres. \u2022 El equipo opera a una temperatura ambiente de 12 a 25 \u00b0C. \u2022 Las soluciones constructivas con estantes de exhibici\u00f3n iluminados y vitrinas decorativas en cada nivel \u00a0 \u00a0crear\u00e1n una exhibici\u00f3n que atraiga a los clientes. \u2022 Caracter\u00edsticas principales:\u00a0Desescarche autom\u00e1tico del evaporador;\u00a0Sistema de control electr\u00f3nico; \u00a0 \u00a0Luces led; 4 ruedas giratorias. \u2022 Especificaciones: Temperatura (\u00baC) +2 ~ +10 \u2022 Voltaje (V \/ Hz) 220V 50Hz Potencia (W) 540 \u2022 Refrigerante R22 Volumen utilizable (l) 300 \u2022 N\u00famero de estantes 2 \u2022 Dimensiones (mm) 1200 \u00d7 660 \u00d7 1200 (Frente x Fondo x Alto).","og_url":"https:\/\/www.sparta-imports.com\/equipos\/producto\/vitrina-fria-sparta-import-wdg126d\/","og_site_name":"Sparta Imports \/ Equipos","article_modified_time":"2024-01-05T18:41:02+00:00","og_image":[{"width":800,"height":800,"url":"https:\/\/www.sparta-imports.com\/equipos\/wp-content\/uploads\/2024\/01\/Vitrina-Fria-WDG126G.jpg","type":"image\/jpeg"}],"twitter_card":"summary_large_image","twitter_misc":{"Tiempo de lectura":"1 minuto"},"schema":{"@context":"https:\/\/schema.org","@graph":[{"@type":"WebPage","@id":"https:\/\/www.sparta-imports.com\/equipos\/producto\/vitrina-fria-sparta-import-wdg126d\/","url":"https:\/\/www.sparta-imports.com\/equipos\/producto\/vitrina-fria-sparta-import-wdg126d\/","name":"Vitrina Fria Sparta Import - WDG126D - Sparta Imports \/ Equipos","isPartOf":{"@id":"https:\/\/www.sparta-imports.com\/equipos\/#website"},"primaryImageOfPage":{"@id":"https:\/\/www.sparta-imports.com\/equipos\/producto\/vitrina-fria-sparta-import-wdg126d\/#primaryimage"},"image":{"@id":"https:\/\/www.sparta-imports.com\/equipos\/producto\/vitrina-fria-sparta-import-wdg126d\/#primaryimage"},"thumbnailUrl":"https:\/\/www.sparta-imports.com\/equipos\/wp-content\/uploads\/2024\/01\/Vitrina-Fria-WDG126G.jpg","datePublished":"2024-01-05T17:01:41+00:00","dateModified":"2024-01-05T18:41:02+00:00","breadcrumb":{"@id":"https:\/\/www.sparta-imports.com\/equipos\/producto\/vitrina-fria-sparta-import-wdg126d\/#breadcrumb"},"inLanguage":"es","potentialAction":[{"@type":"ReadAction","target":["https:\/\/www.sparta-imports.com\/equipos\/producto\/vitrina-fria-sparta-import-wdg126d\/"]}]},{"@type":"ImageObject","inLanguage":"es","@id":"https:\/\/www.sparta-imports.com\/equipos\/producto\/vitrina-fria-sparta-import-wdg126d\/#primaryimage","url":"https:\/\/www.sparta-imports.com\/equipos\/wp-content\/uploads\/2024\/01\/Vitrina-Fria-WDG126G.jpg","contentUrl":"https:\/\/www.sparta-imports.com\/equipos\/wp-content\/uploads\/2024\/01\/Vitrina-Fria-WDG126G.jpg","width":800,"height":800},{"@type":"BreadcrumbList","@id":"https:\/\/www.sparta-imports.com\/equipos\/producto\/vitrina-fria-sparta-import-wdg126d\/#breadcrumb","itemListElement":[{"@type":"ListItem","position":1,"name":"Home","item":"https:\/\/www.sparta-imports.com\/equipos\/"},{"@type":"ListItem","position":2,"name":"Shop","item":"https:\/\/www.sparta-imports.com\/equipos\/shop\/"},{"@type":"ListItem","position":3,"name":"Vitrina Fria Sparta Import &#8211; WDG126D"}]},{"@type":"WebSite","@id":"https:\/\/www.sparta-imports.com\/equipos\/#website","url":"https:\/\/www.sparta-imports.com\/equipos\/","name":"Sparta Imports \/ Equipos","description":"","publisher":{"@id":"https:\/\/www.sparta-imports.com\/equipos\/#organization"},"potentialAction":[{"@type":"SearchAction","target":{"@type":"EntryPoint","urlTemplate":"https:\/\/www.sparta-imports.com\/equipos\/?s={search_term_string}"},"query-input":{"@type":"PropertyValueSpecification","valueRequired":true,"valueName":"search_term_string"}}],"inLanguage":"es"},{"@type":"Organization","@id":"https:\/\/www.sparta-imports.com\/equipos\/#organization","name":"Sparta Imports \/ Equipos","url":"https:\/\/www.sparta-imports.com\/equipos\/","logo":{"@type":"ImageObject","inLanguage":"es","@id":"https:\/\/www.sparta-imports.com\/equipos\/#\/schema\/logo\/image\/","url":"https:\/\/www.sparta-imports.com\/equipos\/wp-content\/uploads\/2015\/10\/cropped-Banner-Sparta-Import-Encabezado-Web-C.png","contentUrl":"https:\/\/www.sparta-imports.com\/equipos\/wp-content\/uploads\/2015\/10\/cropped-Banner-Sparta-Import-Encabezado-Web-C.png","width":775,"height":272,"caption":"Sparta Imports \/ Equipos"},"image":{"@id":"https:\/\/www.sparta-imports.com\/equipos\/#\/schema\/logo\/image\/"}}]}},"_links":{"self":[{"href":"https:\/\/www.sparta-imports.com\/equipos\/wp-json\/wp\/v2\/product\/6607"}],"collection":[{"href":"https:\/\/www.sparta-imports.com\/equipos\/wp-json\/wp\/v2\/product"}],"about":[{"href":"https:\/\/www.sparta-imports.com\/equipos\/wp-json\/wp\/v2\/types\/product"}],"replies":[{"embeddable":true,"href":"https:\/\/www.sparta-imports.com\/equipos\/wp-json\/wp\/v2\/comments?post=6607"}],"wp:featuredmedia":[{"embeddable":true,"href":"https:\/\/www.sparta-imports.com\/equipos\/wp-json\/wp\/v2\/media\/6608"}],"wp:attachment":[{"href":"https:\/\/www.sparta-imports.com\/equipos\/wp-json\/wp\/v2\/media?parent=6607"}],"wp:term":[{"taxonomy":"product_cat","embeddable":true,"href":"https:\/\/www.sparta-imports.com\/equipos\/wp-json\/wp\/v2\/product_cat?post=6607"},{"taxonomy":"product_tag","embeddable":true,"href":"https:\/\/www.sparta-imports.com\/equipos\/wp-json\/wp\/v2\/product_tag?post=6607"}],"curies":[{"name":"wp","href":"https:\/\/api.w.org\/{rel}","templated":true}]}}