{"id":6603,"date":"2024-01-04T17:34:27","date_gmt":"2024-01-04T22:34:27","guid":{"rendered":"https:\/\/www.sparta-imports.com\/equipos\/?post_type=product&#038;p=6603"},"modified":"2024-01-04T17:37:36","modified_gmt":"2024-01-04T22:37:36","slug":"horno-de-conveccion-southbend-bgs12cs","status":"publish","type":"product","link":"https:\/\/www.sparta-imports.com\/equipos\/producto\/horno-de-conveccion-southbend-bgs12cs\/","title":{"rendered":"Horno de Convecci\u00f3n Southbend &#8211; BGS12CS"},"content":{"rendered":"<p><strong>Horno de Convecci\u00f3n Serie B Gas, cubierta individual<\/strong><\/p>\n<ul>\n<li>54,000 BTU (NAT o LP)<\/li>\n<li>Disponible en profundidad est\u00e1ndar<\/li>\n<li>El horno de convecci\u00f3n de una sola plataforma tiene una altura de 57-1\/2\u201d (con opci\u00f3n ruedas)<\/li>\n<li>Panel de control patentado &#8220;plug-in, plug-out&#8221; &#8211; f\u00e1cil de mantener<\/li>\n<li>Panel de control deslizable para servicio a la vista<\/li>\n<li>Frente, costados y parte superior de acero inoxidable<\/li>\n<li>Puertas dependientes con ventanas (apertura total de 180\u00b0)<\/li>\n<li>Ventanas de vidrio de alta eficiencia que ahorran energ\u00eda<\/li>\n<li>Sistema de sello de puerta doble que mantiene el calor<\/li>\n<li>Interior de porcelana c\u00f3ncavo<\/li>\n<li>Manija de la puerta para trabajo pesado que se mantiene fresca<\/li>\n<li>Motor de ventilador Soft Air, de dos velocidades y 1\/2 hp<\/li>\n<li>Gu\u00edas de parrillas de 11 posiciones y 5 parrillas plateadas para horno<\/li>\n<li>Encendido electr\u00f3nico<\/li>\n<li>Modo de ventilador de enfriamiento forzado<\/li>\n<li>Ciclos de luz de &#8220;calentamiento&#8221; del horno con quemadores<\/li>\n<li>Luces interiores del horno<\/li>\n<\/ul>\n","protected":false},"excerpt":{"rendered":"<p>Horno de Convecci\u00f3n Serie B Gas, cubierta individual 54,000 BTU (NAT o LP) Disponible en profundidad est\u00e1ndar El horno de convecci\u00f3n de una sola plataforma tiene una altura de 57-1\/2\u201d (con opci\u00f3n ruedas) Panel de control patentado &#8220;plug-in, plug-out&#8221; &#8211; f\u00e1cil de mantener Panel de control deslizable para servicio a la vista Frente, costados y parte superior de acero inoxidable Puertas dependientes con ventanas (apertura total de 180\u00b0) Ventanas de vidrio de alta eficiencia que ahorran energ\u00eda Sistema de sello de puerta doble que mantiene el calor Interior de porcelana c\u00f3ncavo Manija de la puerta para trabajo pesado que se mantiene fresca Motor de ventilador Soft Air, de dos velocidades y 1\/2 hp Gu\u00edas de parrillas de 11 posiciones y 5 parrillas plateadas para horno Encendido electr\u00f3nico Modo de ventilador de enfriamiento forzado Ciclos de luz de &#8220;calentamiento&#8221; del horno con quemadores Luces interiores del horno<\/p>\n","protected":false},"featured_media":6604,"comment_status":"open","ping_status":"closed","template":"","meta":{"_coblocks_attr":"","_coblocks_dimensions":"","_coblocks_responsive_height":"","_coblocks_accordion_ie_support":""},"product_cat":[167,314],"product_tag":[],"class_list":{"0":"post-6603","1":"product","2":"type-product","3":"status-publish","4":"has-post-thumbnail","6":"product_cat-hornos","7":"product_cat-southbend-hornos","8":"badges-style-2","10":"first","11":"instock","12":"shipping-taxable","13":"product-type-simple"},"yoast_head":"<!-- This site is optimized with the Yoast SEO plugin v23.8 - https:\/\/yoast.com\/wordpress\/plugins\/seo\/ -->\n<title>Horno de Convecci\u00f3n Southbend - BGS12CS - Sparta Imports \/ Equipos<\/title>\n<meta name=\"robots\" content=\"index, follow, max-snippet:-1, max-image-preview:large, max-video-preview:-1\" \/>\n<link rel=\"canonical\" href=\"https:\/\/www.sparta-imports.com\/equipos\/producto\/horno-de-conveccion-southbend-bgs12cs\/\" \/>\n<meta property=\"og:locale\" content=\"es_ES\" \/>\n<meta property=\"og:type\" content=\"article\" \/>\n<meta property=\"og:title\" content=\"Horno de Convecci\u00f3n Southbend - BGS12CS - Sparta Imports \/ Equipos\" \/>\n<meta property=\"og:description\" content=\"Horno de Convecci\u00f3n Serie B Gas, cubierta individual 54,000 BTU (NAT o LP) Disponible en profundidad est\u00e1ndar El horno de convecci\u00f3n de una sola plataforma tiene una altura de 57-1\/2\u201d (con opci\u00f3n ruedas) Panel de control patentado &#8220;plug-in, plug-out&#8221; &#8211; f\u00e1cil de mantener Panel de control deslizable para servicio a la vista Frente, costados y parte superior de acero inoxidable Puertas dependientes con ventanas (apertura total de 180\u00b0) Ventanas de vidrio de alta eficiencia que ahorran energ\u00eda Sistema de sello de puerta doble que mantiene el calor Interior de porcelana c\u00f3ncavo Manija de la puerta para trabajo pesado que se mantiene fresca Motor de ventilador Soft Air, de dos velocidades y 1\/2 hp Gu\u00edas de parrillas de 11 posiciones y 5 parrillas plateadas para horno Encendido electr\u00f3nico Modo de ventilador de enfriamiento forzado Ciclos de luz de &#8220;calentamiento&#8221; del horno con quemadores Luces interiores del horno\" \/>\n<meta property=\"og:url\" content=\"https:\/\/www.sparta-imports.com\/equipos\/producto\/horno-de-conveccion-southbend-bgs12cs\/\" \/>\n<meta property=\"og:site_name\" content=\"Sparta Imports \/ Equipos\" \/>\n<meta property=\"article:modified_time\" content=\"2024-01-04T22:37:36+00:00\" \/>\n<meta property=\"og:image\" content=\"https:\/\/www.sparta-imports.com\/equipos\/wp-content\/uploads\/2024\/01\/Horno-Southbend-BGS12SC.jpg\" \/>\n\t<meta property=\"og:image:width\" content=\"800\" \/>\n\t<meta property=\"og:image:height\" content=\"800\" \/>\n\t<meta property=\"og:image:type\" content=\"image\/jpeg\" \/>\n<meta name=\"twitter:card\" content=\"summary_large_image\" \/>\n<meta name=\"twitter:label1\" content=\"Tiempo de lectura\" \/>\n\t<meta name=\"twitter:data1\" content=\"1 minuto\" \/>\n<script type=\"application\/ld+json\" class=\"yoast-schema-graph\">{\"@context\":\"https:\/\/schema.org\",\"@graph\":[{\"@type\":\"WebPage\",\"@id\":\"https:\/\/www.sparta-imports.com\/equipos\/producto\/horno-de-conveccion-southbend-bgs12cs\/\",\"url\":\"https:\/\/www.sparta-imports.com\/equipos\/producto\/horno-de-conveccion-southbend-bgs12cs\/\",\"name\":\"Horno de Convecci\u00f3n Southbend - BGS12CS - Sparta Imports \/ Equipos\",\"isPartOf\":{\"@id\":\"https:\/\/www.sparta-imports.com\/equipos\/#website\"},\"primaryImageOfPage\":{\"@id\":\"https:\/\/www.sparta-imports.com\/equipos\/producto\/horno-de-conveccion-southbend-bgs12cs\/#primaryimage\"},\"image\":{\"@id\":\"https:\/\/www.sparta-imports.com\/equipos\/producto\/horno-de-conveccion-southbend-bgs12cs\/#primaryimage\"},\"thumbnailUrl\":\"https:\/\/www.sparta-imports.com\/equipos\/wp-content\/uploads\/2024\/01\/Horno-Southbend-BGS12SC.jpg\",\"datePublished\":\"2024-01-04T22:34:27+00:00\",\"dateModified\":\"2024-01-04T22:37:36+00:00\",\"breadcrumb\":{\"@id\":\"https:\/\/www.sparta-imports.com\/equipos\/producto\/horno-de-conveccion-southbend-bgs12cs\/#breadcrumb\"},\"inLanguage\":\"es\",\"potentialAction\":[{\"@type\":\"ReadAction\",\"target\":[\"https:\/\/www.sparta-imports.com\/equipos\/producto\/horno-de-conveccion-southbend-bgs12cs\/\"]}]},{\"@type\":\"ImageObject\",\"inLanguage\":\"es\",\"@id\":\"https:\/\/www.sparta-imports.com\/equipos\/producto\/horno-de-conveccion-southbend-bgs12cs\/#primaryimage\",\"url\":\"https:\/\/www.sparta-imports.com\/equipos\/wp-content\/uploads\/2024\/01\/Horno-Southbend-BGS12SC.jpg\",\"contentUrl\":\"https:\/\/www.sparta-imports.com\/equipos\/wp-content\/uploads\/2024\/01\/Horno-Southbend-BGS12SC.jpg\",\"width\":800,\"height\":800},{\"@type\":\"BreadcrumbList\",\"@id\":\"https:\/\/www.sparta-imports.com\/equipos\/producto\/horno-de-conveccion-southbend-bgs12cs\/#breadcrumb\",\"itemListElement\":[{\"@type\":\"ListItem\",\"position\":1,\"name\":\"Home\",\"item\":\"https:\/\/www.sparta-imports.com\/equipos\/\"},{\"@type\":\"ListItem\",\"position\":2,\"name\":\"Shop\",\"item\":\"https:\/\/www.sparta-imports.com\/equipos\/shop\/\"},{\"@type\":\"ListItem\",\"position\":3,\"name\":\"Horno de Convecci\u00f3n Southbend &#8211; BGS12CS\"}]},{\"@type\":\"WebSite\",\"@id\":\"https:\/\/www.sparta-imports.com\/equipos\/#website\",\"url\":\"https:\/\/www.sparta-imports.com\/equipos\/\",\"name\":\"Sparta Imports \/ Equipos\",\"description\":\"\",\"publisher\":{\"@id\":\"https:\/\/www.sparta-imports.com\/equipos\/#organization\"},\"potentialAction\":[{\"@type\":\"SearchAction\",\"target\":{\"@type\":\"EntryPoint\",\"urlTemplate\":\"https:\/\/www.sparta-imports.com\/equipos\/?s={search_term_string}\"},\"query-input\":{\"@type\":\"PropertyValueSpecification\",\"valueRequired\":true,\"valueName\":\"search_term_string\"}}],\"inLanguage\":\"es\"},{\"@type\":\"Organization\",\"@id\":\"https:\/\/www.sparta-imports.com\/equipos\/#organization\",\"name\":\"Sparta Imports \/ Equipos\",\"url\":\"https:\/\/www.sparta-imports.com\/equipos\/\",\"logo\":{\"@type\":\"ImageObject\",\"inLanguage\":\"es\",\"@id\":\"https:\/\/www.sparta-imports.com\/equipos\/#\/schema\/logo\/image\/\",\"url\":\"https:\/\/www.sparta-imports.com\/equipos\/wp-content\/uploads\/2015\/10\/cropped-Banner-Sparta-Import-Encabezado-Web-C.png\",\"contentUrl\":\"https:\/\/www.sparta-imports.com\/equipos\/wp-content\/uploads\/2015\/10\/cropped-Banner-Sparta-Import-Encabezado-Web-C.png\",\"width\":775,\"height\":272,\"caption\":\"Sparta Imports \/ Equipos\"},\"image\":{\"@id\":\"https:\/\/www.sparta-imports.com\/equipos\/#\/schema\/logo\/image\/\"}}]}<\/script>\n<!-- \/ Yoast SEO plugin. -->","yoast_head_json":{"title":"Horno de Convecci\u00f3n Southbend - BGS12CS - Sparta Imports \/ Equipos","robots":{"index":"index","follow":"follow","max-snippet":"max-snippet:-1","max-image-preview":"max-image-preview:large","max-video-preview":"max-video-preview:-1"},"canonical":"https:\/\/www.sparta-imports.com\/equipos\/producto\/horno-de-conveccion-southbend-bgs12cs\/","og_locale":"es_ES","og_type":"article","og_title":"Horno de Convecci\u00f3n Southbend - BGS12CS - Sparta Imports \/ Equipos","og_description":"Horno de Convecci\u00f3n Serie B Gas, cubierta individual 54,000 BTU (NAT o LP) Disponible en profundidad est\u00e1ndar El horno de convecci\u00f3n de una sola plataforma tiene una altura de 57-1\/2\u201d (con opci\u00f3n ruedas) Panel de control patentado &#8220;plug-in, plug-out&#8221; &#8211; f\u00e1cil de mantener Panel de control deslizable para servicio a la vista Frente, costados y parte superior de acero inoxidable Puertas dependientes con ventanas (apertura total de 180\u00b0) Ventanas de vidrio de alta eficiencia que ahorran energ\u00eda Sistema de sello de puerta doble que mantiene el calor Interior de porcelana c\u00f3ncavo Manija de la puerta para trabajo pesado que se mantiene fresca Motor de ventilador Soft Air, de dos velocidades y 1\/2 hp Gu\u00edas de parrillas de 11 posiciones y 5 parrillas plateadas para horno Encendido electr\u00f3nico Modo de ventilador de enfriamiento forzado Ciclos de luz de &#8220;calentamiento&#8221; del horno con quemadores Luces interiores del horno","og_url":"https:\/\/www.sparta-imports.com\/equipos\/producto\/horno-de-conveccion-southbend-bgs12cs\/","og_site_name":"Sparta Imports \/ Equipos","article_modified_time":"2024-01-04T22:37:36+00:00","og_image":[{"width":800,"height":800,"url":"https:\/\/www.sparta-imports.com\/equipos\/wp-content\/uploads\/2024\/01\/Horno-Southbend-BGS12SC.jpg","type":"image\/jpeg"}],"twitter_card":"summary_large_image","twitter_misc":{"Tiempo de lectura":"1 minuto"},"schema":{"@context":"https:\/\/schema.org","@graph":[{"@type":"WebPage","@id":"https:\/\/www.sparta-imports.com\/equipos\/producto\/horno-de-conveccion-southbend-bgs12cs\/","url":"https:\/\/www.sparta-imports.com\/equipos\/producto\/horno-de-conveccion-southbend-bgs12cs\/","name":"Horno de Convecci\u00f3n Southbend - BGS12CS - Sparta Imports \/ Equipos","isPartOf":{"@id":"https:\/\/www.sparta-imports.com\/equipos\/#website"},"primaryImageOfPage":{"@id":"https:\/\/www.sparta-imports.com\/equipos\/producto\/horno-de-conveccion-southbend-bgs12cs\/#primaryimage"},"image":{"@id":"https:\/\/www.sparta-imports.com\/equipos\/producto\/horno-de-conveccion-southbend-bgs12cs\/#primaryimage"},"thumbnailUrl":"https:\/\/www.sparta-imports.com\/equipos\/wp-content\/uploads\/2024\/01\/Horno-Southbend-BGS12SC.jpg","datePublished":"2024-01-04T22:34:27+00:00","dateModified":"2024-01-04T22:37:36+00:00","breadcrumb":{"@id":"https:\/\/www.sparta-imports.com\/equipos\/producto\/horno-de-conveccion-southbend-bgs12cs\/#breadcrumb"},"inLanguage":"es","potentialAction":[{"@type":"ReadAction","target":["https:\/\/www.sparta-imports.com\/equipos\/producto\/horno-de-conveccion-southbend-bgs12cs\/"]}]},{"@type":"ImageObject","inLanguage":"es","@id":"https:\/\/www.sparta-imports.com\/equipos\/producto\/horno-de-conveccion-southbend-bgs12cs\/#primaryimage","url":"https:\/\/www.sparta-imports.com\/equipos\/wp-content\/uploads\/2024\/01\/Horno-Southbend-BGS12SC.jpg","contentUrl":"https:\/\/www.sparta-imports.com\/equipos\/wp-content\/uploads\/2024\/01\/Horno-Southbend-BGS12SC.jpg","width":800,"height":800},{"@type":"BreadcrumbList","@id":"https:\/\/www.sparta-imports.com\/equipos\/producto\/horno-de-conveccion-southbend-bgs12cs\/#breadcrumb","itemListElement":[{"@type":"ListItem","position":1,"name":"Home","item":"https:\/\/www.sparta-imports.com\/equipos\/"},{"@type":"ListItem","position":2,"name":"Shop","item":"https:\/\/www.sparta-imports.com\/equipos\/shop\/"},{"@type":"ListItem","position":3,"name":"Horno de Convecci\u00f3n Southbend &#8211; BGS12CS"}]},{"@type":"WebSite","@id":"https:\/\/www.sparta-imports.com\/equipos\/#website","url":"https:\/\/www.sparta-imports.com\/equipos\/","name":"Sparta Imports \/ Equipos","description":"","publisher":{"@id":"https:\/\/www.sparta-imports.com\/equipos\/#organization"},"potentialAction":[{"@type":"SearchAction","target":{"@type":"EntryPoint","urlTemplate":"https:\/\/www.sparta-imports.com\/equipos\/?s={search_term_string}"},"query-input":{"@type":"PropertyValueSpecification","valueRequired":true,"valueName":"search_term_string"}}],"inLanguage":"es"},{"@type":"Organization","@id":"https:\/\/www.sparta-imports.com\/equipos\/#organization","name":"Sparta Imports \/ Equipos","url":"https:\/\/www.sparta-imports.com\/equipos\/","logo":{"@type":"ImageObject","inLanguage":"es","@id":"https:\/\/www.sparta-imports.com\/equipos\/#\/schema\/logo\/image\/","url":"https:\/\/www.sparta-imports.com\/equipos\/wp-content\/uploads\/2015\/10\/cropped-Banner-Sparta-Import-Encabezado-Web-C.png","contentUrl":"https:\/\/www.sparta-imports.com\/equipos\/wp-content\/uploads\/2015\/10\/cropped-Banner-Sparta-Import-Encabezado-Web-C.png","width":775,"height":272,"caption":"Sparta Imports \/ Equipos"},"image":{"@id":"https:\/\/www.sparta-imports.com\/equipos\/#\/schema\/logo\/image\/"}}]}},"_links":{"self":[{"href":"https:\/\/www.sparta-imports.com\/equipos\/wp-json\/wp\/v2\/product\/6603"}],"collection":[{"href":"https:\/\/www.sparta-imports.com\/equipos\/wp-json\/wp\/v2\/product"}],"about":[{"href":"https:\/\/www.sparta-imports.com\/equipos\/wp-json\/wp\/v2\/types\/product"}],"replies":[{"embeddable":true,"href":"https:\/\/www.sparta-imports.com\/equipos\/wp-json\/wp\/v2\/comments?post=6603"}],"wp:featuredmedia":[{"embeddable":true,"href":"https:\/\/www.sparta-imports.com\/equipos\/wp-json\/wp\/v2\/media\/6604"}],"wp:attachment":[{"href":"https:\/\/www.sparta-imports.com\/equipos\/wp-json\/wp\/v2\/media?parent=6603"}],"wp:term":[{"taxonomy":"product_cat","embeddable":true,"href":"https:\/\/www.sparta-imports.com\/equipos\/wp-json\/wp\/v2\/product_cat?post=6603"},{"taxonomy":"product_tag","embeddable":true,"href":"https:\/\/www.sparta-imports.com\/equipos\/wp-json\/wp\/v2\/product_tag?post=6603"}],"curies":[{"name":"wp","href":"https:\/\/api.w.org\/{rel}","templated":true}]}}