{"id":6601,"date":"2024-01-03T15:44:28","date_gmt":"2024-01-03T20:44:28","guid":{"rendered":"https:\/\/www.sparta-imports.com\/equipos\/?post_type=product&#038;p=6601"},"modified":"2024-01-03T15:44:29","modified_gmt":"2024-01-03T20:44:29","slug":"horno-transportador-de-impacto-middleby-marshall-ps640","status":"publish","type":"product","link":"https:\/\/www.sparta-imports.com\/equipos\/producto\/horno-transportador-de-impacto-middleby-marshall-ps640\/","title":{"rendered":"Horno Transportador de Impacto Middleby Marshall PS640"},"content":{"rendered":"<p><strong>HORNO TRANSPORTADOR DE IMPACTO<\/strong><\/p>\n<ul>\n<li>\u00a1Impactaci\u00f3n M\u00c1S! bajo perfil de horno y doble retorno de aire<\/li>\n<li>C\u00e1mara de cocci\u00f3n de 40,5\u201d (1029 mm) de largo<\/li>\n<li>Cinta transportadora de 33,5\u201d (851 mm) de ancho y 76,5\u201d (1943 mm) de largo<\/li>\n<li>El sistema de suministro de aire de tecnolog\u00eda avanzada hornea hasta un 30 % m\u00e1s r\u00e1pido que los hornos transportadores est\u00e1ndar<\/li>\n<li>El compartimiento de control est\u00e1 dise\u00f1ado para un acceso r\u00e1pido y f\u00e1cil<\/li>\n<li>Piezas extra\u00edbles para facilitar la limpieza (bandejas para migas, paneles de los extremos, dedos de aire y un conjunto de cinta transportadora plegable)<\/li>\n<li>Solo para instalaci\u00f3n debajo de una campana de ventilaci\u00f3n<\/li>\n<li>La caracter\u00edstica de seguridad de \u201cpiel fr\u00eda\u201d mantiene la superficie externa del horno por debajo de los 120 \u00b0F (49 \u00b0C) Caracter\u00edsticas opcionales<\/li>\n<li>Correa dividida: dos correas de 15\u201d (381 mm) con configuraciones de velocidad ajustables individualmente<\/li>\n<li>Correas de solera de correa simple o dividida<\/li>\n<\/ul>\n","protected":false},"excerpt":{"rendered":"<p>HORNO TRANSPORTADOR DE IMPACTO \u00a1Impactaci\u00f3n M\u00c1S! bajo perfil de horno y doble retorno de aire C\u00e1mara de cocci\u00f3n de 40,5\u201d (1029 mm) de largo Cinta transportadora de 33,5\u201d (851 mm) de ancho y 76,5\u201d (1943 mm) de largo El sistema de suministro de aire de tecnolog\u00eda avanzada hornea hasta un 30 % m\u00e1s r\u00e1pido que los hornos transportadores est\u00e1ndar El compartimiento de control est\u00e1 dise\u00f1ado para un acceso r\u00e1pido y f\u00e1cil Piezas extra\u00edbles para facilitar la limpieza (bandejas para migas, paneles de los extremos, dedos de aire y un conjunto de cinta transportadora plegable) Solo para instalaci\u00f3n debajo de una campana de ventilaci\u00f3n La caracter\u00edstica de seguridad de \u201cpiel fr\u00eda\u201d mantiene la superficie externa del horno por debajo de los 120 \u00b0F (49 \u00b0C) Caracter\u00edsticas opcionales Correa dividida: dos correas de 15\u201d (381 mm) con configuraciones de velocidad ajustables individualmente Correas de solera de correa simple o dividida<\/p>\n","protected":false},"featured_media":6602,"comment_status":"open","ping_status":"closed","template":"","meta":{"_coblocks_attr":"","_coblocks_dimensions":"","_coblocks_responsive_height":"","_coblocks_accordion_ie_support":""},"product_cat":[193,166],"product_tag":[],"class_list":{"0":"post-6601","1":"product","2":"type-product","3":"status-publish","4":"has-post-thumbnail","6":"product_cat-hornos-de-pizza","7":"product_cat-panaderias-y-pizzerias","8":"badges-style-2","10":"first","11":"instock","12":"shipping-taxable","13":"product-type-simple"},"yoast_head":"<!-- This site is optimized with the Yoast SEO plugin v23.8 - https:\/\/yoast.com\/wordpress\/plugins\/seo\/ -->\n<title>Horno Transportador de Impacto Middleby Marshall PS640 - Sparta Imports \/ Equipos<\/title>\n<meta name=\"robots\" content=\"index, follow, max-snippet:-1, max-image-preview:large, max-video-preview:-1\" \/>\n<link rel=\"canonical\" href=\"https:\/\/www.sparta-imports.com\/equipos\/producto\/horno-transportador-de-impacto-middleby-marshall-ps640\/\" \/>\n<meta property=\"og:locale\" content=\"es_ES\" \/>\n<meta property=\"og:type\" content=\"article\" \/>\n<meta property=\"og:title\" content=\"Horno Transportador de Impacto Middleby Marshall PS640 - Sparta Imports \/ Equipos\" \/>\n<meta property=\"og:description\" content=\"HORNO TRANSPORTADOR DE IMPACTO \u00a1Impactaci\u00f3n M\u00c1S! bajo perfil de horno y doble retorno de aire C\u00e1mara de cocci\u00f3n de 40,5\u201d (1029 mm) de largo Cinta transportadora de 33,5\u201d (851 mm) de ancho y 76,5\u201d (1943 mm) de largo El sistema de suministro de aire de tecnolog\u00eda avanzada hornea hasta un 30 % m\u00e1s r\u00e1pido que los hornos transportadores est\u00e1ndar El compartimiento de control est\u00e1 dise\u00f1ado para un acceso r\u00e1pido y f\u00e1cil Piezas extra\u00edbles para facilitar la limpieza (bandejas para migas, paneles de los extremos, dedos de aire y un conjunto de cinta transportadora plegable) Solo para instalaci\u00f3n debajo de una campana de ventilaci\u00f3n La caracter\u00edstica de seguridad de \u201cpiel fr\u00eda\u201d mantiene la superficie externa del horno por debajo de los 120 \u00b0F (49 \u00b0C) Caracter\u00edsticas opcionales Correa dividida: dos correas de 15\u201d (381 mm) con configuraciones de velocidad ajustables individualmente Correas de solera de correa simple o dividida\" \/>\n<meta property=\"og:url\" content=\"https:\/\/www.sparta-imports.com\/equipos\/producto\/horno-transportador-de-impacto-middleby-marshall-ps640\/\" \/>\n<meta property=\"og:site_name\" content=\"Sparta Imports \/ Equipos\" \/>\n<meta property=\"article:modified_time\" content=\"2024-01-03T20:44:29+00:00\" \/>\n<meta property=\"og:image\" content=\"https:\/\/www.sparta-imports.com\/equipos\/wp-content\/uploads\/2024\/01\/Horno-PS640.jpg\" \/>\n\t<meta property=\"og:image:width\" content=\"800\" \/>\n\t<meta property=\"og:image:height\" content=\"800\" \/>\n\t<meta property=\"og:image:type\" content=\"image\/jpeg\" \/>\n<meta name=\"twitter:card\" content=\"summary_large_image\" \/>\n<meta name=\"twitter:label1\" content=\"Tiempo de lectura\" \/>\n\t<meta name=\"twitter:data1\" content=\"1 minuto\" \/>\n<script type=\"application\/ld+json\" class=\"yoast-schema-graph\">{\"@context\":\"https:\/\/schema.org\",\"@graph\":[{\"@type\":\"WebPage\",\"@id\":\"https:\/\/www.sparta-imports.com\/equipos\/producto\/horno-transportador-de-impacto-middleby-marshall-ps640\/\",\"url\":\"https:\/\/www.sparta-imports.com\/equipos\/producto\/horno-transportador-de-impacto-middleby-marshall-ps640\/\",\"name\":\"Horno Transportador de Impacto Middleby Marshall PS640 - Sparta Imports \/ Equipos\",\"isPartOf\":{\"@id\":\"https:\/\/www.sparta-imports.com\/equipos\/#website\"},\"primaryImageOfPage\":{\"@id\":\"https:\/\/www.sparta-imports.com\/equipos\/producto\/horno-transportador-de-impacto-middleby-marshall-ps640\/#primaryimage\"},\"image\":{\"@id\":\"https:\/\/www.sparta-imports.com\/equipos\/producto\/horno-transportador-de-impacto-middleby-marshall-ps640\/#primaryimage\"},\"thumbnailUrl\":\"https:\/\/www.sparta-imports.com\/equipos\/wp-content\/uploads\/2024\/01\/Horno-PS640.jpg\",\"datePublished\":\"2024-01-03T20:44:28+00:00\",\"dateModified\":\"2024-01-03T20:44:29+00:00\",\"breadcrumb\":{\"@id\":\"https:\/\/www.sparta-imports.com\/equipos\/producto\/horno-transportador-de-impacto-middleby-marshall-ps640\/#breadcrumb\"},\"inLanguage\":\"es\",\"potentialAction\":[{\"@type\":\"ReadAction\",\"target\":[\"https:\/\/www.sparta-imports.com\/equipos\/producto\/horno-transportador-de-impacto-middleby-marshall-ps640\/\"]}]},{\"@type\":\"ImageObject\",\"inLanguage\":\"es\",\"@id\":\"https:\/\/www.sparta-imports.com\/equipos\/producto\/horno-transportador-de-impacto-middleby-marshall-ps640\/#primaryimage\",\"url\":\"https:\/\/www.sparta-imports.com\/equipos\/wp-content\/uploads\/2024\/01\/Horno-PS640.jpg\",\"contentUrl\":\"https:\/\/www.sparta-imports.com\/equipos\/wp-content\/uploads\/2024\/01\/Horno-PS640.jpg\",\"width\":800,\"height\":800},{\"@type\":\"BreadcrumbList\",\"@id\":\"https:\/\/www.sparta-imports.com\/equipos\/producto\/horno-transportador-de-impacto-middleby-marshall-ps640\/#breadcrumb\",\"itemListElement\":[{\"@type\":\"ListItem\",\"position\":1,\"name\":\"Home\",\"item\":\"https:\/\/www.sparta-imports.com\/equipos\/\"},{\"@type\":\"ListItem\",\"position\":2,\"name\":\"Shop\",\"item\":\"https:\/\/www.sparta-imports.com\/equipos\/shop\/\"},{\"@type\":\"ListItem\",\"position\":3,\"name\":\"Horno Transportador de Impacto Middleby Marshall PS640\"}]},{\"@type\":\"WebSite\",\"@id\":\"https:\/\/www.sparta-imports.com\/equipos\/#website\",\"url\":\"https:\/\/www.sparta-imports.com\/equipos\/\",\"name\":\"Sparta Imports \/ Equipos\",\"description\":\"\",\"publisher\":{\"@id\":\"https:\/\/www.sparta-imports.com\/equipos\/#organization\"},\"potentialAction\":[{\"@type\":\"SearchAction\",\"target\":{\"@type\":\"EntryPoint\",\"urlTemplate\":\"https:\/\/www.sparta-imports.com\/equipos\/?s={search_term_string}\"},\"query-input\":{\"@type\":\"PropertyValueSpecification\",\"valueRequired\":true,\"valueName\":\"search_term_string\"}}],\"inLanguage\":\"es\"},{\"@type\":\"Organization\",\"@id\":\"https:\/\/www.sparta-imports.com\/equipos\/#organization\",\"name\":\"Sparta Imports \/ Equipos\",\"url\":\"https:\/\/www.sparta-imports.com\/equipos\/\",\"logo\":{\"@type\":\"ImageObject\",\"inLanguage\":\"es\",\"@id\":\"https:\/\/www.sparta-imports.com\/equipos\/#\/schema\/logo\/image\/\",\"url\":\"https:\/\/www.sparta-imports.com\/equipos\/wp-content\/uploads\/2015\/10\/cropped-Banner-Sparta-Import-Encabezado-Web-C.png\",\"contentUrl\":\"https:\/\/www.sparta-imports.com\/equipos\/wp-content\/uploads\/2015\/10\/cropped-Banner-Sparta-Import-Encabezado-Web-C.png\",\"width\":775,\"height\":272,\"caption\":\"Sparta Imports \/ Equipos\"},\"image\":{\"@id\":\"https:\/\/www.sparta-imports.com\/equipos\/#\/schema\/logo\/image\/\"}}]}<\/script>\n<!-- \/ Yoast SEO plugin. -->","yoast_head_json":{"title":"Horno Transportador de Impacto Middleby Marshall PS640 - Sparta Imports \/ Equipos","robots":{"index":"index","follow":"follow","max-snippet":"max-snippet:-1","max-image-preview":"max-image-preview:large","max-video-preview":"max-video-preview:-1"},"canonical":"https:\/\/www.sparta-imports.com\/equipos\/producto\/horno-transportador-de-impacto-middleby-marshall-ps640\/","og_locale":"es_ES","og_type":"article","og_title":"Horno Transportador de Impacto Middleby Marshall PS640 - Sparta Imports \/ Equipos","og_description":"HORNO TRANSPORTADOR DE IMPACTO \u00a1Impactaci\u00f3n M\u00c1S! bajo perfil de horno y doble retorno de aire C\u00e1mara de cocci\u00f3n de 40,5\u201d (1029 mm) de largo Cinta transportadora de 33,5\u201d (851 mm) de ancho y 76,5\u201d (1943 mm) de largo El sistema de suministro de aire de tecnolog\u00eda avanzada hornea hasta un 30 % m\u00e1s r\u00e1pido que los hornos transportadores est\u00e1ndar El compartimiento de control est\u00e1 dise\u00f1ado para un acceso r\u00e1pido y f\u00e1cil Piezas extra\u00edbles para facilitar la limpieza (bandejas para migas, paneles de los extremos, dedos de aire y un conjunto de cinta transportadora plegable) Solo para instalaci\u00f3n debajo de una campana de ventilaci\u00f3n La caracter\u00edstica de seguridad de \u201cpiel fr\u00eda\u201d mantiene la superficie externa del horno por debajo de los 120 \u00b0F (49 \u00b0C) Caracter\u00edsticas opcionales Correa dividida: dos correas de 15\u201d (381 mm) con configuraciones de velocidad ajustables individualmente Correas de solera de correa simple o dividida","og_url":"https:\/\/www.sparta-imports.com\/equipos\/producto\/horno-transportador-de-impacto-middleby-marshall-ps640\/","og_site_name":"Sparta Imports \/ Equipos","article_modified_time":"2024-01-03T20:44:29+00:00","og_image":[{"width":800,"height":800,"url":"https:\/\/www.sparta-imports.com\/equipos\/wp-content\/uploads\/2024\/01\/Horno-PS640.jpg","type":"image\/jpeg"}],"twitter_card":"summary_large_image","twitter_misc":{"Tiempo de lectura":"1 minuto"},"schema":{"@context":"https:\/\/schema.org","@graph":[{"@type":"WebPage","@id":"https:\/\/www.sparta-imports.com\/equipos\/producto\/horno-transportador-de-impacto-middleby-marshall-ps640\/","url":"https:\/\/www.sparta-imports.com\/equipos\/producto\/horno-transportador-de-impacto-middleby-marshall-ps640\/","name":"Horno Transportador de Impacto Middleby Marshall PS640 - Sparta Imports \/ Equipos","isPartOf":{"@id":"https:\/\/www.sparta-imports.com\/equipos\/#website"},"primaryImageOfPage":{"@id":"https:\/\/www.sparta-imports.com\/equipos\/producto\/horno-transportador-de-impacto-middleby-marshall-ps640\/#primaryimage"},"image":{"@id":"https:\/\/www.sparta-imports.com\/equipos\/producto\/horno-transportador-de-impacto-middleby-marshall-ps640\/#primaryimage"},"thumbnailUrl":"https:\/\/www.sparta-imports.com\/equipos\/wp-content\/uploads\/2024\/01\/Horno-PS640.jpg","datePublished":"2024-01-03T20:44:28+00:00","dateModified":"2024-01-03T20:44:29+00:00","breadcrumb":{"@id":"https:\/\/www.sparta-imports.com\/equipos\/producto\/horno-transportador-de-impacto-middleby-marshall-ps640\/#breadcrumb"},"inLanguage":"es","potentialAction":[{"@type":"ReadAction","target":["https:\/\/www.sparta-imports.com\/equipos\/producto\/horno-transportador-de-impacto-middleby-marshall-ps640\/"]}]},{"@type":"ImageObject","inLanguage":"es","@id":"https:\/\/www.sparta-imports.com\/equipos\/producto\/horno-transportador-de-impacto-middleby-marshall-ps640\/#primaryimage","url":"https:\/\/www.sparta-imports.com\/equipos\/wp-content\/uploads\/2024\/01\/Horno-PS640.jpg","contentUrl":"https:\/\/www.sparta-imports.com\/equipos\/wp-content\/uploads\/2024\/01\/Horno-PS640.jpg","width":800,"height":800},{"@type":"BreadcrumbList","@id":"https:\/\/www.sparta-imports.com\/equipos\/producto\/horno-transportador-de-impacto-middleby-marshall-ps640\/#breadcrumb","itemListElement":[{"@type":"ListItem","position":1,"name":"Home","item":"https:\/\/www.sparta-imports.com\/equipos\/"},{"@type":"ListItem","position":2,"name":"Shop","item":"https:\/\/www.sparta-imports.com\/equipos\/shop\/"},{"@type":"ListItem","position":3,"name":"Horno Transportador de Impacto Middleby Marshall PS640"}]},{"@type":"WebSite","@id":"https:\/\/www.sparta-imports.com\/equipos\/#website","url":"https:\/\/www.sparta-imports.com\/equipos\/","name":"Sparta Imports \/ Equipos","description":"","publisher":{"@id":"https:\/\/www.sparta-imports.com\/equipos\/#organization"},"potentialAction":[{"@type":"SearchAction","target":{"@type":"EntryPoint","urlTemplate":"https:\/\/www.sparta-imports.com\/equipos\/?s={search_term_string}"},"query-input":{"@type":"PropertyValueSpecification","valueRequired":true,"valueName":"search_term_string"}}],"inLanguage":"es"},{"@type":"Organization","@id":"https:\/\/www.sparta-imports.com\/equipos\/#organization","name":"Sparta Imports \/ Equipos","url":"https:\/\/www.sparta-imports.com\/equipos\/","logo":{"@type":"ImageObject","inLanguage":"es","@id":"https:\/\/www.sparta-imports.com\/equipos\/#\/schema\/logo\/image\/","url":"https:\/\/www.sparta-imports.com\/equipos\/wp-content\/uploads\/2015\/10\/cropped-Banner-Sparta-Import-Encabezado-Web-C.png","contentUrl":"https:\/\/www.sparta-imports.com\/equipos\/wp-content\/uploads\/2015\/10\/cropped-Banner-Sparta-Import-Encabezado-Web-C.png","width":775,"height":272,"caption":"Sparta Imports \/ Equipos"},"image":{"@id":"https:\/\/www.sparta-imports.com\/equipos\/#\/schema\/logo\/image\/"}}]}},"_links":{"self":[{"href":"https:\/\/www.sparta-imports.com\/equipos\/wp-json\/wp\/v2\/product\/6601"}],"collection":[{"href":"https:\/\/www.sparta-imports.com\/equipos\/wp-json\/wp\/v2\/product"}],"about":[{"href":"https:\/\/www.sparta-imports.com\/equipos\/wp-json\/wp\/v2\/types\/product"}],"replies":[{"embeddable":true,"href":"https:\/\/www.sparta-imports.com\/equipos\/wp-json\/wp\/v2\/comments?post=6601"}],"wp:featuredmedia":[{"embeddable":true,"href":"https:\/\/www.sparta-imports.com\/equipos\/wp-json\/wp\/v2\/media\/6602"}],"wp:attachment":[{"href":"https:\/\/www.sparta-imports.com\/equipos\/wp-json\/wp\/v2\/media?parent=6601"}],"wp:term":[{"taxonomy":"product_cat","embeddable":true,"href":"https:\/\/www.sparta-imports.com\/equipos\/wp-json\/wp\/v2\/product_cat?post=6601"},{"taxonomy":"product_tag","embeddable":true,"href":"https:\/\/www.sparta-imports.com\/equipos\/wp-json\/wp\/v2\/product_tag?post=6601"}],"curies":[{"name":"wp","href":"https:\/\/api.w.org\/{rel}","templated":true}]}}