{"id":6520,"date":"2023-12-19T11:35:00","date_gmt":"2023-12-19T16:35:00","guid":{"rendered":"https:\/\/www.sparta-imports.com\/equipos\/?post_type=product&#038;p=6520"},"modified":"2023-12-19T11:35:01","modified_gmt":"2023-12-19T16:35:01","slug":"cortadora-sammic-ca62","status":"publish","type":"product","link":"https:\/\/www.sparta-imports.com\/equipos\/producto\/cortadora-sammic-ca62\/","title":{"rendered":"Cortadora Sammic &#8211; CA62"},"content":{"rendered":"<p><strong>Cortador de verduras de alta producci\u00f3n, hasta 1000 Kg.<\/strong><\/p>\n<div>\u2022 Ajustes de alta precisi\u00f3n para obtener un corte uniforme y de excelente calidad.<\/div>\n<div>\u2022 Puede equiparse con una amplia gama de discos y rejillas de la m\u00e1s alta\u00a0calidad de corte.<\/div>\n<div>\u2022 Combinando estos accesorios entre s\u00ed para obtener m\u00e1s de 70 tipos diferentes de cortes y grados de rallado.<\/div>\n<div>\u2022 Cabezal equipado con expulsor alto: permite desplazar una mayor cantidad\u00a0de producto.<\/div>\n<div>\u2022 Fabricado en acero inoxidable y materiales de la m\u00e1s alta calidad y aptos para el contacto con alimentos:<\/div>\n<div>\u00a0 \u00a0bloque motor y tolva de acero inoxidable y cabezal de aluminio alimentario.<\/div>\n<div>\u2022 Motor as\u00edncrono de alta potencia.<\/div>\n<div>\u2022 Dise\u00f1o ergon\u00f3mico. M\u00e1xima comodidad para el usuario.<\/div>\n<div>\u2022 Salida lateral del producto: ocupa menos espacio en la encimera y gu\u00eda el producto evitando salpicaduras.<\/div>\n<div>\u2022 El panel de mando electr\u00f3nico es muy intuitivo.<\/div>\n<div>\u2022 Tolva y tapa f\u00e1cilmente desmontables para su limpieza.<\/div>\n<div>\u2022 Combinaci\u00f3n de sistemas de seguridad: tolva, tapa, interruptor de encendido.<\/div>\n<div>\u2022 Aparato certificado por NSF International (normas sobre higiene, limpieza y materiales aptos para el contacto con alimentos).<\/div>\n","protected":false},"excerpt":{"rendered":"<p>Cortador de verduras de alta producci\u00f3n, hasta 1000 Kg. \u2022 Ajustes de alta precisi\u00f3n para obtener un corte uniforme y de excelente calidad. \u2022 Puede equiparse con una amplia gama de discos y rejillas de la m\u00e1s alta\u00a0calidad de corte. \u2022 Combinando estos accesorios entre s\u00ed para obtener m\u00e1s de 70 tipos diferentes de cortes y grados de rallado. \u2022 Cabezal equipado con expulsor alto: permite desplazar una mayor cantidad\u00a0de producto. \u2022 Fabricado en acero inoxidable y materiales de la m\u00e1s alta calidad y aptos para el contacto con alimentos: \u00a0 \u00a0bloque motor y tolva de acero inoxidable y cabezal de aluminio alimentario. \u2022 Motor as\u00edncrono de alta potencia. \u2022 Dise\u00f1o ergon\u00f3mico. M\u00e1xima comodidad para el usuario. \u2022 Salida lateral del producto: ocupa menos espacio en la encimera y gu\u00eda el producto evitando salpicaduras. \u2022 El panel de mando electr\u00f3nico es muy intuitivo. \u2022 Tolva y tapa f\u00e1cilmente desmontables para su limpieza. \u2022 Combinaci\u00f3n de sistemas de seguridad: tolva, tapa, interruptor de encendido. \u2022 Aparato certificado por NSF International (normas sobre higiene, limpieza y materiales aptos para el contacto con alimentos).<\/p>\n","protected":false},"featured_media":6521,"comment_status":"open","ping_status":"closed","template":"","meta":{"_coblocks_attr":"","_coblocks_dimensions":"","_coblocks_responsive_height":"","_coblocks_accordion_ie_support":""},"product_cat":[178,181],"product_tag":[],"class_list":{"0":"post-6520","1":"product","2":"type-product","3":"status-publish","4":"has-post-thumbnail","6":"product_cat-carniceria","7":"product_cat-cortadoras","8":"badges-style-2","10":"first","11":"instock","12":"shipping-taxable","13":"product-type-simple"},"yoast_head":"<!-- This site is optimized with the Yoast SEO plugin v23.8 - https:\/\/yoast.com\/wordpress\/plugins\/seo\/ -->\n<title>Cortadora Sammic - CA62 - Sparta Imports \/ Equipos<\/title>\n<meta name=\"robots\" content=\"index, follow, max-snippet:-1, max-image-preview:large, max-video-preview:-1\" \/>\n<link rel=\"canonical\" href=\"https:\/\/www.sparta-imports.com\/equipos\/producto\/cortadora-sammic-ca62\/\" \/>\n<meta property=\"og:locale\" content=\"es_ES\" \/>\n<meta property=\"og:type\" content=\"article\" \/>\n<meta property=\"og:title\" content=\"Cortadora Sammic - CA62 - Sparta Imports \/ Equipos\" \/>\n<meta property=\"og:description\" content=\"Cortador de verduras de alta producci\u00f3n, hasta 1000 Kg. \u2022 Ajustes de alta precisi\u00f3n para obtener un corte uniforme y de excelente calidad. \u2022 Puede equiparse con una amplia gama de discos y rejillas de la m\u00e1s alta\u00a0calidad de corte. \u2022 Combinando estos accesorios entre s\u00ed para obtener m\u00e1s de 70 tipos diferentes de cortes y grados de rallado. \u2022 Cabezal equipado con expulsor alto: permite desplazar una mayor cantidad\u00a0de producto. \u2022 Fabricado en acero inoxidable y materiales de la m\u00e1s alta calidad y aptos para el contacto con alimentos: \u00a0 \u00a0bloque motor y tolva de acero inoxidable y cabezal de aluminio alimentario. \u2022 Motor as\u00edncrono de alta potencia. \u2022 Dise\u00f1o ergon\u00f3mico. M\u00e1xima comodidad para el usuario. \u2022 Salida lateral del producto: ocupa menos espacio en la encimera y gu\u00eda el producto evitando salpicaduras. \u2022 El panel de mando electr\u00f3nico es muy intuitivo. \u2022 Tolva y tapa f\u00e1cilmente desmontables para su limpieza. \u2022 Combinaci\u00f3n de sistemas de seguridad: tolva, tapa, interruptor de encendido. \u2022 Aparato certificado por NSF International (normas sobre higiene, limpieza y materiales aptos para el contacto con alimentos).\" \/>\n<meta property=\"og:url\" content=\"https:\/\/www.sparta-imports.com\/equipos\/producto\/cortadora-sammic-ca62\/\" \/>\n<meta property=\"og:site_name\" content=\"Sparta Imports \/ Equipos\" \/>\n<meta property=\"article:modified_time\" content=\"2023-12-19T16:35:01+00:00\" \/>\n<meta property=\"og:image\" content=\"https:\/\/www.sparta-imports.com\/equipos\/wp-content\/uploads\/2023\/12\/Cortadora-Sammic-CA62.jpg\" \/>\n\t<meta property=\"og:image:width\" content=\"800\" \/>\n\t<meta property=\"og:image:height\" content=\"800\" \/>\n\t<meta property=\"og:image:type\" content=\"image\/jpeg\" \/>\n<meta name=\"twitter:card\" content=\"summary_large_image\" \/>\n<meta name=\"twitter:label1\" content=\"Tiempo de lectura\" \/>\n\t<meta name=\"twitter:data1\" content=\"2 minutos\" \/>\n<script type=\"application\/ld+json\" class=\"yoast-schema-graph\">{\"@context\":\"https:\/\/schema.org\",\"@graph\":[{\"@type\":\"WebPage\",\"@id\":\"https:\/\/www.sparta-imports.com\/equipos\/producto\/cortadora-sammic-ca62\/\",\"url\":\"https:\/\/www.sparta-imports.com\/equipos\/producto\/cortadora-sammic-ca62\/\",\"name\":\"Cortadora Sammic - CA62 - Sparta Imports \/ Equipos\",\"isPartOf\":{\"@id\":\"https:\/\/www.sparta-imports.com\/equipos\/#website\"},\"primaryImageOfPage\":{\"@id\":\"https:\/\/www.sparta-imports.com\/equipos\/producto\/cortadora-sammic-ca62\/#primaryimage\"},\"image\":{\"@id\":\"https:\/\/www.sparta-imports.com\/equipos\/producto\/cortadora-sammic-ca62\/#primaryimage\"},\"thumbnailUrl\":\"https:\/\/www.sparta-imports.com\/equipos\/wp-content\/uploads\/2023\/12\/Cortadora-Sammic-CA62.jpg\",\"datePublished\":\"2023-12-19T16:35:00+00:00\",\"dateModified\":\"2023-12-19T16:35:01+00:00\",\"breadcrumb\":{\"@id\":\"https:\/\/www.sparta-imports.com\/equipos\/producto\/cortadora-sammic-ca62\/#breadcrumb\"},\"inLanguage\":\"es\",\"potentialAction\":[{\"@type\":\"ReadAction\",\"target\":[\"https:\/\/www.sparta-imports.com\/equipos\/producto\/cortadora-sammic-ca62\/\"]}]},{\"@type\":\"ImageObject\",\"inLanguage\":\"es\",\"@id\":\"https:\/\/www.sparta-imports.com\/equipos\/producto\/cortadora-sammic-ca62\/#primaryimage\",\"url\":\"https:\/\/www.sparta-imports.com\/equipos\/wp-content\/uploads\/2023\/12\/Cortadora-Sammic-CA62.jpg\",\"contentUrl\":\"https:\/\/www.sparta-imports.com\/equipos\/wp-content\/uploads\/2023\/12\/Cortadora-Sammic-CA62.jpg\",\"width\":800,\"height\":800},{\"@type\":\"BreadcrumbList\",\"@id\":\"https:\/\/www.sparta-imports.com\/equipos\/producto\/cortadora-sammic-ca62\/#breadcrumb\",\"itemListElement\":[{\"@type\":\"ListItem\",\"position\":1,\"name\":\"Home\",\"item\":\"https:\/\/www.sparta-imports.com\/equipos\/\"},{\"@type\":\"ListItem\",\"position\":2,\"name\":\"Shop\",\"item\":\"https:\/\/www.sparta-imports.com\/equipos\/shop\/\"},{\"@type\":\"ListItem\",\"position\":3,\"name\":\"Cortadora Sammic &#8211; CA62\"}]},{\"@type\":\"WebSite\",\"@id\":\"https:\/\/www.sparta-imports.com\/equipos\/#website\",\"url\":\"https:\/\/www.sparta-imports.com\/equipos\/\",\"name\":\"Sparta Imports \/ Equipos\",\"description\":\"\",\"publisher\":{\"@id\":\"https:\/\/www.sparta-imports.com\/equipos\/#organization\"},\"potentialAction\":[{\"@type\":\"SearchAction\",\"target\":{\"@type\":\"EntryPoint\",\"urlTemplate\":\"https:\/\/www.sparta-imports.com\/equipos\/?s={search_term_string}\"},\"query-input\":{\"@type\":\"PropertyValueSpecification\",\"valueRequired\":true,\"valueName\":\"search_term_string\"}}],\"inLanguage\":\"es\"},{\"@type\":\"Organization\",\"@id\":\"https:\/\/www.sparta-imports.com\/equipos\/#organization\",\"name\":\"Sparta Imports \/ Equipos\",\"url\":\"https:\/\/www.sparta-imports.com\/equipos\/\",\"logo\":{\"@type\":\"ImageObject\",\"inLanguage\":\"es\",\"@id\":\"https:\/\/www.sparta-imports.com\/equipos\/#\/schema\/logo\/image\/\",\"url\":\"https:\/\/www.sparta-imports.com\/equipos\/wp-content\/uploads\/2015\/10\/cropped-Banner-Sparta-Import-Encabezado-Web-C.png\",\"contentUrl\":\"https:\/\/www.sparta-imports.com\/equipos\/wp-content\/uploads\/2015\/10\/cropped-Banner-Sparta-Import-Encabezado-Web-C.png\",\"width\":775,\"height\":272,\"caption\":\"Sparta Imports \/ Equipos\"},\"image\":{\"@id\":\"https:\/\/www.sparta-imports.com\/equipos\/#\/schema\/logo\/image\/\"}}]}<\/script>\n<!-- \/ Yoast SEO plugin. -->","yoast_head_json":{"title":"Cortadora Sammic - CA62 - Sparta Imports \/ Equipos","robots":{"index":"index","follow":"follow","max-snippet":"max-snippet:-1","max-image-preview":"max-image-preview:large","max-video-preview":"max-video-preview:-1"},"canonical":"https:\/\/www.sparta-imports.com\/equipos\/producto\/cortadora-sammic-ca62\/","og_locale":"es_ES","og_type":"article","og_title":"Cortadora Sammic - CA62 - Sparta Imports \/ Equipos","og_description":"Cortador de verduras de alta producci\u00f3n, hasta 1000 Kg. \u2022 Ajustes de alta precisi\u00f3n para obtener un corte uniforme y de excelente calidad. \u2022 Puede equiparse con una amplia gama de discos y rejillas de la m\u00e1s alta\u00a0calidad de corte. \u2022 Combinando estos accesorios entre s\u00ed para obtener m\u00e1s de 70 tipos diferentes de cortes y grados de rallado. \u2022 Cabezal equipado con expulsor alto: permite desplazar una mayor cantidad\u00a0de producto. \u2022 Fabricado en acero inoxidable y materiales de la m\u00e1s alta calidad y aptos para el contacto con alimentos: \u00a0 \u00a0bloque motor y tolva de acero inoxidable y cabezal de aluminio alimentario. \u2022 Motor as\u00edncrono de alta potencia. \u2022 Dise\u00f1o ergon\u00f3mico. M\u00e1xima comodidad para el usuario. \u2022 Salida lateral del producto: ocupa menos espacio en la encimera y gu\u00eda el producto evitando salpicaduras. \u2022 El panel de mando electr\u00f3nico es muy intuitivo. \u2022 Tolva y tapa f\u00e1cilmente desmontables para su limpieza. \u2022 Combinaci\u00f3n de sistemas de seguridad: tolva, tapa, interruptor de encendido. \u2022 Aparato certificado por NSF International (normas sobre higiene, limpieza y materiales aptos para el contacto con alimentos).","og_url":"https:\/\/www.sparta-imports.com\/equipos\/producto\/cortadora-sammic-ca62\/","og_site_name":"Sparta Imports \/ Equipos","article_modified_time":"2023-12-19T16:35:01+00:00","og_image":[{"width":800,"height":800,"url":"https:\/\/www.sparta-imports.com\/equipos\/wp-content\/uploads\/2023\/12\/Cortadora-Sammic-CA62.jpg","type":"image\/jpeg"}],"twitter_card":"summary_large_image","twitter_misc":{"Tiempo de lectura":"2 minutos"},"schema":{"@context":"https:\/\/schema.org","@graph":[{"@type":"WebPage","@id":"https:\/\/www.sparta-imports.com\/equipos\/producto\/cortadora-sammic-ca62\/","url":"https:\/\/www.sparta-imports.com\/equipos\/producto\/cortadora-sammic-ca62\/","name":"Cortadora Sammic - CA62 - Sparta Imports \/ Equipos","isPartOf":{"@id":"https:\/\/www.sparta-imports.com\/equipos\/#website"},"primaryImageOfPage":{"@id":"https:\/\/www.sparta-imports.com\/equipos\/producto\/cortadora-sammic-ca62\/#primaryimage"},"image":{"@id":"https:\/\/www.sparta-imports.com\/equipos\/producto\/cortadora-sammic-ca62\/#primaryimage"},"thumbnailUrl":"https:\/\/www.sparta-imports.com\/equipos\/wp-content\/uploads\/2023\/12\/Cortadora-Sammic-CA62.jpg","datePublished":"2023-12-19T16:35:00+00:00","dateModified":"2023-12-19T16:35:01+00:00","breadcrumb":{"@id":"https:\/\/www.sparta-imports.com\/equipos\/producto\/cortadora-sammic-ca62\/#breadcrumb"},"inLanguage":"es","potentialAction":[{"@type":"ReadAction","target":["https:\/\/www.sparta-imports.com\/equipos\/producto\/cortadora-sammic-ca62\/"]}]},{"@type":"ImageObject","inLanguage":"es","@id":"https:\/\/www.sparta-imports.com\/equipos\/producto\/cortadora-sammic-ca62\/#primaryimage","url":"https:\/\/www.sparta-imports.com\/equipos\/wp-content\/uploads\/2023\/12\/Cortadora-Sammic-CA62.jpg","contentUrl":"https:\/\/www.sparta-imports.com\/equipos\/wp-content\/uploads\/2023\/12\/Cortadora-Sammic-CA62.jpg","width":800,"height":800},{"@type":"BreadcrumbList","@id":"https:\/\/www.sparta-imports.com\/equipos\/producto\/cortadora-sammic-ca62\/#breadcrumb","itemListElement":[{"@type":"ListItem","position":1,"name":"Home","item":"https:\/\/www.sparta-imports.com\/equipos\/"},{"@type":"ListItem","position":2,"name":"Shop","item":"https:\/\/www.sparta-imports.com\/equipos\/shop\/"},{"@type":"ListItem","position":3,"name":"Cortadora Sammic &#8211; CA62"}]},{"@type":"WebSite","@id":"https:\/\/www.sparta-imports.com\/equipos\/#website","url":"https:\/\/www.sparta-imports.com\/equipos\/","name":"Sparta Imports \/ Equipos","description":"","publisher":{"@id":"https:\/\/www.sparta-imports.com\/equipos\/#organization"},"potentialAction":[{"@type":"SearchAction","target":{"@type":"EntryPoint","urlTemplate":"https:\/\/www.sparta-imports.com\/equipos\/?s={search_term_string}"},"query-input":{"@type":"PropertyValueSpecification","valueRequired":true,"valueName":"search_term_string"}}],"inLanguage":"es"},{"@type":"Organization","@id":"https:\/\/www.sparta-imports.com\/equipos\/#organization","name":"Sparta Imports \/ Equipos","url":"https:\/\/www.sparta-imports.com\/equipos\/","logo":{"@type":"ImageObject","inLanguage":"es","@id":"https:\/\/www.sparta-imports.com\/equipos\/#\/schema\/logo\/image\/","url":"https:\/\/www.sparta-imports.com\/equipos\/wp-content\/uploads\/2015\/10\/cropped-Banner-Sparta-Import-Encabezado-Web-C.png","contentUrl":"https:\/\/www.sparta-imports.com\/equipos\/wp-content\/uploads\/2015\/10\/cropped-Banner-Sparta-Import-Encabezado-Web-C.png","width":775,"height":272,"caption":"Sparta Imports \/ Equipos"},"image":{"@id":"https:\/\/www.sparta-imports.com\/equipos\/#\/schema\/logo\/image\/"}}]}},"_links":{"self":[{"href":"https:\/\/www.sparta-imports.com\/equipos\/wp-json\/wp\/v2\/product\/6520"}],"collection":[{"href":"https:\/\/www.sparta-imports.com\/equipos\/wp-json\/wp\/v2\/product"}],"about":[{"href":"https:\/\/www.sparta-imports.com\/equipos\/wp-json\/wp\/v2\/types\/product"}],"replies":[{"embeddable":true,"href":"https:\/\/www.sparta-imports.com\/equipos\/wp-json\/wp\/v2\/comments?post=6520"}],"wp:featuredmedia":[{"embeddable":true,"href":"https:\/\/www.sparta-imports.com\/equipos\/wp-json\/wp\/v2\/media\/6521"}],"wp:attachment":[{"href":"https:\/\/www.sparta-imports.com\/equipos\/wp-json\/wp\/v2\/media?parent=6520"}],"wp:term":[{"taxonomy":"product_cat","embeddable":true,"href":"https:\/\/www.sparta-imports.com\/equipos\/wp-json\/wp\/v2\/product_cat?post=6520"},{"taxonomy":"product_tag","embeddable":true,"href":"https:\/\/www.sparta-imports.com\/equipos\/wp-json\/wp\/v2\/product_tag?post=6520"}],"curies":[{"name":"wp","href":"https:\/\/api.w.org\/{rel}","templated":true}]}}