{"id":6478,"date":"2023-12-12T11:10:43","date_gmt":"2023-12-12T16:10:43","guid":{"rendered":"https:\/\/www.sparta-imports.com\/equipos\/?post_type=product&#038;p=6478"},"modified":"2023-12-12T11:30:02","modified_gmt":"2023-12-12T16:30:02","slug":"horno-combi-ekf664gtc","status":"publish","type":"product","link":"https:\/\/www.sparta-imports.com\/equipos\/producto\/horno-combi-ekf664gtc\/","title":{"rendered":"Horno Combi &#8211; EKF664GTC"},"content":{"rendered":"<p class=\"p1\">Dise\u00f1ado y estudiado para panader\u00edas y pasteler\u00edas de medianas dimensiones que necesitan un horno que d\u00e9 un alto rendimiento pero de dimensiones limitadas. Gracias a su funci\u00f3n de vapor directo, se puede personalizar cualquier tipo de cocci\u00f3n, lo que le permite diversificar su oferta. Un horno con un panel de control electromec\u00e1nico que satisface las necesidades m\u00e1s distintas de los profesionales del sector.<\/p>\n<p class=\"p1\">\u2022 Capacidad 6<\/p>\n<p class=\"p1\">\u2022 Paso de las gu\u00edas 80 (mm)<\/p>\n<p class=\"p1\">\u2022 Dimensiones Del Horno (Lxpxh)935x978x1068 (mm)<\/p>\n<p class=\"p1\">\u2022 Peso 117,4 (Kg)<\/p>\n<p class=\"p1\">\u2022 Potencia El\u00e9ctrica 0,50 (Kw)<\/p>\n<p class=\"p1\">\u2022 Capacidad T\u00e9rmica 13 (Kw)<\/p>\n<p class=\"p1\">\u2022 Voltajeac 220\/230 (V)<\/p>\n<p class=\"p1\">\u2022 Frecuencia 50 (60 On Demand) (Hz)<\/p>\n<p class=\"p1\">\u2022 Temperatura 100 \u00f7 260 (\u00b0c)<\/p>\n","protected":false},"excerpt":{"rendered":"<p>Dise\u00f1ado y estudiado para panader\u00edas y pasteler\u00edas de medianas dimensiones que necesitan un horno que d\u00e9 un alto rendimiento pero de dimensiones limitadas. Gracias a su funci\u00f3n de vapor directo, se puede personalizar cualquier tipo de cocci\u00f3n, lo que le permite diversificar su oferta. Un horno con un panel de control electromec\u00e1nico que satisface las necesidades m\u00e1s distintas de los profesionales del sector. \u2022 Capacidad 6 \u2022 Paso de las gu\u00edas 80 (mm) \u2022 Dimensiones Del Horno (Lxpxh)935x978x1068 (mm) \u2022 Peso 117,4 (Kg) \u2022 Potencia El\u00e9ctrica 0,50 (Kw) \u2022 Capacidad T\u00e9rmica 13 (Kw) \u2022 Voltajeac 220\/230 (V) \u2022 Frecuencia 50 (60 On Demand) (Hz) \u2022 Temperatura 100 \u00f7 260 (\u00b0c)<\/p>\n","protected":false},"featured_media":6479,"comment_status":"open","ping_status":"closed","template":"","meta":{"_coblocks_attr":"","_coblocks_dimensions":"","_coblocks_responsive_height":"","_coblocks_accordion_ie_support":""},"product_cat":[301,167],"product_tag":[],"class_list":{"0":"post-6478","1":"product","2":"type-product","3":"status-publish","4":"has-post-thumbnail","6":"product_cat-eka","7":"product_cat-hornos","8":"badges-style-2","10":"first","11":"instock","12":"shipping-taxable","13":"product-type-simple"},"yoast_head":"<!-- This site is optimized with the Yoast SEO plugin v23.8 - https:\/\/yoast.com\/wordpress\/plugins\/seo\/ -->\n<title>Horno Combi - EKF664GTC - Sparta Imports \/ Equipos<\/title>\n<meta name=\"robots\" content=\"index, follow, max-snippet:-1, max-image-preview:large, max-video-preview:-1\" \/>\n<link rel=\"canonical\" href=\"https:\/\/www.sparta-imports.com\/equipos\/producto\/horno-combi-ekf664gtc\/\" \/>\n<meta property=\"og:locale\" content=\"es_ES\" \/>\n<meta property=\"og:type\" content=\"article\" \/>\n<meta property=\"og:title\" content=\"Horno Combi - EKF664GTC - Sparta Imports \/ Equipos\" \/>\n<meta property=\"og:description\" content=\"Dise\u00f1ado y estudiado para panader\u00edas y pasteler\u00edas de medianas dimensiones que necesitan un horno que d\u00e9 un alto rendimiento pero de dimensiones limitadas. Gracias a su funci\u00f3n de vapor directo, se puede personalizar cualquier tipo de cocci\u00f3n, lo que le permite diversificar su oferta. Un horno con un panel de control electromec\u00e1nico que satisface las necesidades m\u00e1s distintas de los profesionales del sector. \u2022 Capacidad 6 \u2022 Paso de las gu\u00edas 80 (mm) \u2022 Dimensiones Del Horno (Lxpxh)935x978x1068 (mm) \u2022 Peso 117,4 (Kg) \u2022 Potencia El\u00e9ctrica 0,50 (Kw) \u2022 Capacidad T\u00e9rmica 13 (Kw) \u2022 Voltajeac 220\/230 (V) \u2022 Frecuencia 50 (60 On Demand) (Hz) \u2022 Temperatura 100 \u00f7 260 (\u00b0c)\" \/>\n<meta property=\"og:url\" content=\"https:\/\/www.sparta-imports.com\/equipos\/producto\/horno-combi-ekf664gtc\/\" \/>\n<meta property=\"og:site_name\" content=\"Sparta Imports \/ Equipos\" \/>\n<meta property=\"article:modified_time\" content=\"2023-12-12T16:30:02+00:00\" \/>\n<meta property=\"og:image\" content=\"https:\/\/www.sparta-imports.com\/equipos\/wp-content\/uploads\/2023\/12\/02-HORNO-EKF664GTCM.jpg\" \/>\n\t<meta property=\"og:image:width\" content=\"942\" \/>\n\t<meta property=\"og:image:height\" content=\"964\" \/>\n\t<meta property=\"og:image:type\" content=\"image\/jpeg\" \/>\n<meta name=\"twitter:card\" content=\"summary_large_image\" \/>\n<meta name=\"twitter:label1\" content=\"Tiempo de lectura\" \/>\n\t<meta name=\"twitter:data1\" content=\"1 minuto\" \/>\n<script type=\"application\/ld+json\" class=\"yoast-schema-graph\">{\"@context\":\"https:\/\/schema.org\",\"@graph\":[{\"@type\":\"WebPage\",\"@id\":\"https:\/\/www.sparta-imports.com\/equipos\/producto\/horno-combi-ekf664gtc\/\",\"url\":\"https:\/\/www.sparta-imports.com\/equipos\/producto\/horno-combi-ekf664gtc\/\",\"name\":\"Horno Combi - EKF664GTC - Sparta Imports \/ Equipos\",\"isPartOf\":{\"@id\":\"https:\/\/www.sparta-imports.com\/equipos\/#website\"},\"primaryImageOfPage\":{\"@id\":\"https:\/\/www.sparta-imports.com\/equipos\/producto\/horno-combi-ekf664gtc\/#primaryimage\"},\"image\":{\"@id\":\"https:\/\/www.sparta-imports.com\/equipos\/producto\/horno-combi-ekf664gtc\/#primaryimage\"},\"thumbnailUrl\":\"https:\/\/www.sparta-imports.com\/equipos\/wp-content\/uploads\/2023\/12\/02-HORNO-EKF664GTCM.jpg\",\"datePublished\":\"2023-12-12T16:10:43+00:00\",\"dateModified\":\"2023-12-12T16:30:02+00:00\",\"breadcrumb\":{\"@id\":\"https:\/\/www.sparta-imports.com\/equipos\/producto\/horno-combi-ekf664gtc\/#breadcrumb\"},\"inLanguage\":\"es\",\"potentialAction\":[{\"@type\":\"ReadAction\",\"target\":[\"https:\/\/www.sparta-imports.com\/equipos\/producto\/horno-combi-ekf664gtc\/\"]}]},{\"@type\":\"ImageObject\",\"inLanguage\":\"es\",\"@id\":\"https:\/\/www.sparta-imports.com\/equipos\/producto\/horno-combi-ekf664gtc\/#primaryimage\",\"url\":\"https:\/\/www.sparta-imports.com\/equipos\/wp-content\/uploads\/2023\/12\/02-HORNO-EKF664GTCM.jpg\",\"contentUrl\":\"https:\/\/www.sparta-imports.com\/equipos\/wp-content\/uploads\/2023\/12\/02-HORNO-EKF664GTCM.jpg\",\"width\":942,\"height\":964},{\"@type\":\"BreadcrumbList\",\"@id\":\"https:\/\/www.sparta-imports.com\/equipos\/producto\/horno-combi-ekf664gtc\/#breadcrumb\",\"itemListElement\":[{\"@type\":\"ListItem\",\"position\":1,\"name\":\"Home\",\"item\":\"https:\/\/www.sparta-imports.com\/equipos\/\"},{\"@type\":\"ListItem\",\"position\":2,\"name\":\"Shop\",\"item\":\"https:\/\/www.sparta-imports.com\/equipos\/shop\/\"},{\"@type\":\"ListItem\",\"position\":3,\"name\":\"Horno Combi &#8211; EKF664GTC\"}]},{\"@type\":\"WebSite\",\"@id\":\"https:\/\/www.sparta-imports.com\/equipos\/#website\",\"url\":\"https:\/\/www.sparta-imports.com\/equipos\/\",\"name\":\"Sparta Imports \/ Equipos\",\"description\":\"\",\"publisher\":{\"@id\":\"https:\/\/www.sparta-imports.com\/equipos\/#organization\"},\"potentialAction\":[{\"@type\":\"SearchAction\",\"target\":{\"@type\":\"EntryPoint\",\"urlTemplate\":\"https:\/\/www.sparta-imports.com\/equipos\/?s={search_term_string}\"},\"query-input\":{\"@type\":\"PropertyValueSpecification\",\"valueRequired\":true,\"valueName\":\"search_term_string\"}}],\"inLanguage\":\"es\"},{\"@type\":\"Organization\",\"@id\":\"https:\/\/www.sparta-imports.com\/equipos\/#organization\",\"name\":\"Sparta Imports \/ Equipos\",\"url\":\"https:\/\/www.sparta-imports.com\/equipos\/\",\"logo\":{\"@type\":\"ImageObject\",\"inLanguage\":\"es\",\"@id\":\"https:\/\/www.sparta-imports.com\/equipos\/#\/schema\/logo\/image\/\",\"url\":\"https:\/\/www.sparta-imports.com\/equipos\/wp-content\/uploads\/2015\/10\/cropped-Banner-Sparta-Import-Encabezado-Web-C.png\",\"contentUrl\":\"https:\/\/www.sparta-imports.com\/equipos\/wp-content\/uploads\/2015\/10\/cropped-Banner-Sparta-Import-Encabezado-Web-C.png\",\"width\":775,\"height\":272,\"caption\":\"Sparta Imports \/ Equipos\"},\"image\":{\"@id\":\"https:\/\/www.sparta-imports.com\/equipos\/#\/schema\/logo\/image\/\"}}]}<\/script>\n<!-- \/ Yoast SEO plugin. -->","yoast_head_json":{"title":"Horno Combi - EKF664GTC - Sparta Imports \/ Equipos","robots":{"index":"index","follow":"follow","max-snippet":"max-snippet:-1","max-image-preview":"max-image-preview:large","max-video-preview":"max-video-preview:-1"},"canonical":"https:\/\/www.sparta-imports.com\/equipos\/producto\/horno-combi-ekf664gtc\/","og_locale":"es_ES","og_type":"article","og_title":"Horno Combi - EKF664GTC - Sparta Imports \/ Equipos","og_description":"Dise\u00f1ado y estudiado para panader\u00edas y pasteler\u00edas de medianas dimensiones que necesitan un horno que d\u00e9 un alto rendimiento pero de dimensiones limitadas. Gracias a su funci\u00f3n de vapor directo, se puede personalizar cualquier tipo de cocci\u00f3n, lo que le permite diversificar su oferta. Un horno con un panel de control electromec\u00e1nico que satisface las necesidades m\u00e1s distintas de los profesionales del sector. \u2022 Capacidad 6 \u2022 Paso de las gu\u00edas 80 (mm) \u2022 Dimensiones Del Horno (Lxpxh)935x978x1068 (mm) \u2022 Peso 117,4 (Kg) \u2022 Potencia El\u00e9ctrica 0,50 (Kw) \u2022 Capacidad T\u00e9rmica 13 (Kw) \u2022 Voltajeac 220\/230 (V) \u2022 Frecuencia 50 (60 On Demand) (Hz) \u2022 Temperatura 100 \u00f7 260 (\u00b0c)","og_url":"https:\/\/www.sparta-imports.com\/equipos\/producto\/horno-combi-ekf664gtc\/","og_site_name":"Sparta Imports \/ Equipos","article_modified_time":"2023-12-12T16:30:02+00:00","og_image":[{"width":942,"height":964,"url":"https:\/\/www.sparta-imports.com\/equipos\/wp-content\/uploads\/2023\/12\/02-HORNO-EKF664GTCM.jpg","type":"image\/jpeg"}],"twitter_card":"summary_large_image","twitter_misc":{"Tiempo de lectura":"1 minuto"},"schema":{"@context":"https:\/\/schema.org","@graph":[{"@type":"WebPage","@id":"https:\/\/www.sparta-imports.com\/equipos\/producto\/horno-combi-ekf664gtc\/","url":"https:\/\/www.sparta-imports.com\/equipos\/producto\/horno-combi-ekf664gtc\/","name":"Horno Combi - EKF664GTC - Sparta Imports \/ Equipos","isPartOf":{"@id":"https:\/\/www.sparta-imports.com\/equipos\/#website"},"primaryImageOfPage":{"@id":"https:\/\/www.sparta-imports.com\/equipos\/producto\/horno-combi-ekf664gtc\/#primaryimage"},"image":{"@id":"https:\/\/www.sparta-imports.com\/equipos\/producto\/horno-combi-ekf664gtc\/#primaryimage"},"thumbnailUrl":"https:\/\/www.sparta-imports.com\/equipos\/wp-content\/uploads\/2023\/12\/02-HORNO-EKF664GTCM.jpg","datePublished":"2023-12-12T16:10:43+00:00","dateModified":"2023-12-12T16:30:02+00:00","breadcrumb":{"@id":"https:\/\/www.sparta-imports.com\/equipos\/producto\/horno-combi-ekf664gtc\/#breadcrumb"},"inLanguage":"es","potentialAction":[{"@type":"ReadAction","target":["https:\/\/www.sparta-imports.com\/equipos\/producto\/horno-combi-ekf664gtc\/"]}]},{"@type":"ImageObject","inLanguage":"es","@id":"https:\/\/www.sparta-imports.com\/equipos\/producto\/horno-combi-ekf664gtc\/#primaryimage","url":"https:\/\/www.sparta-imports.com\/equipos\/wp-content\/uploads\/2023\/12\/02-HORNO-EKF664GTCM.jpg","contentUrl":"https:\/\/www.sparta-imports.com\/equipos\/wp-content\/uploads\/2023\/12\/02-HORNO-EKF664GTCM.jpg","width":942,"height":964},{"@type":"BreadcrumbList","@id":"https:\/\/www.sparta-imports.com\/equipos\/producto\/horno-combi-ekf664gtc\/#breadcrumb","itemListElement":[{"@type":"ListItem","position":1,"name":"Home","item":"https:\/\/www.sparta-imports.com\/equipos\/"},{"@type":"ListItem","position":2,"name":"Shop","item":"https:\/\/www.sparta-imports.com\/equipos\/shop\/"},{"@type":"ListItem","position":3,"name":"Horno Combi &#8211; EKF664GTC"}]},{"@type":"WebSite","@id":"https:\/\/www.sparta-imports.com\/equipos\/#website","url":"https:\/\/www.sparta-imports.com\/equipos\/","name":"Sparta Imports \/ Equipos","description":"","publisher":{"@id":"https:\/\/www.sparta-imports.com\/equipos\/#organization"},"potentialAction":[{"@type":"SearchAction","target":{"@type":"EntryPoint","urlTemplate":"https:\/\/www.sparta-imports.com\/equipos\/?s={search_term_string}"},"query-input":{"@type":"PropertyValueSpecification","valueRequired":true,"valueName":"search_term_string"}}],"inLanguage":"es"},{"@type":"Organization","@id":"https:\/\/www.sparta-imports.com\/equipos\/#organization","name":"Sparta Imports \/ Equipos","url":"https:\/\/www.sparta-imports.com\/equipos\/","logo":{"@type":"ImageObject","inLanguage":"es","@id":"https:\/\/www.sparta-imports.com\/equipos\/#\/schema\/logo\/image\/","url":"https:\/\/www.sparta-imports.com\/equipos\/wp-content\/uploads\/2015\/10\/cropped-Banner-Sparta-Import-Encabezado-Web-C.png","contentUrl":"https:\/\/www.sparta-imports.com\/equipos\/wp-content\/uploads\/2015\/10\/cropped-Banner-Sparta-Import-Encabezado-Web-C.png","width":775,"height":272,"caption":"Sparta Imports \/ Equipos"},"image":{"@id":"https:\/\/www.sparta-imports.com\/equipos\/#\/schema\/logo\/image\/"}}]}},"_links":{"self":[{"href":"https:\/\/www.sparta-imports.com\/equipos\/wp-json\/wp\/v2\/product\/6478"}],"collection":[{"href":"https:\/\/www.sparta-imports.com\/equipos\/wp-json\/wp\/v2\/product"}],"about":[{"href":"https:\/\/www.sparta-imports.com\/equipos\/wp-json\/wp\/v2\/types\/product"}],"replies":[{"embeddable":true,"href":"https:\/\/www.sparta-imports.com\/equipos\/wp-json\/wp\/v2\/comments?post=6478"}],"wp:featuredmedia":[{"embeddable":true,"href":"https:\/\/www.sparta-imports.com\/equipos\/wp-json\/wp\/v2\/media\/6479"}],"wp:attachment":[{"href":"https:\/\/www.sparta-imports.com\/equipos\/wp-json\/wp\/v2\/media?parent=6478"}],"wp:term":[{"taxonomy":"product_cat","embeddable":true,"href":"https:\/\/www.sparta-imports.com\/equipos\/wp-json\/wp\/v2\/product_cat?post=6478"},{"taxonomy":"product_tag","embeddable":true,"href":"https:\/\/www.sparta-imports.com\/equipos\/wp-json\/wp\/v2\/product_tag?post=6478"}],"curies":[{"name":"wp","href":"https:\/\/api.w.org\/{rel}","templated":true}]}}