{"id":6338,"date":"2023-06-07T13:53:57","date_gmt":"2023-06-07T18:53:57","guid":{"rendered":"https:\/\/www.sparta-imports.com\/equipos\/?post_type=product&#038;p=6338"},"modified":"2024-01-22T17:23:51","modified_gmt":"2024-01-22T22:23:51","slug":"refrigerador","status":"publish","type":"product","link":"https:\/\/www.sparta-imports.com\/equipos\/producto\/refrigerador\/","title":{"rendered":"Horno Rotativo Logiudice &#8211; FOX 18T 8080"},"content":{"rendered":"<p><strong>HORNO ROTATIVO CON 18 BANDEJAS DE COCCI\u00d3N<\/strong><\/p>\n<div>\u2022 Hornos recomendados para la cocci\u00f3n de todos\u00a0los tipos de panes y pr\u00f3ductos de pasteler\u00eda.<\/div>\n<div>\u2022 Horno completamente en acero.<\/div>\n<div>\u2022 Sistema de rotaci\u00f3n con gancho superior.<\/div>\n<div>\u2022 Funcionamiento a gas, gas\u00f3leo, el\u00e9ctrico.<\/div>\n<div>\u2022 Panel de mandos electromec\u00e1nico o digital con 99 programas con gesti\u00f3n de la cocci\u00f3n en 9 fases.<\/div>\n<div>\u2022 Vaporera doble con sistema a cascada.<\/div>\n<div>\u2022 Recirculo del aire con tres ventiladores.<\/div>\n<div>\u2022 V\u00e1lvula extracci\u00f3n de vapores manual.<\/div>\n<div>\u2022 Iluminaci\u00f3n c\u00e1mara de cocci\u00f3n\u00a0con dos l\u00e1mparas hal\u00f3genas.<\/div>\n<div>\u2022 Aspirador de vapores\u00a0y campana incluidos.<\/div>\n","protected":false},"excerpt":{"rendered":"<p><strong>Modelo: FOX 18T 8080<br \/>\n<\/strong>Bandejas: 18<\/p>\n<p>Dim. Bandejas: 60&#215;80, 66&#215;92, 80&#215;80<\/p>\n<p>Sup. cocci\u00f3n (m2): 8.64; 10.9; 11.5<\/p>\n<p>Dimensiones externas (cm): 146 x 178 x 230<\/p>\n<p>Peso (kg): 1100<\/p>\n<p>Potencia termica (Btu\/h): 240.000-320.000<\/p>\n<p>Potencia el\u00e9ctrica (kw): 2.8<\/p>\n","protected":false},"featured_media":6589,"comment_status":"open","ping_status":"closed","template":"","meta":{"_coblocks_attr":"","_coblocks_dimensions":"","_coblocks_responsive_height":"","_coblocks_accordion_ie_support":""},"product_cat":[192,166],"product_tag":[],"class_list":{"0":"post-6338","1":"product","2":"type-product","3":"status-publish","4":"has-post-thumbnail","6":"product_cat-hornos-de-pan","7":"product_cat-panaderias-y-pizzerias","8":"badges-style-2","10":"first","11":"instock","12":"shipping-taxable","13":"purchasable","14":"product-type-simple"},"yoast_head":"<!-- This site is optimized with the Yoast SEO plugin v23.8 - https:\/\/yoast.com\/wordpress\/plugins\/seo\/ -->\n<title>Horno Rotativo Logiudice - FOX 18T 8080 - Sparta Imports \/ Equipos<\/title>\n<meta name=\"robots\" content=\"index, follow, max-snippet:-1, max-image-preview:large, max-video-preview:-1\" \/>\n<link rel=\"canonical\" href=\"https:\/\/www.sparta-imports.com\/equipos\/producto\/refrigerador\/\" \/>\n<meta property=\"og:locale\" content=\"es_ES\" \/>\n<meta property=\"og:type\" content=\"article\" \/>\n<meta property=\"og:title\" content=\"Horno Rotativo Logiudice - FOX 18T 8080 - Sparta Imports \/ Equipos\" \/>\n<meta property=\"og:description\" content=\"Modelo: FOX 18T 8080 Bandejas: 18  Dim. Bandejas: 60x80, 66x92, 80x80  Sup. cocci\u00f3n (m2): 8.64; 10.9; 11.5  Dimensiones externas (cm): 146 x 178 x 230  Peso (kg): 1100  Potencia termica (Btu\/h): 240.000-320.000  Potencia el\u00e9ctrica (kw): 2.8\" \/>\n<meta property=\"og:url\" content=\"https:\/\/www.sparta-imports.com\/equipos\/producto\/refrigerador\/\" \/>\n<meta property=\"og:site_name\" content=\"Sparta Imports \/ Equipos\" \/>\n<meta property=\"article:modified_time\" content=\"2024-01-22T22:23:51+00:00\" \/>\n<meta property=\"og:image\" content=\"https:\/\/www.sparta-imports.com\/equipos\/wp-content\/uploads\/2023\/06\/HORNO-FOX-LFRC-18T-8080.jpg\" \/>\n\t<meta property=\"og:image:width\" content=\"800\" \/>\n\t<meta property=\"og:image:height\" content=\"800\" \/>\n\t<meta property=\"og:image:type\" content=\"image\/jpeg\" \/>\n<meta name=\"twitter:card\" content=\"summary_large_image\" \/>\n<meta name=\"twitter:label1\" content=\"Tiempo de lectura\" \/>\n\t<meta name=\"twitter:data1\" content=\"1 minuto\" \/>\n<script type=\"application\/ld+json\" class=\"yoast-schema-graph\">{\"@context\":\"https:\/\/schema.org\",\"@graph\":[{\"@type\":\"WebPage\",\"@id\":\"https:\/\/www.sparta-imports.com\/equipos\/producto\/refrigerador\/\",\"url\":\"https:\/\/www.sparta-imports.com\/equipos\/producto\/refrigerador\/\",\"name\":\"Horno Rotativo Logiudice - FOX 18T 8080 - Sparta Imports \/ Equipos\",\"isPartOf\":{\"@id\":\"https:\/\/www.sparta-imports.com\/equipos\/#website\"},\"primaryImageOfPage\":{\"@id\":\"https:\/\/www.sparta-imports.com\/equipos\/producto\/refrigerador\/#primaryimage\"},\"image\":{\"@id\":\"https:\/\/www.sparta-imports.com\/equipos\/producto\/refrigerador\/#primaryimage\"},\"thumbnailUrl\":\"https:\/\/www.sparta-imports.com\/equipos\/wp-content\/uploads\/2023\/06\/HORNO-FOX-LFRC-18T-8080.jpg\",\"datePublished\":\"2023-06-07T18:53:57+00:00\",\"dateModified\":\"2024-01-22T22:23:51+00:00\",\"breadcrumb\":{\"@id\":\"https:\/\/www.sparta-imports.com\/equipos\/producto\/refrigerador\/#breadcrumb\"},\"inLanguage\":\"es\",\"potentialAction\":[{\"@type\":\"ReadAction\",\"target\":[\"https:\/\/www.sparta-imports.com\/equipos\/producto\/refrigerador\/\"]}]},{\"@type\":\"ImageObject\",\"inLanguage\":\"es\",\"@id\":\"https:\/\/www.sparta-imports.com\/equipos\/producto\/refrigerador\/#primaryimage\",\"url\":\"https:\/\/www.sparta-imports.com\/equipos\/wp-content\/uploads\/2023\/06\/HORNO-FOX-LFRC-18T-8080.jpg\",\"contentUrl\":\"https:\/\/www.sparta-imports.com\/equipos\/wp-content\/uploads\/2023\/06\/HORNO-FOX-LFRC-18T-8080.jpg\",\"width\":800,\"height\":800},{\"@type\":\"BreadcrumbList\",\"@id\":\"https:\/\/www.sparta-imports.com\/equipos\/producto\/refrigerador\/#breadcrumb\",\"itemListElement\":[{\"@type\":\"ListItem\",\"position\":1,\"name\":\"Home\",\"item\":\"https:\/\/www.sparta-imports.com\/equipos\/\"},{\"@type\":\"ListItem\",\"position\":2,\"name\":\"Shop\",\"item\":\"https:\/\/www.sparta-imports.com\/equipos\/shop\/\"},{\"@type\":\"ListItem\",\"position\":3,\"name\":\"Horno Rotativo Logiudice &#8211; FOX 18T 8080\"}]},{\"@type\":\"WebSite\",\"@id\":\"https:\/\/www.sparta-imports.com\/equipos\/#website\",\"url\":\"https:\/\/www.sparta-imports.com\/equipos\/\",\"name\":\"Sparta Imports \/ Equipos\",\"description\":\"\",\"publisher\":{\"@id\":\"https:\/\/www.sparta-imports.com\/equipos\/#organization\"},\"potentialAction\":[{\"@type\":\"SearchAction\",\"target\":{\"@type\":\"EntryPoint\",\"urlTemplate\":\"https:\/\/www.sparta-imports.com\/equipos\/?s={search_term_string}\"},\"query-input\":{\"@type\":\"PropertyValueSpecification\",\"valueRequired\":true,\"valueName\":\"search_term_string\"}}],\"inLanguage\":\"es\"},{\"@type\":\"Organization\",\"@id\":\"https:\/\/www.sparta-imports.com\/equipos\/#organization\",\"name\":\"Sparta Imports \/ Equipos\",\"url\":\"https:\/\/www.sparta-imports.com\/equipos\/\",\"logo\":{\"@type\":\"ImageObject\",\"inLanguage\":\"es\",\"@id\":\"https:\/\/www.sparta-imports.com\/equipos\/#\/schema\/logo\/image\/\",\"url\":\"https:\/\/www.sparta-imports.com\/equipos\/wp-content\/uploads\/2015\/10\/cropped-Banner-Sparta-Import-Encabezado-Web-C.png\",\"contentUrl\":\"https:\/\/www.sparta-imports.com\/equipos\/wp-content\/uploads\/2015\/10\/cropped-Banner-Sparta-Import-Encabezado-Web-C.png\",\"width\":775,\"height\":272,\"caption\":\"Sparta Imports \/ Equipos\"},\"image\":{\"@id\":\"https:\/\/www.sparta-imports.com\/equipos\/#\/schema\/logo\/image\/\"}}]}<\/script>\n<!-- \/ Yoast SEO plugin. -->","yoast_head_json":{"title":"Horno Rotativo Logiudice - FOX 18T 8080 - Sparta Imports \/ Equipos","robots":{"index":"index","follow":"follow","max-snippet":"max-snippet:-1","max-image-preview":"max-image-preview:large","max-video-preview":"max-video-preview:-1"},"canonical":"https:\/\/www.sparta-imports.com\/equipos\/producto\/refrigerador\/","og_locale":"es_ES","og_type":"article","og_title":"Horno Rotativo Logiudice - FOX 18T 8080 - Sparta Imports \/ Equipos","og_description":"Modelo: FOX 18T 8080 Bandejas: 18  Dim. Bandejas: 60x80, 66x92, 80x80  Sup. cocci\u00f3n (m2): 8.64; 10.9; 11.5  Dimensiones externas (cm): 146 x 178 x 230  Peso (kg): 1100  Potencia termica (Btu\/h): 240.000-320.000  Potencia el\u00e9ctrica (kw): 2.8","og_url":"https:\/\/www.sparta-imports.com\/equipos\/producto\/refrigerador\/","og_site_name":"Sparta Imports \/ Equipos","article_modified_time":"2024-01-22T22:23:51+00:00","og_image":[{"width":800,"height":800,"url":"https:\/\/www.sparta-imports.com\/equipos\/wp-content\/uploads\/2023\/06\/HORNO-FOX-LFRC-18T-8080.jpg","type":"image\/jpeg"}],"twitter_card":"summary_large_image","twitter_misc":{"Tiempo de lectura":"1 minuto"},"schema":{"@context":"https:\/\/schema.org","@graph":[{"@type":"WebPage","@id":"https:\/\/www.sparta-imports.com\/equipos\/producto\/refrigerador\/","url":"https:\/\/www.sparta-imports.com\/equipos\/producto\/refrigerador\/","name":"Horno Rotativo Logiudice - FOX 18T 8080 - Sparta Imports \/ Equipos","isPartOf":{"@id":"https:\/\/www.sparta-imports.com\/equipos\/#website"},"primaryImageOfPage":{"@id":"https:\/\/www.sparta-imports.com\/equipos\/producto\/refrigerador\/#primaryimage"},"image":{"@id":"https:\/\/www.sparta-imports.com\/equipos\/producto\/refrigerador\/#primaryimage"},"thumbnailUrl":"https:\/\/www.sparta-imports.com\/equipos\/wp-content\/uploads\/2023\/06\/HORNO-FOX-LFRC-18T-8080.jpg","datePublished":"2023-06-07T18:53:57+00:00","dateModified":"2024-01-22T22:23:51+00:00","breadcrumb":{"@id":"https:\/\/www.sparta-imports.com\/equipos\/producto\/refrigerador\/#breadcrumb"},"inLanguage":"es","potentialAction":[{"@type":"ReadAction","target":["https:\/\/www.sparta-imports.com\/equipos\/producto\/refrigerador\/"]}]},{"@type":"ImageObject","inLanguage":"es","@id":"https:\/\/www.sparta-imports.com\/equipos\/producto\/refrigerador\/#primaryimage","url":"https:\/\/www.sparta-imports.com\/equipos\/wp-content\/uploads\/2023\/06\/HORNO-FOX-LFRC-18T-8080.jpg","contentUrl":"https:\/\/www.sparta-imports.com\/equipos\/wp-content\/uploads\/2023\/06\/HORNO-FOX-LFRC-18T-8080.jpg","width":800,"height":800},{"@type":"BreadcrumbList","@id":"https:\/\/www.sparta-imports.com\/equipos\/producto\/refrigerador\/#breadcrumb","itemListElement":[{"@type":"ListItem","position":1,"name":"Home","item":"https:\/\/www.sparta-imports.com\/equipos\/"},{"@type":"ListItem","position":2,"name":"Shop","item":"https:\/\/www.sparta-imports.com\/equipos\/shop\/"},{"@type":"ListItem","position":3,"name":"Horno Rotativo Logiudice &#8211; FOX 18T 8080"}]},{"@type":"WebSite","@id":"https:\/\/www.sparta-imports.com\/equipos\/#website","url":"https:\/\/www.sparta-imports.com\/equipos\/","name":"Sparta Imports \/ Equipos","description":"","publisher":{"@id":"https:\/\/www.sparta-imports.com\/equipos\/#organization"},"potentialAction":[{"@type":"SearchAction","target":{"@type":"EntryPoint","urlTemplate":"https:\/\/www.sparta-imports.com\/equipos\/?s={search_term_string}"},"query-input":{"@type":"PropertyValueSpecification","valueRequired":true,"valueName":"search_term_string"}}],"inLanguage":"es"},{"@type":"Organization","@id":"https:\/\/www.sparta-imports.com\/equipos\/#organization","name":"Sparta Imports \/ Equipos","url":"https:\/\/www.sparta-imports.com\/equipos\/","logo":{"@type":"ImageObject","inLanguage":"es","@id":"https:\/\/www.sparta-imports.com\/equipos\/#\/schema\/logo\/image\/","url":"https:\/\/www.sparta-imports.com\/equipos\/wp-content\/uploads\/2015\/10\/cropped-Banner-Sparta-Import-Encabezado-Web-C.png","contentUrl":"https:\/\/www.sparta-imports.com\/equipos\/wp-content\/uploads\/2015\/10\/cropped-Banner-Sparta-Import-Encabezado-Web-C.png","width":775,"height":272,"caption":"Sparta Imports \/ Equipos"},"image":{"@id":"https:\/\/www.sparta-imports.com\/equipos\/#\/schema\/logo\/image\/"}}]}},"_links":{"self":[{"href":"https:\/\/www.sparta-imports.com\/equipos\/wp-json\/wp\/v2\/product\/6338"}],"collection":[{"href":"https:\/\/www.sparta-imports.com\/equipos\/wp-json\/wp\/v2\/product"}],"about":[{"href":"https:\/\/www.sparta-imports.com\/equipos\/wp-json\/wp\/v2\/types\/product"}],"replies":[{"embeddable":true,"href":"https:\/\/www.sparta-imports.com\/equipos\/wp-json\/wp\/v2\/comments?post=6338"}],"wp:featuredmedia":[{"embeddable":true,"href":"https:\/\/www.sparta-imports.com\/equipos\/wp-json\/wp\/v2\/media\/6589"}],"wp:attachment":[{"href":"https:\/\/www.sparta-imports.com\/equipos\/wp-json\/wp\/v2\/media?parent=6338"}],"wp:term":[{"taxonomy":"product_cat","embeddable":true,"href":"https:\/\/www.sparta-imports.com\/equipos\/wp-json\/wp\/v2\/product_cat?post=6338"},{"taxonomy":"product_tag","embeddable":true,"href":"https:\/\/www.sparta-imports.com\/equipos\/wp-json\/wp\/v2\/product_tag?post=6338"}],"curies":[{"name":"wp","href":"https:\/\/api.w.org\/{rel}","templated":true}]}}