{"id":6152,"date":"2020-10-03T13:37:39","date_gmt":"2020-10-03T18:37:39","guid":{"rendered":"https:\/\/www.sparta-imports.com\/equipos\/?post_type=product&#038;p=6152"},"modified":"2023-11-09T14:54:19","modified_gmt":"2023-11-09T19:54:19","slug":"freidora-90000btu","status":"publish","type":"product","link":"https:\/\/www.sparta-imports.com\/equipos\/producto\/freidora-90000btu\/","title":{"rendered":"Freidora 90,000BTU"},"content":{"rendered":"<p><strong>Freidora 90,000BTU<\/strong><\/p>\n<p>\u2022 Termostato importado de alta calidad, control de temperatura<br \/>\nentre 93\u00b0C \u2013 205\u00b0C (200\u00b0F \u2013 400\u00b0F)<br \/>\n\u2022 Estructura de acero inoxidable, material duradero, resistente a la<br \/>\ncorrosi\u00f3n y f\u00e1cil de lavar<br \/>\n\u2022 Estructura simple y razonable, f\u00e1cil de manipular y mantener<br \/>\n\u2022 Quemadores de alta resistencia, con una llama estable, pilotos<br \/>\nde reserva<br \/>\n\u2022 V\u00e1lvula de seguridad con una funci\u00f3n de estabilizaci\u00f3n<br \/>\nautom\u00e1tica de voltaje<br \/>\n\u2022 Dispositivo limitador de alta temperatura de reinicio autom\u00e1tico<br \/>\n\u2022 Canastas niqueladas\/incluyen malla para migajas de malla de alambre<br \/>\n\u2022 Patas de acero inoxidable ajustables<br \/>\n\u2022 Zona de enfriamiento de aceite asentada en el fondo del tanque,<br \/>\npara evitar la influencia de los residuos de alimentos<br \/>\n\u2022 M\u00faltiple de entrada de gas NPT de 19 mm (3\/4\u2033)<\/p>\n","protected":false},"excerpt":{"rendered":"<p><strong>Freidora 90,000BTU<\/strong><\/p>\n<p>\u2022 Termostato importado de alta calidad, control de temperatura<br \/>\nentre 93\u00b0C \u2013 205\u00b0C (200\u00b0F \u2013 400\u00b0F)<br \/>\n\u2022 Estructura de acero inoxidable, material duradero, resistente a la<br \/>\ncorrosi\u00f3n y f\u00e1cil de lavar<br \/>\n\u2022 Estructura simple y razonable, f\u00e1cil de manipular y mantener<br \/>\n\u2022 Quemadores de alta resistencia, con una llama estable, pilotos<br \/>\nde reserva<br \/>\n\u2022 V\u00e1lvula de seguridad con una funci\u00f3n de estabilizaci\u00f3n<br \/>\nautom\u00e1tica de voltaje<br \/>\n\u2022 Dispositivo limitador de alta temperatura de reinicio autom\u00e1tico<br \/>\n\u2022 Canastas niqueladas\/incluyen malla para migajas de malla de alambre<br \/>\n\u2022 Patas de acero inoxidable ajustables<br \/>\n\u2022 Zona de enfriamiento de aceite asentada en el fondo del tanque,<br \/>\npara evitar la influencia de los residuos de alimentos<br \/>\n\u2022 M\u00faltiple de entrada de gas NPT de 19 mm (3\/4\u2033)<\/p>\n","protected":false},"featured_media":6155,"comment_status":"open","ping_status":"closed","template":"","meta":{"_coblocks_attr":"","_coblocks_dimensions":"","_coblocks_responsive_height":"","_coblocks_accordion_ie_support":""},"product_cat":[175,197],"product_tag":[],"class_list":{"0":"post-6152","1":"product","2":"type-product","3":"status-publish","4":"has-post-thumbnail","6":"product_cat-freidoras","7":"product_cat-sparta-imports-freidoras","8":"badges-style-2","10":"first","11":"instock","12":"featured","13":"shipping-taxable","14":"purchasable","15":"product-type-simple"},"yoast_head":"<!-- This site is optimized with the Yoast SEO plugin v23.8 - https:\/\/yoast.com\/wordpress\/plugins\/seo\/ -->\n<title>Freidora 90,000BTU - Sparta Imports \/ Equipos<\/title>\n<meta name=\"robots\" content=\"index, follow, max-snippet:-1, max-image-preview:large, max-video-preview:-1\" \/>\n<link rel=\"canonical\" href=\"https:\/\/www.sparta-imports.com\/equipos\/producto\/freidora-90000btu\/\" \/>\n<meta property=\"og:locale\" content=\"es_ES\" \/>\n<meta property=\"og:type\" content=\"article\" \/>\n<meta property=\"og:title\" content=\"Freidora 90,000BTU - Sparta Imports \/ Equipos\" \/>\n<meta property=\"og:description\" content=\"Freidora 90,000BTU  \u2022 Termostato importado de alta calidad, control de temperatura entre 93\u00b0C \u2013 205\u00b0C (200\u00b0F \u2013 400\u00b0F) \u2022 Estructura de acero inoxidable, material duradero, resistente a la corrosi\u00f3n y f\u00e1cil de lavar \u2022 Estructura simple y razonable, f\u00e1cil de manipular y mantener \u2022 Quemadores de alta resistencia, con una llama estable, pilotos de reserva \u2022 V\u00e1lvula de seguridad con una funci\u00f3n de estabilizaci\u00f3n autom\u00e1tica de voltaje \u2022 Dispositivo limitador de alta temperatura de reinicio autom\u00e1tico \u2022 Canastas niqueladas\/incluyen malla para migajas de malla de alambre \u2022 Patas de acero inoxidable ajustables \u2022 Zona de enfriamiento de aceite asentada en el fondo del tanque, para evitar la influencia de los residuos de alimentos \u2022 M\u00faltiple de entrada de gas NPT de 19 mm (3\/4\u2033)\" \/>\n<meta property=\"og:url\" content=\"https:\/\/www.sparta-imports.com\/equipos\/producto\/freidora-90000btu\/\" \/>\n<meta property=\"og:site_name\" content=\"Sparta Imports \/ Equipos\" \/>\n<meta property=\"article:modified_time\" content=\"2023-11-09T19:54:19+00:00\" \/>\n<meta property=\"og:image\" content=\"https:\/\/www.sparta-imports.com\/equipos\/wp-content\/uploads\/2020\/10\/41-FREIDORA-SI-ATFS-40-ATFS-50.jpg\" \/>\n\t<meta property=\"og:image:width\" content=\"800\" \/>\n\t<meta property=\"og:image:height\" content=\"800\" \/>\n\t<meta property=\"og:image:type\" content=\"image\/jpeg\" \/>\n<meta name=\"twitter:card\" content=\"summary_large_image\" \/>\n<meta name=\"twitter:label1\" content=\"Tiempo de lectura\" \/>\n\t<meta name=\"twitter:data1\" content=\"1 minuto\" \/>\n<script type=\"application\/ld+json\" class=\"yoast-schema-graph\">{\"@context\":\"https:\/\/schema.org\",\"@graph\":[{\"@type\":\"WebPage\",\"@id\":\"https:\/\/www.sparta-imports.com\/equipos\/producto\/freidora-90000btu\/\",\"url\":\"https:\/\/www.sparta-imports.com\/equipos\/producto\/freidora-90000btu\/\",\"name\":\"Freidora 90,000BTU - Sparta Imports \/ Equipos\",\"isPartOf\":{\"@id\":\"https:\/\/www.sparta-imports.com\/equipos\/#website\"},\"primaryImageOfPage\":{\"@id\":\"https:\/\/www.sparta-imports.com\/equipos\/producto\/freidora-90000btu\/#primaryimage\"},\"image\":{\"@id\":\"https:\/\/www.sparta-imports.com\/equipos\/producto\/freidora-90000btu\/#primaryimage\"},\"thumbnailUrl\":\"https:\/\/www.sparta-imports.com\/equipos\/wp-content\/uploads\/2020\/10\/41-FREIDORA-SI-ATFS-40-ATFS-50.jpg\",\"datePublished\":\"2020-10-03T18:37:39+00:00\",\"dateModified\":\"2023-11-09T19:54:19+00:00\",\"breadcrumb\":{\"@id\":\"https:\/\/www.sparta-imports.com\/equipos\/producto\/freidora-90000btu\/#breadcrumb\"},\"inLanguage\":\"es\",\"potentialAction\":[{\"@type\":\"ReadAction\",\"target\":[\"https:\/\/www.sparta-imports.com\/equipos\/producto\/freidora-90000btu\/\"]}]},{\"@type\":\"ImageObject\",\"inLanguage\":\"es\",\"@id\":\"https:\/\/www.sparta-imports.com\/equipos\/producto\/freidora-90000btu\/#primaryimage\",\"url\":\"https:\/\/www.sparta-imports.com\/equipos\/wp-content\/uploads\/2020\/10\/41-FREIDORA-SI-ATFS-40-ATFS-50.jpg\",\"contentUrl\":\"https:\/\/www.sparta-imports.com\/equipos\/wp-content\/uploads\/2020\/10\/41-FREIDORA-SI-ATFS-40-ATFS-50.jpg\",\"width\":800,\"height\":800},{\"@type\":\"BreadcrumbList\",\"@id\":\"https:\/\/www.sparta-imports.com\/equipos\/producto\/freidora-90000btu\/#breadcrumb\",\"itemListElement\":[{\"@type\":\"ListItem\",\"position\":1,\"name\":\"Home\",\"item\":\"https:\/\/www.sparta-imports.com\/equipos\/\"},{\"@type\":\"ListItem\",\"position\":2,\"name\":\"Shop\",\"item\":\"https:\/\/www.sparta-imports.com\/equipos\/shop\/\"},{\"@type\":\"ListItem\",\"position\":3,\"name\":\"Freidora 90,000BTU\"}]},{\"@type\":\"WebSite\",\"@id\":\"https:\/\/www.sparta-imports.com\/equipos\/#website\",\"url\":\"https:\/\/www.sparta-imports.com\/equipos\/\",\"name\":\"Sparta Imports \/ Equipos\",\"description\":\"\",\"publisher\":{\"@id\":\"https:\/\/www.sparta-imports.com\/equipos\/#organization\"},\"potentialAction\":[{\"@type\":\"SearchAction\",\"target\":{\"@type\":\"EntryPoint\",\"urlTemplate\":\"https:\/\/www.sparta-imports.com\/equipos\/?s={search_term_string}\"},\"query-input\":{\"@type\":\"PropertyValueSpecification\",\"valueRequired\":true,\"valueName\":\"search_term_string\"}}],\"inLanguage\":\"es\"},{\"@type\":\"Organization\",\"@id\":\"https:\/\/www.sparta-imports.com\/equipos\/#organization\",\"name\":\"Sparta Imports \/ Equipos\",\"url\":\"https:\/\/www.sparta-imports.com\/equipos\/\",\"logo\":{\"@type\":\"ImageObject\",\"inLanguage\":\"es\",\"@id\":\"https:\/\/www.sparta-imports.com\/equipos\/#\/schema\/logo\/image\/\",\"url\":\"https:\/\/www.sparta-imports.com\/equipos\/wp-content\/uploads\/2015\/10\/cropped-Banner-Sparta-Import-Encabezado-Web-C.png\",\"contentUrl\":\"https:\/\/www.sparta-imports.com\/equipos\/wp-content\/uploads\/2015\/10\/cropped-Banner-Sparta-Import-Encabezado-Web-C.png\",\"width\":775,\"height\":272,\"caption\":\"Sparta Imports \/ Equipos\"},\"image\":{\"@id\":\"https:\/\/www.sparta-imports.com\/equipos\/#\/schema\/logo\/image\/\"}}]}<\/script>\n<!-- \/ Yoast SEO plugin. -->","yoast_head_json":{"title":"Freidora 90,000BTU - Sparta Imports \/ Equipos","robots":{"index":"index","follow":"follow","max-snippet":"max-snippet:-1","max-image-preview":"max-image-preview:large","max-video-preview":"max-video-preview:-1"},"canonical":"https:\/\/www.sparta-imports.com\/equipos\/producto\/freidora-90000btu\/","og_locale":"es_ES","og_type":"article","og_title":"Freidora 90,000BTU - Sparta Imports \/ Equipos","og_description":"Freidora 90,000BTU  \u2022 Termostato importado de alta calidad, control de temperatura entre 93\u00b0C \u2013 205\u00b0C (200\u00b0F \u2013 400\u00b0F) \u2022 Estructura de acero inoxidable, material duradero, resistente a la corrosi\u00f3n y f\u00e1cil de lavar \u2022 Estructura simple y razonable, f\u00e1cil de manipular y mantener \u2022 Quemadores de alta resistencia, con una llama estable, pilotos de reserva \u2022 V\u00e1lvula de seguridad con una funci\u00f3n de estabilizaci\u00f3n autom\u00e1tica de voltaje \u2022 Dispositivo limitador de alta temperatura de reinicio autom\u00e1tico \u2022 Canastas niqueladas\/incluyen malla para migajas de malla de alambre \u2022 Patas de acero inoxidable ajustables \u2022 Zona de enfriamiento de aceite asentada en el fondo del tanque, para evitar la influencia de los residuos de alimentos \u2022 M\u00faltiple de entrada de gas NPT de 19 mm (3\/4\u2033)","og_url":"https:\/\/www.sparta-imports.com\/equipos\/producto\/freidora-90000btu\/","og_site_name":"Sparta Imports \/ Equipos","article_modified_time":"2023-11-09T19:54:19+00:00","og_image":[{"width":800,"height":800,"url":"https:\/\/www.sparta-imports.com\/equipos\/wp-content\/uploads\/2020\/10\/41-FREIDORA-SI-ATFS-40-ATFS-50.jpg","type":"image\/jpeg"}],"twitter_card":"summary_large_image","twitter_misc":{"Tiempo de lectura":"1 minuto"},"schema":{"@context":"https:\/\/schema.org","@graph":[{"@type":"WebPage","@id":"https:\/\/www.sparta-imports.com\/equipos\/producto\/freidora-90000btu\/","url":"https:\/\/www.sparta-imports.com\/equipos\/producto\/freidora-90000btu\/","name":"Freidora 90,000BTU - Sparta Imports \/ Equipos","isPartOf":{"@id":"https:\/\/www.sparta-imports.com\/equipos\/#website"},"primaryImageOfPage":{"@id":"https:\/\/www.sparta-imports.com\/equipos\/producto\/freidora-90000btu\/#primaryimage"},"image":{"@id":"https:\/\/www.sparta-imports.com\/equipos\/producto\/freidora-90000btu\/#primaryimage"},"thumbnailUrl":"https:\/\/www.sparta-imports.com\/equipos\/wp-content\/uploads\/2020\/10\/41-FREIDORA-SI-ATFS-40-ATFS-50.jpg","datePublished":"2020-10-03T18:37:39+00:00","dateModified":"2023-11-09T19:54:19+00:00","breadcrumb":{"@id":"https:\/\/www.sparta-imports.com\/equipos\/producto\/freidora-90000btu\/#breadcrumb"},"inLanguage":"es","potentialAction":[{"@type":"ReadAction","target":["https:\/\/www.sparta-imports.com\/equipos\/producto\/freidora-90000btu\/"]}]},{"@type":"ImageObject","inLanguage":"es","@id":"https:\/\/www.sparta-imports.com\/equipos\/producto\/freidora-90000btu\/#primaryimage","url":"https:\/\/www.sparta-imports.com\/equipos\/wp-content\/uploads\/2020\/10\/41-FREIDORA-SI-ATFS-40-ATFS-50.jpg","contentUrl":"https:\/\/www.sparta-imports.com\/equipos\/wp-content\/uploads\/2020\/10\/41-FREIDORA-SI-ATFS-40-ATFS-50.jpg","width":800,"height":800},{"@type":"BreadcrumbList","@id":"https:\/\/www.sparta-imports.com\/equipos\/producto\/freidora-90000btu\/#breadcrumb","itemListElement":[{"@type":"ListItem","position":1,"name":"Home","item":"https:\/\/www.sparta-imports.com\/equipos\/"},{"@type":"ListItem","position":2,"name":"Shop","item":"https:\/\/www.sparta-imports.com\/equipos\/shop\/"},{"@type":"ListItem","position":3,"name":"Freidora 90,000BTU"}]},{"@type":"WebSite","@id":"https:\/\/www.sparta-imports.com\/equipos\/#website","url":"https:\/\/www.sparta-imports.com\/equipos\/","name":"Sparta Imports \/ Equipos","description":"","publisher":{"@id":"https:\/\/www.sparta-imports.com\/equipos\/#organization"},"potentialAction":[{"@type":"SearchAction","target":{"@type":"EntryPoint","urlTemplate":"https:\/\/www.sparta-imports.com\/equipos\/?s={search_term_string}"},"query-input":{"@type":"PropertyValueSpecification","valueRequired":true,"valueName":"search_term_string"}}],"inLanguage":"es"},{"@type":"Organization","@id":"https:\/\/www.sparta-imports.com\/equipos\/#organization","name":"Sparta Imports \/ Equipos","url":"https:\/\/www.sparta-imports.com\/equipos\/","logo":{"@type":"ImageObject","inLanguage":"es","@id":"https:\/\/www.sparta-imports.com\/equipos\/#\/schema\/logo\/image\/","url":"https:\/\/www.sparta-imports.com\/equipos\/wp-content\/uploads\/2015\/10\/cropped-Banner-Sparta-Import-Encabezado-Web-C.png","contentUrl":"https:\/\/www.sparta-imports.com\/equipos\/wp-content\/uploads\/2015\/10\/cropped-Banner-Sparta-Import-Encabezado-Web-C.png","width":775,"height":272,"caption":"Sparta Imports \/ Equipos"},"image":{"@id":"https:\/\/www.sparta-imports.com\/equipos\/#\/schema\/logo\/image\/"}}]}},"_links":{"self":[{"href":"https:\/\/www.sparta-imports.com\/equipos\/wp-json\/wp\/v2\/product\/6152"}],"collection":[{"href":"https:\/\/www.sparta-imports.com\/equipos\/wp-json\/wp\/v2\/product"}],"about":[{"href":"https:\/\/www.sparta-imports.com\/equipos\/wp-json\/wp\/v2\/types\/product"}],"replies":[{"embeddable":true,"href":"https:\/\/www.sparta-imports.com\/equipos\/wp-json\/wp\/v2\/comments?post=6152"}],"wp:featuredmedia":[{"embeddable":true,"href":"https:\/\/www.sparta-imports.com\/equipos\/wp-json\/wp\/v2\/media\/6155"}],"wp:attachment":[{"href":"https:\/\/www.sparta-imports.com\/equipos\/wp-json\/wp\/v2\/media?parent=6152"}],"wp:term":[{"taxonomy":"product_cat","embeddable":true,"href":"https:\/\/www.sparta-imports.com\/equipos\/wp-json\/wp\/v2\/product_cat?post=6152"},{"taxonomy":"product_tag","embeddable":true,"href":"https:\/\/www.sparta-imports.com\/equipos\/wp-json\/wp\/v2\/product_tag?post=6152"}],"curies":[{"name":"wp","href":"https:\/\/api.w.org\/{rel}","templated":true}]}}