{"id":6000,"date":"2020-02-11T18:28:17","date_gmt":"2020-02-11T23:28:17","guid":{"rendered":"https:\/\/www.sparta-imports.com\/equipos\/?post_type=product&#038;p=6000"},"modified":"2024-01-02T16:37:21","modified_gmt":"2024-01-02T21:37:21","slug":"batidora-globe","status":"publish","type":"product","link":"https:\/\/www.sparta-imports.com\/equipos\/producto\/batidora-globe\/","title":{"rendered":"Amasadora Volcable Ferneto &#8211; ABX450"},"content":{"rendered":"<p><strong>AMASADORA VOLCABLE<\/strong><\/p>\n<div>\u2022 55-100% hidrataci\u00f3n: excelente oxigenaci\u00f3n y incorporaci\u00f3n de agua en la masa<\/div>\n<div>\u2022 Standard &#8211; estructura en acero carbono pintada\u00a0en blanco<\/div>\n<div>\u2022 2 velocidades sincronizadas (gancho y artesa)<\/div>\n<div>\u2022 Artesa con cilindro central<\/div>\n<div>\u2022 Permite amasar 5% de la capacidad total de la artesa<\/div>\n<div>\u2022 Desag\u00fce<\/div>\n<div>\u2022 IT1 &#8211; Inversor de artesa<\/div>\n<div>\u2022 Mandos digitales<\/div>\n<div>\u2022 TTP &#8211; Tapa de seguridad en pol\u00edmero t\u00e9cnico<\/div>\n<div>\u2022 Gancho en espiral en acero inoxidable<\/div>\n<div>\u2022 CE<\/div>\n<div>\n<div>\u2022 Capacidad: harina (Kg)-(lb) Min 4 (8,82) Max 80 (176,37)<\/div>\n<div>\u2022 Capacidad \u2013 masa (Kg)-(lb) Min 6,5 (14,33) Max 130 (286,60)<\/div>\n<div>\u2022 Capacidad \u2013 volumen (l) 190<\/div>\n<div>\u2022 Potencia motor de la espiral (kW)-(hp) 3ph.400~230V.50~60Hz I Vel 5,5 (7,5) II Vel 8,8 (12) Vel. variable 7,5 (10)<\/div>\n<div>\u2022 Potencia motor de la artesa (kW)-(hp) 3ph.400~230V.50~60Hz I Vel 0,55 (0,75) II Vel 2,2 (3) Vel. variable 2,2 (3)<\/div>\n<div>\u2022 Potencia sistema hidr\u00e1ulico (kW)-(hp) 3ph.400~230V.50~60Hz 1,50 (2)<\/div>\n<div>\u2022 Peso neto (Kg)-(lb) 1325 (2921,10)<\/div>\n<div>\u2022 Capacidade m\u00e1x. elevaci\u00f3n (Kg)-(lb) 300 (661,38)<\/div>\n<\/div>\n","protected":false},"excerpt":{"rendered":"<p>AMASADORA VOLCABLE \u2022 55-100% hidrataci\u00f3n: excelente oxigenaci\u00f3n y incorporaci\u00f3n de agua en la masa \u2022 Standard &#8211; estructura en acero carbono pintada\u00a0en blanco \u2022 2 velocidades sincronizadas (gancho y artesa) \u2022 Artesa con cilindro central \u2022 Permite amasar 5% de la capacidad total de la artesa \u2022 Desag\u00fce \u2022 IT1 &#8211; Inversor de artesa \u2022 Mandos digitales \u2022 TTP &#8211; Tapa de seguridad en pol\u00edmero t\u00e9cnico \u2022 Gancho en espiral en acero inoxidable \u2022 CE \u2022 Capacidad: harina (Kg)-(lb) Min 4 (8,82) Max 80 (176,37) \u2022 Capacidad \u2013 masa (Kg)-(lb) Min 6,5 (14,33) Max 130 (286,60) \u2022 Capacidad \u2013 volumen (l) 190 \u2022 Potencia motor de la espiral (kW)-(hp) 3ph.400~230V.50~60Hz I Vel 5,5 (7,5) II Vel 8,8 (12) Vel. variable 7,5 (10) \u2022 Potencia motor de la artesa (kW)-(hp) 3ph.400~230V.50~60Hz I Vel 0,55 (0,75) II Vel 2,2 (3) Vel. variable 2,2 (3) \u2022 Potencia sistema hidr\u00e1ulico (kW)-(hp) 3ph.400~230V.50~60Hz 1,50 (2) \u2022 Peso neto (Kg)-(lb) 1325 (2921,10) \u2022 Capacidade m\u00e1x. elevaci\u00f3n (Kg)-(lb) 300 (661,38)<\/p>\n","protected":false},"featured_media":6594,"comment_status":"open","ping_status":"closed","template":"","meta":{"_coblocks_attr":"","_coblocks_dimensions":"","_coblocks_responsive_height":"","_coblocks_accordion_ie_support":""},"product_cat":[190,166],"product_tag":[],"class_list":{"0":"post-6000","1":"product","2":"type-product","3":"status-publish","4":"has-post-thumbnail","6":"product_cat-amasadoras","7":"product_cat-panaderias-y-pizzerias","8":"badges-style-2","10":"first","11":"instock","12":"shipping-taxable","13":"product-type-simple"},"yoast_head":"<!-- This site is optimized with the Yoast SEO plugin v23.8 - https:\/\/yoast.com\/wordpress\/plugins\/seo\/ -->\n<title>Amasadora Volcable Ferneto - ABX450 - Sparta Imports \/ Equipos<\/title>\n<meta name=\"robots\" content=\"index, follow, max-snippet:-1, max-image-preview:large, max-video-preview:-1\" \/>\n<link rel=\"canonical\" href=\"https:\/\/www.sparta-imports.com\/equipos\/producto\/batidora-globe\/\" \/>\n<meta property=\"og:locale\" content=\"es_ES\" \/>\n<meta property=\"og:type\" content=\"article\" \/>\n<meta property=\"og:title\" content=\"Amasadora Volcable Ferneto - ABX450 - Sparta Imports \/ Equipos\" \/>\n<meta property=\"og:description\" content=\"AMASADORA VOLCABLE \u2022 55-100% hidrataci\u00f3n: excelente oxigenaci\u00f3n y incorporaci\u00f3n de agua en la masa \u2022 Standard &#8211; estructura en acero carbono pintada\u00a0en blanco \u2022 2 velocidades sincronizadas (gancho y artesa) \u2022 Artesa con cilindro central \u2022 Permite amasar 5% de la capacidad total de la artesa \u2022 Desag\u00fce \u2022 IT1 &#8211; Inversor de artesa \u2022 Mandos digitales \u2022 TTP &#8211; Tapa de seguridad en pol\u00edmero t\u00e9cnico \u2022 Gancho en espiral en acero inoxidable \u2022 CE \u2022 Capacidad: harina (Kg)-(lb) Min 4 (8,82) Max 80 (176,37) \u2022 Capacidad \u2013 masa (Kg)-(lb) Min 6,5 (14,33) Max 130 (286,60) \u2022 Capacidad \u2013 volumen (l) 190 \u2022 Potencia motor de la espiral (kW)-(hp) 3ph.400~230V.50~60Hz I Vel 5,5 (7,5) II Vel 8,8 (12) Vel. variable 7,5 (10) \u2022 Potencia motor de la artesa (kW)-(hp) 3ph.400~230V.50~60Hz I Vel 0,55 (0,75) II Vel 2,2 (3) Vel. variable 2,2 (3) \u2022 Potencia sistema hidr\u00e1ulico (kW)-(hp) 3ph.400~230V.50~60Hz 1,50 (2) \u2022 Peso neto (Kg)-(lb) 1325 (2921,10) \u2022 Capacidade m\u00e1x. elevaci\u00f3n (Kg)-(lb) 300 (661,38)\" \/>\n<meta property=\"og:url\" content=\"https:\/\/www.sparta-imports.com\/equipos\/producto\/batidora-globe\/\" \/>\n<meta property=\"og:site_name\" content=\"Sparta Imports \/ Equipos\" \/>\n<meta property=\"article:modified_time\" content=\"2024-01-02T21:37:21+00:00\" \/>\n<meta property=\"og:image\" content=\"https:\/\/www.sparta-imports.com\/equipos\/wp-content\/uploads\/2020\/02\/Amazadora-ABX480.jpg\" \/>\n\t<meta property=\"og:image:width\" content=\"800\" \/>\n\t<meta property=\"og:image:height\" content=\"800\" \/>\n\t<meta property=\"og:image:type\" content=\"image\/jpeg\" \/>\n<meta name=\"twitter:card\" content=\"summary_large_image\" \/>\n<meta name=\"twitter:label1\" content=\"Tiempo de lectura\" \/>\n\t<meta name=\"twitter:data1\" content=\"1 minuto\" \/>\n<script type=\"application\/ld+json\" class=\"yoast-schema-graph\">{\"@context\":\"https:\/\/schema.org\",\"@graph\":[{\"@type\":\"WebPage\",\"@id\":\"https:\/\/www.sparta-imports.com\/equipos\/producto\/batidora-globe\/\",\"url\":\"https:\/\/www.sparta-imports.com\/equipos\/producto\/batidora-globe\/\",\"name\":\"Amasadora Volcable Ferneto - ABX450 - Sparta Imports \/ Equipos\",\"isPartOf\":{\"@id\":\"https:\/\/www.sparta-imports.com\/equipos\/#website\"},\"primaryImageOfPage\":{\"@id\":\"https:\/\/www.sparta-imports.com\/equipos\/producto\/batidora-globe\/#primaryimage\"},\"image\":{\"@id\":\"https:\/\/www.sparta-imports.com\/equipos\/producto\/batidora-globe\/#primaryimage\"},\"thumbnailUrl\":\"https:\/\/www.sparta-imports.com\/equipos\/wp-content\/uploads\/2020\/02\/Amazadora-ABX480.jpg\",\"datePublished\":\"2020-02-11T23:28:17+00:00\",\"dateModified\":\"2024-01-02T21:37:21+00:00\",\"breadcrumb\":{\"@id\":\"https:\/\/www.sparta-imports.com\/equipos\/producto\/batidora-globe\/#breadcrumb\"},\"inLanguage\":\"es\",\"potentialAction\":[{\"@type\":\"ReadAction\",\"target\":[\"https:\/\/www.sparta-imports.com\/equipos\/producto\/batidora-globe\/\"]}]},{\"@type\":\"ImageObject\",\"inLanguage\":\"es\",\"@id\":\"https:\/\/www.sparta-imports.com\/equipos\/producto\/batidora-globe\/#primaryimage\",\"url\":\"https:\/\/www.sparta-imports.com\/equipos\/wp-content\/uploads\/2020\/02\/Amazadora-ABX480.jpg\",\"contentUrl\":\"https:\/\/www.sparta-imports.com\/equipos\/wp-content\/uploads\/2020\/02\/Amazadora-ABX480.jpg\",\"width\":800,\"height\":800},{\"@type\":\"BreadcrumbList\",\"@id\":\"https:\/\/www.sparta-imports.com\/equipos\/producto\/batidora-globe\/#breadcrumb\",\"itemListElement\":[{\"@type\":\"ListItem\",\"position\":1,\"name\":\"Home\",\"item\":\"https:\/\/www.sparta-imports.com\/equipos\/\"},{\"@type\":\"ListItem\",\"position\":2,\"name\":\"Shop\",\"item\":\"https:\/\/www.sparta-imports.com\/equipos\/shop\/\"},{\"@type\":\"ListItem\",\"position\":3,\"name\":\"Amasadora Volcable Ferneto &#8211; ABX450\"}]},{\"@type\":\"WebSite\",\"@id\":\"https:\/\/www.sparta-imports.com\/equipos\/#website\",\"url\":\"https:\/\/www.sparta-imports.com\/equipos\/\",\"name\":\"Sparta Imports \/ Equipos\",\"description\":\"\",\"publisher\":{\"@id\":\"https:\/\/www.sparta-imports.com\/equipos\/#organization\"},\"potentialAction\":[{\"@type\":\"SearchAction\",\"target\":{\"@type\":\"EntryPoint\",\"urlTemplate\":\"https:\/\/www.sparta-imports.com\/equipos\/?s={search_term_string}\"},\"query-input\":{\"@type\":\"PropertyValueSpecification\",\"valueRequired\":true,\"valueName\":\"search_term_string\"}}],\"inLanguage\":\"es\"},{\"@type\":\"Organization\",\"@id\":\"https:\/\/www.sparta-imports.com\/equipos\/#organization\",\"name\":\"Sparta Imports \/ Equipos\",\"url\":\"https:\/\/www.sparta-imports.com\/equipos\/\",\"logo\":{\"@type\":\"ImageObject\",\"inLanguage\":\"es\",\"@id\":\"https:\/\/www.sparta-imports.com\/equipos\/#\/schema\/logo\/image\/\",\"url\":\"https:\/\/www.sparta-imports.com\/equipos\/wp-content\/uploads\/2015\/10\/cropped-Banner-Sparta-Import-Encabezado-Web-C.png\",\"contentUrl\":\"https:\/\/www.sparta-imports.com\/equipos\/wp-content\/uploads\/2015\/10\/cropped-Banner-Sparta-Import-Encabezado-Web-C.png\",\"width\":775,\"height\":272,\"caption\":\"Sparta Imports \/ Equipos\"},\"image\":{\"@id\":\"https:\/\/www.sparta-imports.com\/equipos\/#\/schema\/logo\/image\/\"}}]}<\/script>\n<!-- \/ Yoast SEO plugin. -->","yoast_head_json":{"title":"Amasadora Volcable Ferneto - ABX450 - Sparta Imports \/ Equipos","robots":{"index":"index","follow":"follow","max-snippet":"max-snippet:-1","max-image-preview":"max-image-preview:large","max-video-preview":"max-video-preview:-1"},"canonical":"https:\/\/www.sparta-imports.com\/equipos\/producto\/batidora-globe\/","og_locale":"es_ES","og_type":"article","og_title":"Amasadora Volcable Ferneto - ABX450 - Sparta Imports \/ Equipos","og_description":"AMASADORA VOLCABLE \u2022 55-100% hidrataci\u00f3n: excelente oxigenaci\u00f3n y incorporaci\u00f3n de agua en la masa \u2022 Standard &#8211; estructura en acero carbono pintada\u00a0en blanco \u2022 2 velocidades sincronizadas (gancho y artesa) \u2022 Artesa con cilindro central \u2022 Permite amasar 5% de la capacidad total de la artesa \u2022 Desag\u00fce \u2022 IT1 &#8211; Inversor de artesa \u2022 Mandos digitales \u2022 TTP &#8211; Tapa de seguridad en pol\u00edmero t\u00e9cnico \u2022 Gancho en espiral en acero inoxidable \u2022 CE \u2022 Capacidad: harina (Kg)-(lb) Min 4 (8,82) Max 80 (176,37) \u2022 Capacidad \u2013 masa (Kg)-(lb) Min 6,5 (14,33) Max 130 (286,60) \u2022 Capacidad \u2013 volumen (l) 190 \u2022 Potencia motor de la espiral (kW)-(hp) 3ph.400~230V.50~60Hz I Vel 5,5 (7,5) II Vel 8,8 (12) Vel. variable 7,5 (10) \u2022 Potencia motor de la artesa (kW)-(hp) 3ph.400~230V.50~60Hz I Vel 0,55 (0,75) II Vel 2,2 (3) Vel. variable 2,2 (3) \u2022 Potencia sistema hidr\u00e1ulico (kW)-(hp) 3ph.400~230V.50~60Hz 1,50 (2) \u2022 Peso neto (Kg)-(lb) 1325 (2921,10) \u2022 Capacidade m\u00e1x. elevaci\u00f3n (Kg)-(lb) 300 (661,38)","og_url":"https:\/\/www.sparta-imports.com\/equipos\/producto\/batidora-globe\/","og_site_name":"Sparta Imports \/ Equipos","article_modified_time":"2024-01-02T21:37:21+00:00","og_image":[{"width":800,"height":800,"url":"https:\/\/www.sparta-imports.com\/equipos\/wp-content\/uploads\/2020\/02\/Amazadora-ABX480.jpg","type":"image\/jpeg"}],"twitter_card":"summary_large_image","twitter_misc":{"Tiempo de lectura":"1 minuto"},"schema":{"@context":"https:\/\/schema.org","@graph":[{"@type":"WebPage","@id":"https:\/\/www.sparta-imports.com\/equipos\/producto\/batidora-globe\/","url":"https:\/\/www.sparta-imports.com\/equipos\/producto\/batidora-globe\/","name":"Amasadora Volcable Ferneto - ABX450 - Sparta Imports \/ Equipos","isPartOf":{"@id":"https:\/\/www.sparta-imports.com\/equipos\/#website"},"primaryImageOfPage":{"@id":"https:\/\/www.sparta-imports.com\/equipos\/producto\/batidora-globe\/#primaryimage"},"image":{"@id":"https:\/\/www.sparta-imports.com\/equipos\/producto\/batidora-globe\/#primaryimage"},"thumbnailUrl":"https:\/\/www.sparta-imports.com\/equipos\/wp-content\/uploads\/2020\/02\/Amazadora-ABX480.jpg","datePublished":"2020-02-11T23:28:17+00:00","dateModified":"2024-01-02T21:37:21+00:00","breadcrumb":{"@id":"https:\/\/www.sparta-imports.com\/equipos\/producto\/batidora-globe\/#breadcrumb"},"inLanguage":"es","potentialAction":[{"@type":"ReadAction","target":["https:\/\/www.sparta-imports.com\/equipos\/producto\/batidora-globe\/"]}]},{"@type":"ImageObject","inLanguage":"es","@id":"https:\/\/www.sparta-imports.com\/equipos\/producto\/batidora-globe\/#primaryimage","url":"https:\/\/www.sparta-imports.com\/equipos\/wp-content\/uploads\/2020\/02\/Amazadora-ABX480.jpg","contentUrl":"https:\/\/www.sparta-imports.com\/equipos\/wp-content\/uploads\/2020\/02\/Amazadora-ABX480.jpg","width":800,"height":800},{"@type":"BreadcrumbList","@id":"https:\/\/www.sparta-imports.com\/equipos\/producto\/batidora-globe\/#breadcrumb","itemListElement":[{"@type":"ListItem","position":1,"name":"Home","item":"https:\/\/www.sparta-imports.com\/equipos\/"},{"@type":"ListItem","position":2,"name":"Shop","item":"https:\/\/www.sparta-imports.com\/equipos\/shop\/"},{"@type":"ListItem","position":3,"name":"Amasadora Volcable Ferneto &#8211; ABX450"}]},{"@type":"WebSite","@id":"https:\/\/www.sparta-imports.com\/equipos\/#website","url":"https:\/\/www.sparta-imports.com\/equipos\/","name":"Sparta Imports \/ Equipos","description":"","publisher":{"@id":"https:\/\/www.sparta-imports.com\/equipos\/#organization"},"potentialAction":[{"@type":"SearchAction","target":{"@type":"EntryPoint","urlTemplate":"https:\/\/www.sparta-imports.com\/equipos\/?s={search_term_string}"},"query-input":{"@type":"PropertyValueSpecification","valueRequired":true,"valueName":"search_term_string"}}],"inLanguage":"es"},{"@type":"Organization","@id":"https:\/\/www.sparta-imports.com\/equipos\/#organization","name":"Sparta Imports \/ Equipos","url":"https:\/\/www.sparta-imports.com\/equipos\/","logo":{"@type":"ImageObject","inLanguage":"es","@id":"https:\/\/www.sparta-imports.com\/equipos\/#\/schema\/logo\/image\/","url":"https:\/\/www.sparta-imports.com\/equipos\/wp-content\/uploads\/2015\/10\/cropped-Banner-Sparta-Import-Encabezado-Web-C.png","contentUrl":"https:\/\/www.sparta-imports.com\/equipos\/wp-content\/uploads\/2015\/10\/cropped-Banner-Sparta-Import-Encabezado-Web-C.png","width":775,"height":272,"caption":"Sparta Imports \/ Equipos"},"image":{"@id":"https:\/\/www.sparta-imports.com\/equipos\/#\/schema\/logo\/image\/"}}]}},"_links":{"self":[{"href":"https:\/\/www.sparta-imports.com\/equipos\/wp-json\/wp\/v2\/product\/6000"}],"collection":[{"href":"https:\/\/www.sparta-imports.com\/equipos\/wp-json\/wp\/v2\/product"}],"about":[{"href":"https:\/\/www.sparta-imports.com\/equipos\/wp-json\/wp\/v2\/types\/product"}],"replies":[{"embeddable":true,"href":"https:\/\/www.sparta-imports.com\/equipos\/wp-json\/wp\/v2\/comments?post=6000"}],"wp:featuredmedia":[{"embeddable":true,"href":"https:\/\/www.sparta-imports.com\/equipos\/wp-json\/wp\/v2\/media\/6594"}],"wp:attachment":[{"href":"https:\/\/www.sparta-imports.com\/equipos\/wp-json\/wp\/v2\/media?parent=6000"}],"wp:term":[{"taxonomy":"product_cat","embeddable":true,"href":"https:\/\/www.sparta-imports.com\/equipos\/wp-json\/wp\/v2\/product_cat?post=6000"},{"taxonomy":"product_tag","embeddable":true,"href":"https:\/\/www.sparta-imports.com\/equipos\/wp-json\/wp\/v2\/product_tag?post=6000"}],"curies":[{"name":"wp","href":"https:\/\/api.w.org\/{rel}","templated":true}]}}